{"id":7438,"date":"2022-08-28T05:28:12","date_gmt":"2022-08-28T05:28:12","guid":{"rendered":"https:\/\/www.bigreddxb.com\/datenschutzbestimmungen\/"},"modified":"2022-08-28T05:28:12","modified_gmt":"2022-08-28T05:28:12","slug":"datenschutzbestimmungen","status":"publish","type":"page","link":"https:\/\/www.bigreddxb.com\/de\/datenschutzbestimmungen\/","title":{"rendered":"Datenschutzbestimmungen"},"content":{"rendered":"<p>Alle Angaben zu Kredit-\/Debitkarten und pers\u00f6nlich identifizierbare Informationen werden NICHT gespeichert, verkauft, weitergegeben, vermietet oder verleast an Dritte.<\/p>\n<p>Big Red Adventure Tours gibt keine Debit-\/Kreditkartendaten an Dritte weiter.<\/p>\n<p>Big Red Adventure Tours unternimmt angemessene Schritte, um den Datenschutz und die Datensicherheit zu gew\u00e4hrleisten, unter anderem durch verschiedene Hardware- und Software-Methoden. Allerdings kann (www.bigreddxb.com) nicht f\u00fcr die Sicherheit von Informationen garantieren, die online weitergegeben werden.<\/p>\n<p>Big Red Adventure Tours ist nicht verantwortlich f\u00fcr die Datenschutzrichtlinien von Websites, auf die es verlinkt. Wenn Sie solchen Dritten Informationen zur Verf\u00fcgung stellen, gelten m\u00f6glicherweise andere Regeln f\u00fcr die Erfassung und Verwendung Ihrer pers\u00f6nlichen Daten. Sie sollten sich direkt an diese Einrichtungen wenden, wenn Sie Fragen zur Verwendung der von ihnen erfassten Daten haben.<\/p>\n<p>Die Website-Richtlinien und Gesch\u00e4ftsbedingungen k\u00f6nnen gelegentlich ge\u00e4ndert oder aktualisiert werden, um den Anforderungen und Standards zu entsprechen. Daher werden die Kunden ermutigt, diese Abschnitte regelm\u00e4\u00dfig zu besuchen, um sich \u00fcber die \u00c4nderungen auf der Website zu informieren. Die \u00c4nderungen werden an dem Tag wirksam, an dem sie ver\u00f6ffentlicht werden.<\/p>\n<p>Informationen gesammelt von Big Red Adventure Tours. Dies ist die Online-Datenschutzrichtlinie von Big Red Adventure Tours (&#8222;bigreddxb.com&#8220;) (&#8222;Richtlinie&#8220;). Diese Richtlinie gilt nur f\u00fcr Aktivit\u00e4ten, die bigreddxb.com auf seiner Website durchf\u00fchrt, und gilt nicht f\u00fcr www.bigreddxb.com Aktivit\u00e4ten, die &#8222;offline&#8220; oder nicht mit der Website verbunden sind.<\/p>\n<p>bigreddxb.com sammelt bestimmte anonyme Daten \u00fcber die Nutzung der Website. Diese Informationen dienen nicht der pers\u00f6nlichen Identifizierung von Nutzern, weder allein noch in Kombination mit anderen Informationen, und werden gesammelt, um die Leistung der Website zu verbessern. Die von der Website www.bigreddxb.com gesammelten anonymen Daten k\u00f6nnen Informationen wie die Art des von Ihnen verwendeten Browsers und die Dauer des Besuchs auf der Website enthalten. M\u00f6glicherweise werden Sie auf der Website bigreddxb.com auch aufgefordert, pers\u00f6nlich identifizierbare Informationen anzugeben, darunter Ihren Namen, Ihre Adresse, Telefonnummer und E-Mail-Adresse. Diese Informationen k\u00f6nnen gesammelt werden, wenn Feedback oder E-Mails an bigreddxb.com gesendet werden, wenn Sie sich f\u00fcr Dienste registrieren oder Eink\u00e4ufe \u00fcber die Website t\u00e4tigen. In all diesen F\u00e4llen haben Sie die M\u00f6glichkeit, uns pers\u00f6nlich identifizierbare Informationen zur Verf\u00fcgung zu stellen.<\/p>\n<p>Verwendung und Offenlegung von Informationen. Sofern unten nicht anders angegeben, verkaufen, tauschen oder vermieten wir Ihre auf der Website gesammelten personenbezogenen Daten nicht an Dritte. Die auf unserer Website gesammelten Informationen werden verwendet, um Bestellungen zu bearbeiten, um Sie \u00fcber den Status Ihrer Bestellung zu informieren, um Sie \u00fcber Produkte oder Sonderangebote zu informieren, die f\u00fcr Sie von Interesse sein k\u00f6nnten, und f\u00fcr statistische Zwecke zur Verbesserung unserer Website. Wir werden Ihre Lieferdaten an Dritte weitergeben, um Ihre Bestellung zu verfolgen, Ihren Scheck oder Ihre Zahlungsanweisung zu bearbeiten, Ihre Bestellung auszuf\u00fchren, die Funktionalit\u00e4t unserer Website zu verbessern, statistische Analysen und Datenanalysen durchzuf\u00fchren, Ihre Bestellung zu liefern und Ihnen Werbe-E-Mails zukommen zu lassen. So m\u00fcssen wir beispielsweise Ihre Postanschrift an den Lieferdienst weitergeben, um die von Ihnen bestellten Produkte zuzustellen.<\/p>\n<p>Alle Angaben zu Kredit-\/Debitkarten und pers\u00f6nlich identifizierbare Informationen werden NICHT gespeichert, verkauft, weitergegeben, vermietet oder verleast an Dritte.<\/p>\n<p>Kekse. Cookies sind kleine Datenbits, die im Browser des Nutzers zwischengespeichert werden. bigreddxb.com verwendet Cookies, um festzustellen, ob Sie die Homepage in der Vergangenheit besucht haben oder nicht. Es werden jedoch keine weiteren Benutzerinformationen gesammelt.<\/p>\n<p>bigreddxb.com kann nicht-personenbezogene &#8222;aggregierte Daten&#8220; verwenden, um den Betrieb unserer Website zu verbessern oder das Interesse an den Bereichen unserer Website zu analysieren. Wenn Sie bigreddxb.com Inhalte zur Ver\u00f6ffentlichung oder R\u00fcckmeldung zur Verf\u00fcgung stellen, k\u00f6nnen wir au\u00dferdem Ihren Benutzernamen oder andere identifizierende Daten mit Ihrer Erlaubnis ver\u00f6ffentlichen.<\/p>\n<p>bigreddxb.com kann auch pers\u00f6nlich identifizierbare Informationen offenlegen, um auf eine Vorladung, einen Gerichtsbeschluss oder eine andere derartige Anfrage zu reagieren. www.bigreddxb.com kann solche pers\u00f6nlich identifizierbaren Informationen auch auf Anfrage von Strafverfolgungsbeh\u00f6rden oder in anderen gesetzlich vorgeschriebenen F\u00e4llen zur Verf\u00fcgung stellen. Ihre pers\u00f6nlich identifizierbaren Daten k\u00f6nnen einer anderen Partei zur Verf\u00fcgung gestellt werden, wenn bigreddxb.com Konkurs anmeldet oder es eine \u00dcbertragung der Verm\u00f6genswerte oder des Eigentums von www.bigreddxb.com in Verbindung mit geplanten oder vollzogenen Unternehmensumstrukturierungen, wie Fusionen oder \u00dcbernahmen, gibt.<\/p>\n<p>Sicherheit. www.bigreddxb.com ergreift geeignete Ma\u00dfnahmen zur Gew\u00e4hrleistung des Datenschutzes und der Datensicherheit, unter anderem durch verschiedene Hardware- und Software-Methoden. www.bigreddxb.com kann jedoch nicht f\u00fcr die Sicherheit von Informationen garantieren, die online weitergegeben werden.<\/p>\n<p>Andere Websites. www.bigreddxb.com ist nicht verantwortlich f\u00fcr die Datenschutzrichtlinien von Websites, auf die es verlinkt. Wenn Sie solchen Dritten Informationen zur Verf\u00fcgung stellen, gelten m\u00f6glicherweise andere Regeln f\u00fcr die Erfassung und Verwendung Ihrer pers\u00f6nlichen Daten. Wir empfehlen Ihnen dringend, die Datenschutzrichtlinien dieser Drittanbieter zu lesen, bevor Sie ihnen Daten zur Verf\u00fcgung stellen. Wir sind nicht verantwortlich f\u00fcr die Richtlinien oder Praktiken Dritter. Bitte beachten Sie, dass unsere Seiten Links zu anderen Seiten im Internet enthalten k\u00f6nnen, die Eigentum Dritter sind und von diesen betrieben werden. Die Informationspraktiken dieser Websites, die mit unserer Website verlinkt sind, werden von dieser Richtlinie nicht erfasst. Diese anderen Websites k\u00f6nnen ihre eigenen Cookies oder Clear GIFs an die Nutzer senden, Daten sammeln oder pers\u00f6nlich identifizierbare Informationen abfragen. Wir k\u00f6nnen diese Sammlung von Informationen nicht kontrollieren. Sie sollten sich direkt an diese Einrichtungen wenden, wenn Sie Fragen zur Verwendung der von ihnen erfassten Daten haben.<\/p>\n<p>Minderj\u00e4hrige. www.bigreddxb.com sammelt nicht wissentlich pers\u00f6nliche Daten von Minderj\u00e4hrigen unter 18 Jahren. Minderj\u00e4hrigen ist es nicht gestattet, die Website www.bigreddxb.com oder die Dienste zu nutzen, und www.bigreddxb.com bittet darum, dass Minderj\u00e4hrige unter 18 Jahren keine pers\u00f6nlichen Daten auf der Website angeben. Da Informationen \u00fcber Minderj\u00e4hrige unter 18 Jahren nicht gesammelt werden, gibt www.bigreddxb.com nicht wissentlich pers\u00f6nliche Informationen \u00fcber Minderj\u00e4hrige unter 18 Jahren weiter.<\/p>\n<p>Berichtigungen und Aktualisierungen. Wenn Sie Informationen, die Sie von www.bigreddxb.com erhalten haben, \u00e4ndern oder aktualisieren m\u00f6chten, wenden Sie sich bitte an info@bigreddxb.com<\/p>\n<p>\u00c4nderungen der Datenschutzpolitik. www.bigreddxb.com. Die Website-Politik und die Allgemeinen Gesch\u00e4ftsbedingungen werden gelegentlich ge\u00e4ndert oder aktualisiert, um den Anforderungen und Standards zu entsprechen. Daher wird den Kunden empfohlen, diese Abschnitte h\u00e4ufig zu besuchen, um sich \u00fcber die \u00c4nderungen auf der Website zu informieren. Die \u00c4nderungen werden an dem Tag wirksam, an dem sie ver\u00f6ffentlicht werden.<\/p>\n","protected":false},"excerpt":{"rendered":"<p>Alle Angaben zu Kredit-\/Debitkarten und pers\u00f6nlich identifizierbare Informationen werden NICHT gespeichert, verkauft, weitergegeben, vermietet oder verleast an Dritte. Big Red Adventure Tours gibt keine Debit-\/Kreditkartendaten an Dritte weiter. Big Red Adventure Tours unternimmt angemessene Schritte, um den Datenschutz und die Datensicherheit zu gew\u00e4hrleisten, unter anderem durch verschiedene Hardware- und Software-Methoden. Allerdings kann (www.bigreddxb.com) nicht f\u00fcr [&hellip;]<\/p>\n","protected":false},"author":1,"featured_media":0,"parent":0,"menu_order":0,"comment_status":"closed","ping_status":"closed","template":"","meta":{"_acf_changed":false,"_themeisle_gutenberg_block_has_review":false,"footnotes":""},"class_list":["post-7438","page","type-page","status-publish","hentry"],"acf":[],"yoast_head":"<!-- This site is optimized with the Yoast SEO Premium plugin v20.12 (Yoast SEO v27.5) - https:\/\/yoast.com\/product\/yoast-seo-premium-wordpress\/ -->\n<title>Datenschutzbestimmungen &#8211; Big Red Adventure Tours<\/title>\n<meta name=\"robots\" content=\"index, follow, max-snippet:-1, max-image-preview:large, max-video-preview:-1\" \/>\n<link rel=\"canonical\" href=\"https:\/\/www.bigreddxb.com\/de\/datenschutzbestimmungen\/\" \/>\n<meta property=\"og:locale\" content=\"de_DE\" \/>\n<meta property=\"og:type\" content=\"article\" \/>\n<meta property=\"og:title\" content=\"Datenschutzbestimmungen\" \/>\n<meta property=\"og:description\" content=\"Alle Angaben zu Kredit-\/Debitkarten und pers\u00f6nlich identifizierbare Informationen werden NICHT gespeichert, verkauft, weitergegeben, vermietet oder verleast an Dritte. Big Red Adventure Tours gibt keine Debit-\/Kreditkartendaten an Dritte weiter. Big Red Adventure Tours unternimmt angemessene Schritte, um den Datenschutz und die Datensicherheit zu gew\u00e4hrleisten, unter anderem durch verschiedene Hardware- und Software-Methoden. Allerdings kann (www.bigreddxb.com) nicht f\u00fcr [&hellip;]\" \/>\n<meta property=\"og:url\" content=\"https:\/\/www.bigreddxb.com\/de\/datenschutzbestimmungen\/\" \/>\n<meta property=\"og:site_name\" content=\"Big Red Adventure Tours\" \/>\n<meta name=\"twitter:card\" content=\"summary_large_image\" \/>\n<meta name=\"twitter:label1\" content=\"Gesch\u00e4tzte Lesezeit\" \/>\n\t<meta name=\"twitter:data1\" content=\"5\u00a0Minuten\" \/>\n<script type=\"application\/ld+json\" class=\"yoast-schema-graph\">{\"@context\":\"https:\\\/\\\/schema.org\",\"@graph\":[{\"@type\":\"WebPage\",\"@id\":\"https:\\\/\\\/www.bigreddxb.com\\\/de\\\/datenschutzbestimmungen\\\/\",\"url\":\"https:\\\/\\\/www.bigreddxb.com\\\/de\\\/datenschutzbestimmungen\\\/\",\"name\":\"Datenschutzbestimmungen &#8211; Big Red Adventure Tours\",\"isPartOf\":{\"@id\":\"https:\\\/\\\/www.bigreddxb.com\\\/de\\\/#website\"},\"datePublished\":\"2022-08-28T05:28:12+00:00\",\"breadcrumb\":{\"@id\":\"https:\\\/\\\/www.bigreddxb.com\\\/de\\\/datenschutzbestimmungen\\\/#breadcrumb\"},\"inLanguage\":\"de\",\"potentialAction\":[{\"@type\":\"ReadAction\",\"target\":[\"https:\\\/\\\/www.bigreddxb.com\\\/de\\\/datenschutzbestimmungen\\\/\"]}]},{\"@type\":\"BreadcrumbList\",\"@id\":\"https:\\\/\\\/www.bigreddxb.com\\\/de\\\/datenschutzbestimmungen\\\/#breadcrumb\",\"itemListElement\":[{\"@type\":\"ListItem\",\"position\":1,\"name\":\"Home\",\"item\":\"https:\\\/\\\/www.bigreddxb.com\\\/de\\\/startseite\\\/\"},{\"@type\":\"ListItem\",\"position\":2,\"name\":\"Datenschutzbestimmungen\"}]},{\"@type\":\"WebSite\",\"@id\":\"https:\\\/\\\/www.bigreddxb.com\\\/de\\\/#website\",\"url\":\"https:\\\/\\\/www.bigreddxb.com\\\/de\\\/\",\"name\":\"Big Red Adventure Tours\",\"description\":\"Buggy Tours in Dubai\",\"publisher\":{\"@id\":\"https:\\\/\\\/www.bigreddxb.com\\\/de\\\/#organization\"},\"potentialAction\":[{\"@type\":\"SearchAction\",\"target\":{\"@type\":\"EntryPoint\",\"urlTemplate\":\"https:\\\/\\\/www.bigreddxb.com\\\/de\\\/?s={search_term_string}\"},\"query-input\":{\"@type\":\"PropertyValueSpecification\",\"valueRequired\":true,\"valueName\":\"search_term_string\"}}],\"inLanguage\":\"de\"},{\"@type\":\"Organization\",\"@id\":\"https:\\\/\\\/www.bigreddxb.com\\\/de\\\/#organization\",\"name\":\"Big Red Adventure Tours\",\"url\":\"https:\\\/\\\/www.bigreddxb.com\\\/de\\\/\",\"logo\":{\"@type\":\"ImageObject\",\"inLanguage\":\"de\",\"@id\":\"https:\\\/\\\/www.bigreddxb.com\\\/de\\\/#\\\/schema\\\/logo\\\/image\\\/\",\"url\":\"https:\\\/\\\/www.bigreddxb.com\\\/wp-content\\\/uploads\\\/2022\\\/09\\\/Can-am-buggy-tours-bigreddxb.jpg\",\"contentUrl\":\"https:\\\/\\\/www.bigreddxb.com\\\/wp-content\\\/uploads\\\/2022\\\/09\\\/Can-am-buggy-tours-bigreddxb.jpg\",\"width\":384,\"height\":256,\"caption\":\"Big Red Adventure Tours\"},\"image\":{\"@id\":\"https:\\\/\\\/www.bigreddxb.com\\\/de\\\/#\\\/schema\\\/logo\\\/image\\\/\"},\"sameAs\":[\"https:\\\/\\\/www.instagram.com\\\/bigreddxb\\\/\"]}]}<\/script>\n<!-- \/ Yoast SEO Premium plugin. -->","yoast_head_json":{"title":"Datenschutzbestimmungen &#8211; Big Red Adventure Tours","robots":{"index":"index","follow":"follow","max-snippet":"max-snippet:-1","max-image-preview":"max-image-preview:large","max-video-preview":"max-video-preview:-1"},"canonical":"https:\/\/www.bigreddxb.com\/de\/datenschutzbestimmungen\/","og_locale":"de_DE","og_type":"article","og_title":"Datenschutzbestimmungen","og_description":"Alle Angaben zu Kredit-\/Debitkarten und pers\u00f6nlich identifizierbare Informationen werden NICHT gespeichert, verkauft, weitergegeben, vermietet oder verleast an Dritte. Big Red Adventure Tours gibt keine Debit-\/Kreditkartendaten an Dritte weiter. Big Red Adventure Tours unternimmt angemessene Schritte, um den Datenschutz und die Datensicherheit zu gew\u00e4hrleisten, unter anderem durch verschiedene Hardware- und Software-Methoden. Allerdings kann (www.bigreddxb.com) nicht f\u00fcr [&hellip;]","og_url":"https:\/\/www.bigreddxb.com\/de\/datenschutzbestimmungen\/","og_site_name":"Big Red Adventure Tours","twitter_card":"summary_large_image","twitter_misc":{"Gesch\u00e4tzte Lesezeit":"5\u00a0Minuten"},"schema":{"@context":"https:\/\/schema.org","@graph":[{"@type":"WebPage","@id":"https:\/\/www.bigreddxb.com\/de\/datenschutzbestimmungen\/","url":"https:\/\/www.bigreddxb.com\/de\/datenschutzbestimmungen\/","name":"Datenschutzbestimmungen &#8211; Big Red Adventure Tours","isPartOf":{"@id":"https:\/\/www.bigreddxb.com\/de\/#website"},"datePublished":"2022-08-28T05:28:12+00:00","breadcrumb":{"@id":"https:\/\/www.bigreddxb.com\/de\/datenschutzbestimmungen\/#breadcrumb"},"inLanguage":"de","potentialAction":[{"@type":"ReadAction","target":["https:\/\/www.bigreddxb.com\/de\/datenschutzbestimmungen\/"]}]},{"@type":"BreadcrumbList","@id":"https:\/\/www.bigreddxb.com\/de\/datenschutzbestimmungen\/#breadcrumb","itemListElement":[{"@type":"ListItem","position":1,"name":"Home","item":"https:\/\/www.bigreddxb.com\/de\/startseite\/"},{"@type":"ListItem","position":2,"name":"Datenschutzbestimmungen"}]},{"@type":"WebSite","@id":"https:\/\/www.bigreddxb.com\/de\/#website","url":"https:\/\/www.bigreddxb.com\/de\/","name":"Big Red Adventure Tours","description":"Buggy Tours in Dubai","publisher":{"@id":"https:\/\/www.bigreddxb.com\/de\/#organization"},"potentialAction":[{"@type":"SearchAction","target":{"@type":"EntryPoint","urlTemplate":"https:\/\/www.bigreddxb.com\/de\/?s={search_term_string}"},"query-input":{"@type":"PropertyValueSpecification","valueRequired":true,"valueName":"search_term_string"}}],"inLanguage":"de"},{"@type":"Organization","@id":"https:\/\/www.bigreddxb.com\/de\/#organization","name":"Big Red Adventure Tours","url":"https:\/\/www.bigreddxb.com\/de\/","logo":{"@type":"ImageObject","inLanguage":"de","@id":"https:\/\/www.bigreddxb.com\/de\/#\/schema\/logo\/image\/","url":"https:\/\/www.bigreddxb.com\/wp-content\/uploads\/2022\/09\/Can-am-buggy-tours-bigreddxb.jpg","contentUrl":"https:\/\/www.bigreddxb.com\/wp-content\/uploads\/2022\/09\/Can-am-buggy-tours-bigreddxb.jpg","width":384,"height":256,"caption":"Big Red Adventure Tours"},"image":{"@id":"https:\/\/www.bigreddxb.com\/de\/#\/schema\/logo\/image\/"},"sameAs":["https:\/\/www.instagram.com\/bigreddxb\/"]}]}},"_links":{"self":[{"href":"https:\/\/www.bigreddxb.com\/de\/wp-json\/wp\/v2\/pages\/7438","targetHints":{"allow":["GET"]}}],"collection":[{"href":"https:\/\/www.bigreddxb.com\/de\/wp-json\/wp\/v2\/pages"}],"about":[{"href":"https:\/\/www.bigreddxb.com\/de\/wp-json\/wp\/v2\/types\/page"}],"author":[{"embeddable":true,"href":"https:\/\/www.bigreddxb.com\/de\/wp-json\/wp\/v2\/users\/1"}],"replies":[{"embeddable":true,"href":"https:\/\/www.bigreddxb.com\/de\/wp-json\/wp\/v2\/comments?post=7438"}],"version-history":[{"count":0,"href":"https:\/\/www.bigreddxb.com\/de\/wp-json\/wp\/v2\/pages\/7438\/revisions"}],"wp:attachment":[{"href":"https:\/\/www.bigreddxb.com\/de\/wp-json\/wp\/v2\/media?parent=7438"}],"curies":[{"name":"wp","href":"https:\/\/api.w.org\/{rel}","templated":true}]}}