{"id":7440,"date":"2022-08-28T05:29:17","date_gmt":"2022-08-28T05:29:17","guid":{"rendered":"https:\/\/www.bigreddxb.com\/rueckerstattung-und-stornierung\/"},"modified":"2022-08-28T05:29:17","modified_gmt":"2022-08-28T05:29:17","slug":"rueckerstattung-und-stornierung","status":"publish","type":"page","link":"https:\/\/www.bigreddxb.com\/de\/rueckerstattung-und-stornierung\/","title":{"rendered":"R\u00fcckerstattung und Stornierung"},"content":{"rendered":"<p>R\u00fcckerstattung Sie k\u00f6nnen Ihre Buchung bis zu 48 Stunden vor dem Datum und der Uhrzeit der Tour stornieren und erhalten eine vollst\u00e4ndige R\u00fcckerstattung.<\/p>\n<p>Bei Stornierungen, die zwischen 24 und 48 Stunden vor der Tour erfolgen, werden 50 % der Kosten erstattet.<\/p>\n<p>Stornierungen, die weniger als 24 Stunden vor der Tour erfolgen, werden nicht erstattet.<br \/>\nWenn Sie sich f\u00fcr eine Tour anmelden, erkl\u00e4ren Sie sich mit diesen Bedingungen und Konditionen einverstanden.<\/p>\n<p>Alle Stornierungen m\u00fcssen direkt mit Big Red Adventure Tours vorgenommen werden.<\/p>\n<p>Eine Buchung ist erst dann offiziell storniert, wenn der Gast eine Best\u00e4tigung der Stornierung von info@bigreddxb.com erhalten hat.<\/p>\n<p>R\u00fcckerstattungen werden innerhalb von 7 bis 10 Tagen bearbeitet, abh\u00e4ngig von der Bank, die die Kreditkarte\/Debitkarte ausgestellt hat.<\/p>\n","protected":false},"excerpt":{"rendered":"<p>R\u00fcckerstattung Sie k\u00f6nnen Ihre Buchung bis zu 48 Stunden vor dem Datum und der Uhrzeit der Tour stornieren und erhalten eine vollst\u00e4ndige R\u00fcckerstattung. Bei Stornierungen, die zwischen 24 und 48 Stunden vor der Tour erfolgen, werden 50 % der Kosten erstattet. Stornierungen, die weniger als 24 Stunden vor der Tour erfolgen, werden nicht erstattet. Wenn [&hellip;]<\/p>\n","protected":false},"author":1,"featured_media":0,"parent":0,"menu_order":0,"comment_status":"closed","ping_status":"closed","template":"","meta":{"_acf_changed":false,"_themeisle_gutenberg_block_has_review":false,"footnotes":""},"class_list":["post-7440","page","type-page","status-publish","hentry"],"acf":[],"yoast_head":"<!-- This site is optimized with the Yoast SEO Premium plugin v20.12 (Yoast SEO v27.4) - https:\/\/yoast.com\/product\/yoast-seo-premium-wordpress\/ -->\n<title>R\u00fcckerstattung und Stornierung &#8211; Big Red Adventure Tours<\/title>\n<meta name=\"robots\" content=\"index, follow, max-snippet:-1, max-image-preview:large, max-video-preview:-1\" \/>\n<link rel=\"canonical\" href=\"https:\/\/www.bigreddxb.com\/de\/rueckerstattung-und-stornierung\/\" \/>\n<meta property=\"og:locale\" content=\"de_DE\" \/>\n<meta property=\"og:type\" content=\"article\" \/>\n<meta property=\"og:title\" content=\"R\u00fcckerstattung und Stornierung\" \/>\n<meta property=\"og:description\" content=\"R\u00fcckerstattung Sie k\u00f6nnen Ihre Buchung bis zu 48 Stunden vor dem Datum und der Uhrzeit der Tour stornieren und erhalten eine vollst\u00e4ndige R\u00fcckerstattung. Bei Stornierungen, die zwischen 24 und 48 Stunden vor der Tour erfolgen, werden 50 % der Kosten erstattet. Stornierungen, die weniger als 24 Stunden vor der Tour erfolgen, werden nicht erstattet. Wenn [&hellip;]\" \/>\n<meta property=\"og:url\" content=\"https:\/\/www.bigreddxb.com\/de\/rueckerstattung-und-stornierung\/\" \/>\n<meta property=\"og:site_name\" content=\"Big Red Adventure Tours\" \/>\n<meta name=\"twitter:card\" content=\"summary_large_image\" \/>\n<meta name=\"twitter:label1\" content=\"Gesch\u00e4tzte Lesezeit\" \/>\n\t<meta name=\"twitter:data1\" content=\"1\u00a0Minute\" \/>\n<script type=\"application\/ld+json\" class=\"yoast-schema-graph\">{\"@context\":\"https:\\\/\\\/schema.org\",\"@graph\":[{\"@type\":\"WebPage\",\"@id\":\"https:\\\/\\\/www.bigreddxb.com\\\/de\\\/rueckerstattung-und-stornierung\\\/\",\"url\":\"https:\\\/\\\/www.bigreddxb.com\\\/de\\\/rueckerstattung-und-stornierung\\\/\",\"name\":\"R\u00fcckerstattung und Stornierung &#8211; Big Red Adventure Tours\",\"isPartOf\":{\"@id\":\"https:\\\/\\\/www.bigreddxb.com\\\/de\\\/#website\"},\"datePublished\":\"2022-08-28T05:29:17+00:00\",\"breadcrumb\":{\"@id\":\"https:\\\/\\\/www.bigreddxb.com\\\/de\\\/rueckerstattung-und-stornierung\\\/#breadcrumb\"},\"inLanguage\":\"de\",\"potentialAction\":[{\"@type\":\"ReadAction\",\"target\":[\"https:\\\/\\\/www.bigreddxb.com\\\/de\\\/rueckerstattung-und-stornierung\\\/\"]}]},{\"@type\":\"BreadcrumbList\",\"@id\":\"https:\\\/\\\/www.bigreddxb.com\\\/de\\\/rueckerstattung-und-stornierung\\\/#breadcrumb\",\"itemListElement\":[{\"@type\":\"ListItem\",\"position\":1,\"name\":\"Home\",\"item\":\"https:\\\/\\\/www.bigreddxb.com\\\/de\\\/startseite\\\/\"},{\"@type\":\"ListItem\",\"position\":2,\"name\":\"R\u00fcckerstattung und Stornierung\"}]},{\"@type\":\"WebSite\",\"@id\":\"https:\\\/\\\/www.bigreddxb.com\\\/de\\\/#website\",\"url\":\"https:\\\/\\\/www.bigreddxb.com\\\/de\\\/\",\"name\":\"Big Red Adventure Tours\",\"description\":\"Buggy Tours in Dubai\",\"publisher\":{\"@id\":\"https:\\\/\\\/www.bigreddxb.com\\\/de\\\/#organization\"},\"potentialAction\":[{\"@type\":\"SearchAction\",\"target\":{\"@type\":\"EntryPoint\",\"urlTemplate\":\"https:\\\/\\\/www.bigreddxb.com\\\/de\\\/?s={search_term_string}\"},\"query-input\":{\"@type\":\"PropertyValueSpecification\",\"valueRequired\":true,\"valueName\":\"search_term_string\"}}],\"inLanguage\":\"de\"},{\"@type\":\"Organization\",\"@id\":\"https:\\\/\\\/www.bigreddxb.com\\\/de\\\/#organization\",\"name\":\"Big Red Adventure Tours\",\"url\":\"https:\\\/\\\/www.bigreddxb.com\\\/de\\\/\",\"logo\":{\"@type\":\"ImageObject\",\"inLanguage\":\"de\",\"@id\":\"https:\\\/\\\/www.bigreddxb.com\\\/de\\\/#\\\/schema\\\/logo\\\/image\\\/\",\"url\":\"https:\\\/\\\/www.bigreddxb.com\\\/wp-content\\\/uploads\\\/2022\\\/09\\\/Can-am-buggy-tours-bigreddxb.jpg\",\"contentUrl\":\"https:\\\/\\\/www.bigreddxb.com\\\/wp-content\\\/uploads\\\/2022\\\/09\\\/Can-am-buggy-tours-bigreddxb.jpg\",\"width\":384,\"height\":256,\"caption\":\"Big Red Adventure Tours\"},\"image\":{\"@id\":\"https:\\\/\\\/www.bigreddxb.com\\\/de\\\/#\\\/schema\\\/logo\\\/image\\\/\"},\"sameAs\":[\"https:\\\/\\\/www.instagram.com\\\/bigreddxb\\\/\"]}]}<\/script>\n<!-- \/ Yoast SEO Premium plugin. -->","yoast_head_json":{"title":"R\u00fcckerstattung und Stornierung &#8211; Big Red Adventure Tours","robots":{"index":"index","follow":"follow","max-snippet":"max-snippet:-1","max-image-preview":"max-image-preview:large","max-video-preview":"max-video-preview:-1"},"canonical":"https:\/\/www.bigreddxb.com\/de\/rueckerstattung-und-stornierung\/","og_locale":"de_DE","og_type":"article","og_title":"R\u00fcckerstattung und Stornierung","og_description":"R\u00fcckerstattung Sie k\u00f6nnen Ihre Buchung bis zu 48 Stunden vor dem Datum und der Uhrzeit der Tour stornieren und erhalten eine vollst\u00e4ndige R\u00fcckerstattung. Bei Stornierungen, die zwischen 24 und 48 Stunden vor der Tour erfolgen, werden 50 % der Kosten erstattet. Stornierungen, die weniger als 24 Stunden vor der Tour erfolgen, werden nicht erstattet. Wenn [&hellip;]","og_url":"https:\/\/www.bigreddxb.com\/de\/rueckerstattung-und-stornierung\/","og_site_name":"Big Red Adventure Tours","twitter_card":"summary_large_image","twitter_misc":{"Gesch\u00e4tzte Lesezeit":"1\u00a0Minute"},"schema":{"@context":"https:\/\/schema.org","@graph":[{"@type":"WebPage","@id":"https:\/\/www.bigreddxb.com\/de\/rueckerstattung-und-stornierung\/","url":"https:\/\/www.bigreddxb.com\/de\/rueckerstattung-und-stornierung\/","name":"R\u00fcckerstattung und Stornierung &#8211; Big Red Adventure Tours","isPartOf":{"@id":"https:\/\/www.bigreddxb.com\/de\/#website"},"datePublished":"2022-08-28T05:29:17+00:00","breadcrumb":{"@id":"https:\/\/www.bigreddxb.com\/de\/rueckerstattung-und-stornierung\/#breadcrumb"},"inLanguage":"de","potentialAction":[{"@type":"ReadAction","target":["https:\/\/www.bigreddxb.com\/de\/rueckerstattung-und-stornierung\/"]}]},{"@type":"BreadcrumbList","@id":"https:\/\/www.bigreddxb.com\/de\/rueckerstattung-und-stornierung\/#breadcrumb","itemListElement":[{"@type":"ListItem","position":1,"name":"Home","item":"https:\/\/www.bigreddxb.com\/de\/startseite\/"},{"@type":"ListItem","position":2,"name":"R\u00fcckerstattung und Stornierung"}]},{"@type":"WebSite","@id":"https:\/\/www.bigreddxb.com\/de\/#website","url":"https:\/\/www.bigreddxb.com\/de\/","name":"Big Red Adventure Tours","description":"Buggy Tours in Dubai","publisher":{"@id":"https:\/\/www.bigreddxb.com\/de\/#organization"},"potentialAction":[{"@type":"SearchAction","target":{"@type":"EntryPoint","urlTemplate":"https:\/\/www.bigreddxb.com\/de\/?s={search_term_string}"},"query-input":{"@type":"PropertyValueSpecification","valueRequired":true,"valueName":"search_term_string"}}],"inLanguage":"de"},{"@type":"Organization","@id":"https:\/\/www.bigreddxb.com\/de\/#organization","name":"Big Red Adventure Tours","url":"https:\/\/www.bigreddxb.com\/de\/","logo":{"@type":"ImageObject","inLanguage":"de","@id":"https:\/\/www.bigreddxb.com\/de\/#\/schema\/logo\/image\/","url":"https:\/\/www.bigreddxb.com\/wp-content\/uploads\/2022\/09\/Can-am-buggy-tours-bigreddxb.jpg","contentUrl":"https:\/\/www.bigreddxb.com\/wp-content\/uploads\/2022\/09\/Can-am-buggy-tours-bigreddxb.jpg","width":384,"height":256,"caption":"Big Red Adventure Tours"},"image":{"@id":"https:\/\/www.bigreddxb.com\/de\/#\/schema\/logo\/image\/"},"sameAs":["https:\/\/www.instagram.com\/bigreddxb\/"]}]}},"_links":{"self":[{"href":"https:\/\/www.bigreddxb.com\/de\/wp-json\/wp\/v2\/pages\/7440","targetHints":{"allow":["GET"]}}],"collection":[{"href":"https:\/\/www.bigreddxb.com\/de\/wp-json\/wp\/v2\/pages"}],"about":[{"href":"https:\/\/www.bigreddxb.com\/de\/wp-json\/wp\/v2\/types\/page"}],"author":[{"embeddable":true,"href":"https:\/\/www.bigreddxb.com\/de\/wp-json\/wp\/v2\/users\/1"}],"replies":[{"embeddable":true,"href":"https:\/\/www.bigreddxb.com\/de\/wp-json\/wp\/v2\/comments?post=7440"}],"version-history":[{"count":0,"href":"https:\/\/www.bigreddxb.com\/de\/wp-json\/wp\/v2\/pages\/7440\/revisions"}],"wp:attachment":[{"href":"https:\/\/www.bigreddxb.com\/de\/wp-json\/wp\/v2\/media?parent=7440"}],"curies":[{"name":"wp","href":"https:\/\/api.w.org\/{rel}","templated":true}]}}