{"id":7813,"date":"2022-08-28T05:28:12","date_gmt":"2022-08-28T05:28:12","guid":{"rendered":"https:\/\/www.bigreddxb.com\/politica-de-privacidad\/"},"modified":"2022-08-28T05:28:12","modified_gmt":"2022-08-28T05:28:12","slug":"politica-de-privacidad","status":"publish","type":"page","link":"https:\/\/www.bigreddxb.com\/es\/politica-de-privacidad\/","title":{"rendered":"Pol\u00edtica de privacidad"},"content":{"rendered":"<p>Los datos de las tarjetas de cr\u00e9dito\/d\u00e9bito y la informaci\u00f3n personal NO se almacenar\u00e1n, vender\u00e1n, compartir\u00e1n, alquilar\u00e1n ni arrendar\u00e1n a terceros.<\/p>\n<p>Big Red Adventure Tours no transmitir\u00e1 los datos de su tarjeta de cr\u00e9dito o d\u00e9bito a terceros.<\/p>\n<p>Big Red Adventure Tours toma las medidas adecuadas para garantizar la privacidad y seguridad de los datos, incluso a trav\u00e9s de diversas metodolog\u00edas de hardware y software. No obstante, (www.bigreddxb.com) no puede garantizar la seguridad de la informaci\u00f3n divulgada en l\u00ednea.<\/p>\n<p>Big Red Adventure Tours no es responsable de las pol\u00edticas de privacidad de los sitios web a los que enlaza. Si facilita informaci\u00f3n a estos terceros, es posible que se apliquen normas diferentes en relaci\u00f3n con la recopilaci\u00f3n y el uso de sus datos personales. Debe ponerse en contacto directamente con estas entidades si tiene alguna pregunta sobre el uso que hacen de la informaci\u00f3n que recogen.<\/p>\n<p>Las Pol\u00edticas y Condiciones del Sitio Web pueden modificarse o actualizarse ocasionalmente para cumplir los requisitos y normas. Por lo tanto, se recomienda a los clientes que visiten con frecuencia estas secciones para estar al d\u00eda de los cambios en el sitio web. Las modificaciones entrar\u00e1n en vigor el d\u00eda de su publicaci\u00f3n.<\/p>\n<p>Informaci\u00f3n recopilada por Big Red Adventure Tours. Esta es la pol\u00edtica de privacidad online de Big Red Adventure Tours (\u00abbigreddxb.com\u00bb) (\u00abPol\u00edtica\u00bb). Esta pol\u00edtica se aplica \u00fanicamente a las actividades que bigreddxb.com lleva a cabo en su sitio web y no se aplica a las actividades de www.bigreddxb.com que est\u00e1n \u00abfuera de l\u00ednea\u00bb o no relacionadas con el sitio web.<\/p>\n<p>bigreddxb.com recopila determinados datos an\u00f3nimos sobre el uso del sitio web. Esta informaci\u00f3n no identifica personalmente a los usuarios, por s\u00ed sola o en combinaci\u00f3n con otra informaci\u00f3n, y se recopila para mejorar el rendimiento del sitio web. Los datos an\u00f3nimos recogidos por el sitio web www.bigreddxb.com pueden incluir informaci\u00f3n como el tipo de navegador que utiliza y la duraci\u00f3n de la visita al sitio web. Tambi\u00e9n es posible que en el sitio web bigreddxb.com se le pida informaci\u00f3n de identificaci\u00f3n personal, como su nombre, direcci\u00f3n, n\u00famero de tel\u00e9fono y direcci\u00f3n de correo electr\u00f3nico. Esta informaci\u00f3n puede recopilarse cuando se env\u00edan comentarios o correos electr\u00f3nicos a bigreddxb.com, cuando el usuario se registra para recibir servicios o realiza compras a trav\u00e9s del sitio web. En todos estos casos, usted tiene la opci\u00f3n de facilitarnos informaci\u00f3n que le identifique personalmente.<\/p>\n<p>Uso y divulgaci\u00f3n de la informaci\u00f3n. Salvo que se indique lo contrario a continuaci\u00f3n, no vendemos, intercambiamos ni alquilamos a terceros la informaci\u00f3n personal que le identifica recopilada en el sitio. La informaci\u00f3n recogida por nuestro sitio se utiliza para procesar pedidos, mantenerle informado sobre el estado de su pedido, notificarle productos u ofertas especiales que puedan ser de su inter\u00e9s y con fines estad\u00edsticos para mejorar nuestro sitio. Vamos a revelar su informaci\u00f3n de entrega a terceros con fines de seguimiento de pedidos o procesar su cheque o giro postal, en su caso, llenar su pedido, mejorar la funcionalidad de nuestro sitio, realizar an\u00e1lisis estad\u00edsticos y de datos entregar su pedido y enviar correos electr\u00f3nicos promocionales a usted de nosotros. Por ejemplo, debemos facilitar los datos de su direcci\u00f3n postal al servicio de mensajer\u00eda para que pueda entregarle los productos que ha pedido.<\/p>\n<p>Los datos de las tarjetas de cr\u00e9dito\/d\u00e9bito y la informaci\u00f3n personal NO se almacenar\u00e1n, vender\u00e1n, compartir\u00e1n, alquilar\u00e1n ni arrendar\u00e1n a terceros.<\/p>\n<p>Galletas. Las cookies son peque\u00f1os fragmentos de datos que se almacenan en cach\u00e9 en el navegador del usuario. bigreddxb.com utiliza cookies para determinar si ha visitado o no la p\u00e1gina de inicio en el pasado. Sin embargo, no se recoge ninguna otra informaci\u00f3n del usuario.<\/p>\n<p>bigreddxb.com puede utilizar \u00abdatos agregados\u00bb no personales para mejorar el funcionamiento de nuestro sitio web, o analizar el inter\u00e9s en las \u00e1reas de nuestro sitio web. Adem\u00e1s, si proporciona a bigreddxb.com contenidos para su publicaci\u00f3n o comentarios, podremos publicar su nombre de usuario u otros datos identificativos con su permiso.<\/p>\n<p>bigreddxb.com tambi\u00e9n puede revelar informaci\u00f3n de identificaci\u00f3n personal para responder a una citaci\u00f3n, orden judicial u otra solicitud similar. www.bigreddxb.com tambi\u00e9n puede proporcionar dicha informaci\u00f3n de identificaci\u00f3n personal en respuesta a una solicitud de los organismos encargados de hacer cumplir la ley o si as\u00ed lo exige la ley. Su informaci\u00f3n de identificaci\u00f3n personal puede ser proporcionada a una parte si bigreddxb.com se declara en quiebra, o se produce una transferencia de los activos o la propiedad de www.bigreddxb.com en relaci\u00f3n con reorganizaciones corporativas propuestas o consumadas, como fusiones o adquisiciones.<\/p>\n<p>Seguridad. www.bigreddxb.com toma las medidas adecuadas para garantizar la privacidad y la seguridad de los datos, entre otras cosas mediante diversas metodolog\u00edas de hardware y software. Sin embargo, www.bigreddxb.com no puede garantizar la seguridad de ninguna informaci\u00f3n que se divulgue en l\u00ednea.<\/p>\n<p>Otros sitios web. www.bigreddxb.com no es responsable de las pol\u00edticas de privacidad de los sitios web a los que enlaza. Si facilita informaci\u00f3n a estos terceros, es posible que se apliquen normas diferentes en relaci\u00f3n con la recopilaci\u00f3n y el uso de sus datos personales. Le recomendamos encarecidamente que revise las pol\u00edticas de privacidad de dichos terceros antes de facilitarles datos. No somos responsables de las pol\u00edticas o pr\u00e1cticas de terceros. Tenga en cuenta que nuestros sitios pueden contener enlaces a otros sitios de Internet que son propiedad y est\u00e1n gestionados por terceros. Las pr\u00e1cticas de informaci\u00f3n de esos sitios web vinculados a nuestro sitio no est\u00e1n cubiertas por esta Pol\u00edtica. Estos otros sitios pueden enviar sus propias cookies o GIF transparentes a los usuarios, recopilar datos o solicitar informaci\u00f3n de identificaci\u00f3n personal. No podemos controlar esta recopilaci\u00f3n de informaci\u00f3n. Debe ponerse en contacto directamente con estas entidades si tiene alguna pregunta sobre el uso que hacen de la informaci\u00f3n que recogen.<\/p>\n<p>Menores. www.bigreddxb.com no recopila conscientemente informaci\u00f3n personal de menores de 18 a\u00f1os. No se permite a los menores utilizar el sitio web ni los servicios de www.bigreddxb.com, y www.bigreddxb.com solicita que los menores de 18 a\u00f1os no env\u00eden ninguna informaci\u00f3n personal al sitio web. Dado que no se recopila informaci\u00f3n relativa a menores de 18 a\u00f1os, www.bigreddxb.com no distribuye conscientemente informaci\u00f3n personal relativa a menores de 18 a\u00f1os.<\/p>\n<p>Correcciones y actualizaciones. Si desea modificar o actualizar cualquier informaci\u00f3n que www.bigreddxb.com haya recibido, p\u00f3ngase en contacto con info@bigreddxb.com.<\/p>\n<p>Modificaciones de la pol\u00edtica de privacidad. www.bigreddxb.com. Las Pol\u00edticas y Condiciones del Sitio Web se modificar\u00e1n o actualizar\u00e1n ocasionalmente para cumplir los requisitos y normas. Por lo tanto, se recomienda a los clientes que visiten con frecuencia estas secciones para estar al d\u00eda de los cambios que se produzcan en el sitio web. Las modificaciones entrar\u00e1n en vigor el d\u00eda de su publicaci\u00f3n\u00bb.<\/p>\n","protected":false},"excerpt":{"rendered":"<p>Los datos de las tarjetas de cr\u00e9dito\/d\u00e9bito y la informaci\u00f3n personal NO se almacenar\u00e1n, vender\u00e1n, compartir\u00e1n, alquilar\u00e1n ni arrendar\u00e1n a terceros. Big Red Adventure Tours no transmitir\u00e1 los datos de su tarjeta de cr\u00e9dito o d\u00e9bito a terceros. Big Red Adventure Tours toma las medidas adecuadas para garantizar la privacidad y seguridad de los datos, [&hellip;]<\/p>\n","protected":false},"author":1,"featured_media":0,"parent":0,"menu_order":0,"comment_status":"closed","ping_status":"closed","template":"","meta":{"_acf_changed":false,"_themeisle_gutenberg_block_has_review":false,"footnotes":""},"class_list":["post-7813","page","type-page","status-publish","hentry"],"acf":[],"yoast_head":"<!-- This site is optimized with the Yoast SEO Premium plugin v20.12 (Yoast SEO v27.4) - https:\/\/yoast.com\/product\/yoast-seo-premium-wordpress\/ -->\n<title>Pol\u00edtica de privacidad &#8211; Big Red Adventure Tours<\/title>\n<meta name=\"robots\" content=\"index, follow, max-snippet:-1, max-image-preview:large, max-video-preview:-1\" \/>\n<link rel=\"canonical\" href=\"https:\/\/www.bigreddxb.com\/es\/politica-de-privacidad\/\" \/>\n<meta property=\"og:locale\" content=\"es_ES\" \/>\n<meta property=\"og:type\" content=\"article\" \/>\n<meta property=\"og:title\" content=\"Pol\u00edtica de privacidad\" \/>\n<meta property=\"og:description\" content=\"Los datos de las tarjetas de cr\u00e9dito\/d\u00e9bito y la informaci\u00f3n personal NO se almacenar\u00e1n, vender\u00e1n, compartir\u00e1n, alquilar\u00e1n ni arrendar\u00e1n a terceros. Big Red Adventure Tours no transmitir\u00e1 los datos de su tarjeta de cr\u00e9dito o d\u00e9bito a terceros. Big Red Adventure Tours toma las medidas adecuadas para garantizar la privacidad y seguridad de los datos, [&hellip;]\" \/>\n<meta property=\"og:url\" content=\"https:\/\/www.bigreddxb.com\/es\/politica-de-privacidad\/\" \/>\n<meta property=\"og:site_name\" content=\"Big Red Adventure Tours\" \/>\n<meta name=\"twitter:card\" content=\"summary_large_image\" \/>\n<meta name=\"twitter:label1\" content=\"Tiempo de lectura\" \/>\n\t<meta name=\"twitter:data1\" content=\"6 minutos\" \/>\n<script type=\"application\/ld+json\" class=\"yoast-schema-graph\">{\"@context\":\"https:\\\/\\\/schema.org\",\"@graph\":[{\"@type\":\"WebPage\",\"@id\":\"https:\\\/\\\/www.bigreddxb.com\\\/es\\\/politica-de-privacidad\\\/\",\"url\":\"https:\\\/\\\/www.bigreddxb.com\\\/es\\\/politica-de-privacidad\\\/\",\"name\":\"Pol\u00edtica de privacidad &#8211; Big Red Adventure Tours\",\"isPartOf\":{\"@id\":\"https:\\\/\\\/www.bigreddxb.com\\\/es\\\/#website\"},\"datePublished\":\"2022-08-28T05:28:12+00:00\",\"breadcrumb\":{\"@id\":\"https:\\\/\\\/www.bigreddxb.com\\\/es\\\/politica-de-privacidad\\\/#breadcrumb\"},\"inLanguage\":\"es\",\"potentialAction\":[{\"@type\":\"ReadAction\",\"target\":[\"https:\\\/\\\/www.bigreddxb.com\\\/es\\\/politica-de-privacidad\\\/\"]}]},{\"@type\":\"BreadcrumbList\",\"@id\":\"https:\\\/\\\/www.bigreddxb.com\\\/es\\\/politica-de-privacidad\\\/#breadcrumb\",\"itemListElement\":[{\"@type\":\"ListItem\",\"position\":1,\"name\":\"Home\",\"item\":\"https:\\\/\\\/www.bigreddxb.com\\\/es\\\/inicio\\\/\"},{\"@type\":\"ListItem\",\"position\":2,\"name\":\"Pol\u00edtica de privacidad\"}]},{\"@type\":\"WebSite\",\"@id\":\"https:\\\/\\\/www.bigreddxb.com\\\/es\\\/#website\",\"url\":\"https:\\\/\\\/www.bigreddxb.com\\\/es\\\/\",\"name\":\"Big Red Adventure Tours\",\"description\":\"Buggy Tours in Dubai\",\"publisher\":{\"@id\":\"https:\\\/\\\/www.bigreddxb.com\\\/es\\\/#organization\"},\"potentialAction\":[{\"@type\":\"SearchAction\",\"target\":{\"@type\":\"EntryPoint\",\"urlTemplate\":\"https:\\\/\\\/www.bigreddxb.com\\\/es\\\/?s={search_term_string}\"},\"query-input\":{\"@type\":\"PropertyValueSpecification\",\"valueRequired\":true,\"valueName\":\"search_term_string\"}}],\"inLanguage\":\"es\"},{\"@type\":\"Organization\",\"@id\":\"https:\\\/\\\/www.bigreddxb.com\\\/es\\\/#organization\",\"name\":\"Big Red Adventure Tours\",\"url\":\"https:\\\/\\\/www.bigreddxb.com\\\/es\\\/\",\"logo\":{\"@type\":\"ImageObject\",\"inLanguage\":\"es\",\"@id\":\"https:\\\/\\\/www.bigreddxb.com\\\/es\\\/#\\\/schema\\\/logo\\\/image\\\/\",\"url\":\"https:\\\/\\\/www.bigreddxb.com\\\/wp-content\\\/uploads\\\/2022\\\/09\\\/Can-am-buggy-tours-bigreddxb.jpg\",\"contentUrl\":\"https:\\\/\\\/www.bigreddxb.com\\\/wp-content\\\/uploads\\\/2022\\\/09\\\/Can-am-buggy-tours-bigreddxb.jpg\",\"width\":384,\"height\":256,\"caption\":\"Big Red Adventure Tours\"},\"image\":{\"@id\":\"https:\\\/\\\/www.bigreddxb.com\\\/es\\\/#\\\/schema\\\/logo\\\/image\\\/\"},\"sameAs\":[\"https:\\\/\\\/www.instagram.com\\\/bigreddxb\\\/\"]}]}<\/script>\n<!-- \/ Yoast SEO Premium plugin. -->","yoast_head_json":{"title":"Pol\u00edtica de privacidad &#8211; Big Red Adventure Tours","robots":{"index":"index","follow":"follow","max-snippet":"max-snippet:-1","max-image-preview":"max-image-preview:large","max-video-preview":"max-video-preview:-1"},"canonical":"https:\/\/www.bigreddxb.com\/es\/politica-de-privacidad\/","og_locale":"es_ES","og_type":"article","og_title":"Pol\u00edtica de privacidad","og_description":"Los datos de las tarjetas de cr\u00e9dito\/d\u00e9bito y la informaci\u00f3n personal NO se almacenar\u00e1n, vender\u00e1n, compartir\u00e1n, alquilar\u00e1n ni arrendar\u00e1n a terceros. Big Red Adventure Tours no transmitir\u00e1 los datos de su tarjeta de cr\u00e9dito o d\u00e9bito a terceros. Big Red Adventure Tours toma las medidas adecuadas para garantizar la privacidad y seguridad de los datos, [&hellip;]","og_url":"https:\/\/www.bigreddxb.com\/es\/politica-de-privacidad\/","og_site_name":"Big Red Adventure Tours","twitter_card":"summary_large_image","twitter_misc":{"Tiempo de lectura":"6 minutos"},"schema":{"@context":"https:\/\/schema.org","@graph":[{"@type":"WebPage","@id":"https:\/\/www.bigreddxb.com\/es\/politica-de-privacidad\/","url":"https:\/\/www.bigreddxb.com\/es\/politica-de-privacidad\/","name":"Pol\u00edtica de privacidad &#8211; Big Red Adventure Tours","isPartOf":{"@id":"https:\/\/www.bigreddxb.com\/es\/#website"},"datePublished":"2022-08-28T05:28:12+00:00","breadcrumb":{"@id":"https:\/\/www.bigreddxb.com\/es\/politica-de-privacidad\/#breadcrumb"},"inLanguage":"es","potentialAction":[{"@type":"ReadAction","target":["https:\/\/www.bigreddxb.com\/es\/politica-de-privacidad\/"]}]},{"@type":"BreadcrumbList","@id":"https:\/\/www.bigreddxb.com\/es\/politica-de-privacidad\/#breadcrumb","itemListElement":[{"@type":"ListItem","position":1,"name":"Home","item":"https:\/\/www.bigreddxb.com\/es\/inicio\/"},{"@type":"ListItem","position":2,"name":"Pol\u00edtica de privacidad"}]},{"@type":"WebSite","@id":"https:\/\/www.bigreddxb.com\/es\/#website","url":"https:\/\/www.bigreddxb.com\/es\/","name":"Big Red Adventure Tours","description":"Buggy Tours in Dubai","publisher":{"@id":"https:\/\/www.bigreddxb.com\/es\/#organization"},"potentialAction":[{"@type":"SearchAction","target":{"@type":"EntryPoint","urlTemplate":"https:\/\/www.bigreddxb.com\/es\/?s={search_term_string}"},"query-input":{"@type":"PropertyValueSpecification","valueRequired":true,"valueName":"search_term_string"}}],"inLanguage":"es"},{"@type":"Organization","@id":"https:\/\/www.bigreddxb.com\/es\/#organization","name":"Big Red Adventure Tours","url":"https:\/\/www.bigreddxb.com\/es\/","logo":{"@type":"ImageObject","inLanguage":"es","@id":"https:\/\/www.bigreddxb.com\/es\/#\/schema\/logo\/image\/","url":"https:\/\/www.bigreddxb.com\/wp-content\/uploads\/2022\/09\/Can-am-buggy-tours-bigreddxb.jpg","contentUrl":"https:\/\/www.bigreddxb.com\/wp-content\/uploads\/2022\/09\/Can-am-buggy-tours-bigreddxb.jpg","width":384,"height":256,"caption":"Big Red Adventure Tours"},"image":{"@id":"https:\/\/www.bigreddxb.com\/es\/#\/schema\/logo\/image\/"},"sameAs":["https:\/\/www.instagram.com\/bigreddxb\/"]}]}},"_links":{"self":[{"href":"https:\/\/www.bigreddxb.com\/es\/wp-json\/wp\/v2\/pages\/7813","targetHints":{"allow":["GET"]}}],"collection":[{"href":"https:\/\/www.bigreddxb.com\/es\/wp-json\/wp\/v2\/pages"}],"about":[{"href":"https:\/\/www.bigreddxb.com\/es\/wp-json\/wp\/v2\/types\/page"}],"author":[{"embeddable":true,"href":"https:\/\/www.bigreddxb.com\/es\/wp-json\/wp\/v2\/users\/1"}],"replies":[{"embeddable":true,"href":"https:\/\/www.bigreddxb.com\/es\/wp-json\/wp\/v2\/comments?post=7813"}],"version-history":[{"count":0,"href":"https:\/\/www.bigreddxb.com\/es\/wp-json\/wp\/v2\/pages\/7813\/revisions"}],"wp:attachment":[{"href":"https:\/\/www.bigreddxb.com\/es\/wp-json\/wp\/v2\/media?parent=7813"}],"curies":[{"name":"wp","href":"https:\/\/api.w.org\/{rel}","templated":true}]}}