{"id":6360,"date":"2022-08-28T03:17:12","date_gmt":"2022-08-28T03:17:12","guid":{"rendered":"https:\/\/www.bigreddxb.com\/accueil\/"},"modified":"2023-06-03T07:02:41","modified_gmt":"2023-06-03T07:02:41","slug":"accueil","status":"publish","type":"page","link":"https:\/\/www.bigreddxb.com\/fr\/","title":{"rendered":"Accueil"},"content":{"rendered":"","protected":false},"excerpt":{"rendered":"","protected":false},"author":1,"featured_media":0,"parent":0,"menu_order":0,"comment_status":"closed","ping_status":"closed","template":"","meta":{"_acf_changed":false,"_themeisle_gutenberg_block_has_review":false,"footnotes":""},"class_list":["post-6360","page","type-page","status-publish","hentry"],"acf":[],"yoast_head":"<!-- This site is optimized with the Yoast SEO Premium plugin v20.12 (Yoast SEO v27.5) - https:\/\/yoast.com\/product\/yoast-seo-premium-wordpress\/ -->\n<title>Dune Buggy Dubai | Buggy Tours - Big Red Adventure Tours<\/title>\n<meta name=\"description\" content=\"Faites l&#039;exp\u00e9rience d&#039;un tour en buggy des dunes \u00e0 Duba\u00ef avec Big Red Adventure Tours. Nous proposons un service gratuit de prise en charge et de d\u00e9pose \u00e0 l&#039;h\u00f4tel. R\u00e9servez d\u00e8s maintenant !\" \/>\n<meta name=\"robots\" content=\"index, follow, max-snippet:-1, max-image-preview:large, max-video-preview:-1\" \/>\n<link rel=\"canonical\" href=\"https:\/\/www.bigreddxb.com\/fr\/\" \/>\n<meta property=\"og:locale\" content=\"fr_FR\" \/>\n<meta property=\"og:type\" content=\"article\" \/>\n<meta property=\"og:title\" content=\"Big Red Adventure Tours\" \/>\n<meta property=\"og:description\" content=\"Faites l&#039;exp\u00e9rience d&#039;un tour en buggy des dunes \u00e0 Duba\u00ef avec Big Red Adventure Tours. Nous proposons un service gratuit de prise en charge et de d\u00e9pose \u00e0 l&#039;h\u00f4tel. R\u00e9servez d\u00e8s maintenant !\" \/>\n<meta property=\"og:url\" content=\"https:\/\/www.bigreddxb.com\/fr\/\" \/>\n<meta property=\"og:site_name\" content=\"Big Red Adventure Tours\" \/>\n<meta property=\"article:modified_time\" content=\"2023-06-03T07:02:41+00:00\" \/>\n<meta property=\"og:image\" content=\"https:\/\/www.bigreddxb.com\/wp-content\/uploads\/2022\/10\/category-galerry-2s-3.jpg\" \/>\n<meta name=\"twitter:card\" content=\"summary_large_image\" \/>\n<meta name=\"twitter:title\" content=\"Big Red Adventure Tours\" \/>\n<meta name=\"twitter:description\" content=\"Faites l&#039;exp\u00e9rience d&#039;un tour en buggy des dunes \u00e0 Duba\u00ef avec Big Red Adventure Tours. Nous proposons un service gratuit de prise en charge et de d\u00e9pose \u00e0 l&#039;h\u00f4tel. R\u00e9servez d\u00e8s maintenant !\" \/>\n<script type=\"application\/ld+json\" class=\"yoast-schema-graph\">{\"@context\":\"https:\\\/\\\/schema.org\",\"@graph\":[{\"@type\":\"WebPage\",\"@id\":\"https:\\\/\\\/www.bigreddxb.com\\\/fr\\\/\",\"url\":\"https:\\\/\\\/www.bigreddxb.com\\\/fr\\\/\",\"name\":\"Dune Buggy Dubai | Buggy Tours - Big Red Adventure Tours\",\"isPartOf\":{\"@id\":\"https:\\\/\\\/www.bigreddxb.com\\\/fr\\\/#website\"},\"datePublished\":\"2022-08-28T03:17:12+00:00\",\"dateModified\":\"2023-06-03T07:02:41+00:00\",\"description\":\"Faites l'exp\u00e9rience d'un tour en buggy des dunes \u00e0 Duba\u00ef avec Big Red Adventure Tours. Nous proposons un service gratuit de prise en charge et de d\u00e9pose \u00e0 l'h\u00f4tel. R\u00e9servez d\u00e8s maintenant !\",\"breadcrumb\":{\"@id\":\"https:\\\/\\\/www.bigreddxb.com\\\/fr\\\/#breadcrumb\"},\"inLanguage\":\"fr-FR\",\"potentialAction\":[{\"@type\":\"ReadAction\",\"target\":[\"https:\\\/\\\/www.bigreddxb.com\\\/fr\\\/\"]}]},{\"@type\":\"BreadcrumbList\",\"@id\":\"https:\\\/\\\/www.bigreddxb.com\\\/fr\\\/#breadcrumb\",\"itemListElement\":[{\"@type\":\"ListItem\",\"position\":1,\"name\":\"Home\",\"item\":\"https:\\\/\\\/www.bigreddxb.com\\\/fr\\\/\"},{\"@type\":\"ListItem\",\"position\":2,\"name\":\"Accueil\"}]},{\"@type\":\"WebSite\",\"@id\":\"https:\\\/\\\/www.bigreddxb.com\\\/fr\\\/#website\",\"url\":\"https:\\\/\\\/www.bigreddxb.com\\\/fr\\\/\",\"name\":\"Big Red Adventure Tours\",\"description\":\"Buggy Tours in Dubai\",\"publisher\":{\"@id\":\"https:\\\/\\\/www.bigreddxb.com\\\/fr\\\/#organization\"},\"potentialAction\":[{\"@type\":\"SearchAction\",\"target\":{\"@type\":\"EntryPoint\",\"urlTemplate\":\"https:\\\/\\\/www.bigreddxb.com\\\/fr\\\/?s={search_term_string}\"},\"query-input\":{\"@type\":\"PropertyValueSpecification\",\"valueRequired\":true,\"valueName\":\"search_term_string\"}}],\"inLanguage\":\"fr-FR\"},{\"@type\":\"Organization\",\"@id\":\"https:\\\/\\\/www.bigreddxb.com\\\/fr\\\/#organization\",\"name\":\"Big Red Adventure Tours\",\"url\":\"https:\\\/\\\/www.bigreddxb.com\\\/fr\\\/\",\"logo\":{\"@type\":\"ImageObject\",\"inLanguage\":\"fr-FR\",\"@id\":\"https:\\\/\\\/www.bigreddxb.com\\\/fr\\\/#\\\/schema\\\/logo\\\/image\\\/\",\"url\":\"https:\\\/\\\/www.bigreddxb.com\\\/wp-content\\\/uploads\\\/2022\\\/09\\\/Can-am-buggy-tours-bigreddxb.jpg\",\"contentUrl\":\"https:\\\/\\\/www.bigreddxb.com\\\/wp-content\\\/uploads\\\/2022\\\/09\\\/Can-am-buggy-tours-bigreddxb.jpg\",\"width\":384,\"height\":256,\"caption\":\"Big Red Adventure Tours\"},\"image\":{\"@id\":\"https:\\\/\\\/www.bigreddxb.com\\\/fr\\\/#\\\/schema\\\/logo\\\/image\\\/\"},\"sameAs\":[\"https:\\\/\\\/www.instagram.com\\\/bigreddxb\\\/\"]}]}<\/script>\n<!-- \/ Yoast SEO Premium plugin. -->","yoast_head_json":{"title":"Dune Buggy Dubai | Buggy Tours - Big Red Adventure Tours","description":"Faites l'exp\u00e9rience d'un tour en buggy des dunes \u00e0 Duba\u00ef avec Big Red Adventure Tours. Nous proposons un service gratuit de prise en charge et de d\u00e9pose \u00e0 l'h\u00f4tel. R\u00e9servez d\u00e8s maintenant !","robots":{"index":"index","follow":"follow","max-snippet":"max-snippet:-1","max-image-preview":"max-image-preview:large","max-video-preview":"max-video-preview:-1"},"canonical":"https:\/\/www.bigreddxb.com\/fr\/","og_locale":"fr_FR","og_type":"article","og_title":"Big Red Adventure Tours","og_description":"Faites l'exp\u00e9rience d'un tour en buggy des dunes \u00e0 Duba\u00ef avec Big Red Adventure Tours. Nous proposons un service gratuit de prise en charge et de d\u00e9pose \u00e0 l'h\u00f4tel. R\u00e9servez d\u00e8s maintenant !","og_url":"https:\/\/www.bigreddxb.com\/fr\/","og_site_name":"Big Red Adventure Tours","article_modified_time":"2023-06-03T07:02:41+00:00","og_image":[{"url":"https:\/\/www.bigreddxb.com\/wp-content\/uploads\/2022\/10\/category-galerry-2s-3.jpg","type":"","width":"","height":""}],"twitter_card":"summary_large_image","twitter_title":"Big Red Adventure Tours","twitter_description":"Faites l'exp\u00e9rience d'un tour en buggy des dunes \u00e0 Duba\u00ef avec Big Red Adventure Tours. Nous proposons un service gratuit de prise en charge et de d\u00e9pose \u00e0 l'h\u00f4tel. R\u00e9servez d\u00e8s maintenant !","schema":{"@context":"https:\/\/schema.org","@graph":[{"@type":"WebPage","@id":"https:\/\/www.bigreddxb.com\/fr\/","url":"https:\/\/www.bigreddxb.com\/fr\/","name":"Dune Buggy Dubai | Buggy Tours - Big Red Adventure Tours","isPartOf":{"@id":"https:\/\/www.bigreddxb.com\/fr\/#website"},"datePublished":"2022-08-28T03:17:12+00:00","dateModified":"2023-06-03T07:02:41+00:00","description":"Faites l'exp\u00e9rience d'un tour en buggy des dunes \u00e0 Duba\u00ef avec Big Red Adventure Tours. Nous proposons un service gratuit de prise en charge et de d\u00e9pose \u00e0 l'h\u00f4tel. R\u00e9servez d\u00e8s maintenant !","breadcrumb":{"@id":"https:\/\/www.bigreddxb.com\/fr\/#breadcrumb"},"inLanguage":"fr-FR","potentialAction":[{"@type":"ReadAction","target":["https:\/\/www.bigreddxb.com\/fr\/"]}]},{"@type":"BreadcrumbList","@id":"https:\/\/www.bigreddxb.com\/fr\/#breadcrumb","itemListElement":[{"@type":"ListItem","position":1,"name":"Home","item":"https:\/\/www.bigreddxb.com\/fr\/"},{"@type":"ListItem","position":2,"name":"Accueil"}]},{"@type":"WebSite","@id":"https:\/\/www.bigreddxb.com\/fr\/#website","url":"https:\/\/www.bigreddxb.com\/fr\/","name":"Big Red Adventure Tours","description":"Buggy Tours in Dubai","publisher":{"@id":"https:\/\/www.bigreddxb.com\/fr\/#organization"},"potentialAction":[{"@type":"SearchAction","target":{"@type":"EntryPoint","urlTemplate":"https:\/\/www.bigreddxb.com\/fr\/?s={search_term_string}"},"query-input":{"@type":"PropertyValueSpecification","valueRequired":true,"valueName":"search_term_string"}}],"inLanguage":"fr-FR"},{"@type":"Organization","@id":"https:\/\/www.bigreddxb.com\/fr\/#organization","name":"Big Red Adventure Tours","url":"https:\/\/www.bigreddxb.com\/fr\/","logo":{"@type":"ImageObject","inLanguage":"fr-FR","@id":"https:\/\/www.bigreddxb.com\/fr\/#\/schema\/logo\/image\/","url":"https:\/\/www.bigreddxb.com\/wp-content\/uploads\/2022\/09\/Can-am-buggy-tours-bigreddxb.jpg","contentUrl":"https:\/\/www.bigreddxb.com\/wp-content\/uploads\/2022\/09\/Can-am-buggy-tours-bigreddxb.jpg","width":384,"height":256,"caption":"Big Red Adventure Tours"},"image":{"@id":"https:\/\/www.bigreddxb.com\/fr\/#\/schema\/logo\/image\/"},"sameAs":["https:\/\/www.instagram.com\/bigreddxb\/"]}]}},"_links":{"self":[{"href":"https:\/\/www.bigreddxb.com\/fr\/wp-json\/wp\/v2\/pages\/6360","targetHints":{"allow":["GET"]}}],"collection":[{"href":"https:\/\/www.bigreddxb.com\/fr\/wp-json\/wp\/v2\/pages"}],"about":[{"href":"https:\/\/www.bigreddxb.com\/fr\/wp-json\/wp\/v2\/types\/page"}],"author":[{"embeddable":true,"href":"https:\/\/www.bigreddxb.com\/fr\/wp-json\/wp\/v2\/users\/1"}],"replies":[{"embeddable":true,"href":"https:\/\/www.bigreddxb.com\/fr\/wp-json\/wp\/v2\/comments?post=6360"}],"version-history":[{"count":3,"href":"https:\/\/www.bigreddxb.com\/fr\/wp-json\/wp\/v2\/pages\/6360\/revisions"}],"predecessor-version":[{"id":6423,"href":"https:\/\/www.bigreddxb.com\/fr\/wp-json\/wp\/v2\/pages\/6360\/revisions\/6423"}],"wp:attachment":[{"href":"https:\/\/www.bigreddxb.com\/fr\/wp-json\/wp\/v2\/media?parent=6360"}],"curies":[{"name":"wp","href":"https:\/\/api.w.org\/{rel}","templated":true}]}}