{"id":6365,"date":"2022-08-28T05:26:49","date_gmt":"2022-08-28T05:26:49","guid":{"rendered":"https:\/\/www.bigreddxb.com\/a-propos-de-nous\/"},"modified":"2022-08-28T05:26:49","modified_gmt":"2022-08-28T05:26:49","slug":"a-propos-de-nous","status":"publish","type":"page","link":"https:\/\/www.bigreddxb.com\/fr\/a-propos-de-nous\/","title":{"rendered":"A propos de nous"},"content":{"rendered":"","protected":false},"excerpt":{"rendered":"","protected":false},"author":1,"featured_media":0,"parent":0,"menu_order":0,"comment_status":"closed","ping_status":"closed","template":"templates\/template-info.php","meta":{"_acf_changed":false,"_themeisle_gutenberg_block_has_review":false,"footnotes":""},"class_list":["post-6365","page","type-page","status-publish","hentry"],"acf":[],"yoast_head":"<!-- This site is optimized with the Yoast SEO Premium plugin v20.12 (Yoast SEO v27.5) - https:\/\/yoast.com\/product\/yoast-seo-premium-wordpress\/ -->\n<title>A propos de nous - Dune Buggy Dubai - Big Red Adventure Tours<\/title>\n<meta name=\"description\" content=\"Big Red Adventure Tours propose une vari\u00e9t\u00e9 de circuits adapt\u00e9s \u00e0 tous les \u00e2ges et \u00e0 tous les niveaux d&#039;exp\u00e9rience \u00e0 Duba\u00ef, \u00e0 des prix abordables. En savoir plus sur nous !\" \/>\n<meta name=\"robots\" content=\"index, follow, max-snippet:-1, max-image-preview:large, max-video-preview:-1\" \/>\n<link rel=\"canonical\" href=\"https:\/\/www.bigreddxb.com\/fr\/a-propos-de-nous\/\" \/>\n<meta property=\"og:locale\" content=\"fr_FR\" \/>\n<meta property=\"og:type\" content=\"article\" \/>\n<meta property=\"og:title\" content=\"A propos de nous\" \/>\n<meta property=\"og:description\" content=\"Big Red Adventure Tours propose une vari\u00e9t\u00e9 de circuits adapt\u00e9s \u00e0 tous les \u00e2ges et \u00e0 tous les niveaux d&#039;exp\u00e9rience \u00e0 Duba\u00ef, \u00e0 des prix abordables. En savoir plus sur nous !\" \/>\n<meta property=\"og:url\" content=\"https:\/\/www.bigreddxb.com\/fr\/a-propos-de-nous\/\" \/>\n<meta property=\"og:site_name\" content=\"Big Red Adventure Tours\" \/>\n<meta name=\"twitter:card\" content=\"summary_large_image\" \/>\n<script type=\"application\/ld+json\" class=\"yoast-schema-graph\">{\"@context\":\"https:\\\/\\\/schema.org\",\"@graph\":[{\"@type\":\"WebPage\",\"@id\":\"https:\\\/\\\/www.bigreddxb.com\\\/fr\\\/a-propos-de-nous\\\/\",\"url\":\"https:\\\/\\\/www.bigreddxb.com\\\/fr\\\/a-propos-de-nous\\\/\",\"name\":\"A propos de nous - Dune Buggy Dubai - Big Red Adventure Tours\",\"isPartOf\":{\"@id\":\"https:\\\/\\\/www.bigreddxb.com\\\/fr\\\/#website\"},\"datePublished\":\"2022-08-28T05:26:49+00:00\",\"description\":\"Big Red Adventure Tours propose une vari\u00e9t\u00e9 de circuits adapt\u00e9s \u00e0 tous les \u00e2ges et \u00e0 tous les niveaux d'exp\u00e9rience \u00e0 Duba\u00ef, \u00e0 des prix abordables. En savoir plus sur nous !\",\"breadcrumb\":{\"@id\":\"https:\\\/\\\/www.bigreddxb.com\\\/fr\\\/a-propos-de-nous\\\/#breadcrumb\"},\"inLanguage\":\"fr-FR\",\"potentialAction\":[{\"@type\":\"ReadAction\",\"target\":[\"https:\\\/\\\/www.bigreddxb.com\\\/fr\\\/a-propos-de-nous\\\/\"]}]},{\"@type\":\"BreadcrumbList\",\"@id\":\"https:\\\/\\\/www.bigreddxb.com\\\/fr\\\/a-propos-de-nous\\\/#breadcrumb\",\"itemListElement\":[{\"@type\":\"ListItem\",\"position\":1,\"name\":\"Home\",\"item\":\"https:\\\/\\\/www.bigreddxb.com\\\/fr\\\/\"},{\"@type\":\"ListItem\",\"position\":2,\"name\":\"A propos de nous\"}]},{\"@type\":\"WebSite\",\"@id\":\"https:\\\/\\\/www.bigreddxb.com\\\/fr\\\/#website\",\"url\":\"https:\\\/\\\/www.bigreddxb.com\\\/fr\\\/\",\"name\":\"Big Red Adventure Tours\",\"description\":\"Buggy Tours in Dubai\",\"publisher\":{\"@id\":\"https:\\\/\\\/www.bigreddxb.com\\\/fr\\\/#organization\"},\"potentialAction\":[{\"@type\":\"SearchAction\",\"target\":{\"@type\":\"EntryPoint\",\"urlTemplate\":\"https:\\\/\\\/www.bigreddxb.com\\\/fr\\\/?s={search_term_string}\"},\"query-input\":{\"@type\":\"PropertyValueSpecification\",\"valueRequired\":true,\"valueName\":\"search_term_string\"}}],\"inLanguage\":\"fr-FR\"},{\"@type\":\"Organization\",\"@id\":\"https:\\\/\\\/www.bigreddxb.com\\\/fr\\\/#organization\",\"name\":\"Big Red Adventure Tours\",\"url\":\"https:\\\/\\\/www.bigreddxb.com\\\/fr\\\/\",\"logo\":{\"@type\":\"ImageObject\",\"inLanguage\":\"fr-FR\",\"@id\":\"https:\\\/\\\/www.bigreddxb.com\\\/fr\\\/#\\\/schema\\\/logo\\\/image\\\/\",\"url\":\"https:\\\/\\\/www.bigreddxb.com\\\/wp-content\\\/uploads\\\/2022\\\/09\\\/Can-am-buggy-tours-bigreddxb.jpg\",\"contentUrl\":\"https:\\\/\\\/www.bigreddxb.com\\\/wp-content\\\/uploads\\\/2022\\\/09\\\/Can-am-buggy-tours-bigreddxb.jpg\",\"width\":384,\"height\":256,\"caption\":\"Big Red Adventure Tours\"},\"image\":{\"@id\":\"https:\\\/\\\/www.bigreddxb.com\\\/fr\\\/#\\\/schema\\\/logo\\\/image\\\/\"},\"sameAs\":[\"https:\\\/\\\/www.instagram.com\\\/bigreddxb\\\/\"]}]}<\/script>\n<!-- \/ Yoast SEO Premium plugin. -->","yoast_head_json":{"title":"A propos de nous - Dune Buggy Dubai - Big Red Adventure Tours","description":"Big Red Adventure Tours propose une vari\u00e9t\u00e9 de circuits adapt\u00e9s \u00e0 tous les \u00e2ges et \u00e0 tous les niveaux d'exp\u00e9rience \u00e0 Duba\u00ef, \u00e0 des prix abordables. En savoir plus sur nous !","robots":{"index":"index","follow":"follow","max-snippet":"max-snippet:-1","max-image-preview":"max-image-preview:large","max-video-preview":"max-video-preview:-1"},"canonical":"https:\/\/www.bigreddxb.com\/fr\/a-propos-de-nous\/","og_locale":"fr_FR","og_type":"article","og_title":"A propos de nous","og_description":"Big Red Adventure Tours propose une vari\u00e9t\u00e9 de circuits adapt\u00e9s \u00e0 tous les \u00e2ges et \u00e0 tous les niveaux d'exp\u00e9rience \u00e0 Duba\u00ef, \u00e0 des prix abordables. En savoir plus sur nous !","og_url":"https:\/\/www.bigreddxb.com\/fr\/a-propos-de-nous\/","og_site_name":"Big Red Adventure Tours","twitter_card":"summary_large_image","schema":{"@context":"https:\/\/schema.org","@graph":[{"@type":"WebPage","@id":"https:\/\/www.bigreddxb.com\/fr\/a-propos-de-nous\/","url":"https:\/\/www.bigreddxb.com\/fr\/a-propos-de-nous\/","name":"A propos de nous - Dune Buggy Dubai - Big Red Adventure Tours","isPartOf":{"@id":"https:\/\/www.bigreddxb.com\/fr\/#website"},"datePublished":"2022-08-28T05:26:49+00:00","description":"Big Red Adventure Tours propose une vari\u00e9t\u00e9 de circuits adapt\u00e9s \u00e0 tous les \u00e2ges et \u00e0 tous les niveaux d'exp\u00e9rience \u00e0 Duba\u00ef, \u00e0 des prix abordables. En savoir plus sur nous !","breadcrumb":{"@id":"https:\/\/www.bigreddxb.com\/fr\/a-propos-de-nous\/#breadcrumb"},"inLanguage":"fr-FR","potentialAction":[{"@type":"ReadAction","target":["https:\/\/www.bigreddxb.com\/fr\/a-propos-de-nous\/"]}]},{"@type":"BreadcrumbList","@id":"https:\/\/www.bigreddxb.com\/fr\/a-propos-de-nous\/#breadcrumb","itemListElement":[{"@type":"ListItem","position":1,"name":"Home","item":"https:\/\/www.bigreddxb.com\/fr\/"},{"@type":"ListItem","position":2,"name":"A propos de nous"}]},{"@type":"WebSite","@id":"https:\/\/www.bigreddxb.com\/fr\/#website","url":"https:\/\/www.bigreddxb.com\/fr\/","name":"Big Red Adventure Tours","description":"Buggy Tours in Dubai","publisher":{"@id":"https:\/\/www.bigreddxb.com\/fr\/#organization"},"potentialAction":[{"@type":"SearchAction","target":{"@type":"EntryPoint","urlTemplate":"https:\/\/www.bigreddxb.com\/fr\/?s={search_term_string}"},"query-input":{"@type":"PropertyValueSpecification","valueRequired":true,"valueName":"search_term_string"}}],"inLanguage":"fr-FR"},{"@type":"Organization","@id":"https:\/\/www.bigreddxb.com\/fr\/#organization","name":"Big Red Adventure Tours","url":"https:\/\/www.bigreddxb.com\/fr\/","logo":{"@type":"ImageObject","inLanguage":"fr-FR","@id":"https:\/\/www.bigreddxb.com\/fr\/#\/schema\/logo\/image\/","url":"https:\/\/www.bigreddxb.com\/wp-content\/uploads\/2022\/09\/Can-am-buggy-tours-bigreddxb.jpg","contentUrl":"https:\/\/www.bigreddxb.com\/wp-content\/uploads\/2022\/09\/Can-am-buggy-tours-bigreddxb.jpg","width":384,"height":256,"caption":"Big Red Adventure Tours"},"image":{"@id":"https:\/\/www.bigreddxb.com\/fr\/#\/schema\/logo\/image\/"},"sameAs":["https:\/\/www.instagram.com\/bigreddxb\/"]}]}},"_links":{"self":[{"href":"https:\/\/www.bigreddxb.com\/fr\/wp-json\/wp\/v2\/pages\/6365","targetHints":{"allow":["GET"]}}],"collection":[{"href":"https:\/\/www.bigreddxb.com\/fr\/wp-json\/wp\/v2\/pages"}],"about":[{"href":"https:\/\/www.bigreddxb.com\/fr\/wp-json\/wp\/v2\/types\/page"}],"author":[{"embeddable":true,"href":"https:\/\/www.bigreddxb.com\/fr\/wp-json\/wp\/v2\/users\/1"}],"replies":[{"embeddable":true,"href":"https:\/\/www.bigreddxb.com\/fr\/wp-json\/wp\/v2\/comments?post=6365"}],"version-history":[{"count":0,"href":"https:\/\/www.bigreddxb.com\/fr\/wp-json\/wp\/v2\/pages\/6365\/revisions"}],"wp:attachment":[{"href":"https:\/\/www.bigreddxb.com\/fr\/wp-json\/wp\/v2\/media?parent=6365"}],"curies":[{"name":"wp","href":"https:\/\/api.w.org\/{rel}","templated":true}]}}