{"id":6532,"date":"2022-08-28T05:29:17","date_gmt":"2022-08-28T05:29:17","guid":{"rendered":"https:\/\/www.bigreddxb.com\/remboursement-et-annulation\/"},"modified":"2023-06-05T06:44:53","modified_gmt":"2023-06-05T06:44:53","slug":"remboursement-et-annulation","status":"publish","type":"page","link":"https:\/\/www.bigreddxb.com\/fr\/remboursement-et-annulation\/","title":{"rendered":"Remboursement et annulation"},"content":{"rendered":"<p>Politique de remboursement Vous pouvez demander l&rsquo;annulation de votre r\u00e9servation pour un remboursement int\u00e9gral, jusqu&rsquo;\u00e0 48 heures avant la date et l&rsquo;heure de la visite.<\/p>\n<p>Les annulations effectu\u00e9es entre 24 et 48 heures avant l&rsquo;excursion donnent lieu \u00e0 un remboursement de 50 %.<\/p>\n<p>Les annulations moins de 24 heures avant la visite ne sont pas remboursables.<br \/>\nLorsque vous vous inscrivez \u00e0 une visite, vous acceptez les pr\u00e9sentes conditions g\u00e9n\u00e9rales.<\/p>\n<p>Toutes les annulations doivent \u00eatre effectu\u00e9es directement aupr\u00e8s de Big Red Adventure Tours.<\/p>\n<p>Une r\u00e9servation n&rsquo;est officiellement annul\u00e9e que lorsque l&rsquo;h\u00f4te a re\u00e7u la confirmation de l&rsquo;annulation de la part de info@bigreddxb.com.<\/p>\n<p>Les remboursements sont effectu\u00e9s dans un d\u00e9lai de 7 \u00e0 10 jours selon la banque \u00e9mettrice de la carte de cr\u00e9dit\/d\u00e9bit.<\/p>\n","protected":false},"excerpt":{"rendered":"<p>Politique de remboursement Vous pouvez demander l&rsquo;annulation de votre r\u00e9servation pour un remboursement int\u00e9gral, jusqu&rsquo;\u00e0 48 heures avant la date et l&rsquo;heure de la visite. Les annulations effectu\u00e9es entre 24 et 48 heures avant l&rsquo;excursion donnent lieu \u00e0 un remboursement de 50 %. Les annulations moins de 24 heures avant la visite ne sont pas [&hellip;]<\/p>\n","protected":false},"author":1,"featured_media":0,"parent":0,"menu_order":0,"comment_status":"closed","ping_status":"closed","template":"","meta":{"_acf_changed":false,"_themeisle_gutenberg_block_has_review":false,"footnotes":""},"class_list":["post-6532","page","type-page","status-publish","hentry"],"acf":[],"yoast_head":"<!-- This site is optimized with the Yoast SEO Premium plugin v20.12 (Yoast SEO v27.5) - https:\/\/yoast.com\/product\/yoast-seo-premium-wordpress\/ -->\n<title>Remboursement et annulation &#8211; Big Red Adventure Tours<\/title>\n<meta name=\"robots\" content=\"index, follow, max-snippet:-1, max-image-preview:large, max-video-preview:-1\" \/>\n<link rel=\"canonical\" href=\"https:\/\/www.bigreddxb.com\/fr\/remboursement-et-annulation\/\" \/>\n<meta property=\"og:locale\" content=\"fr_FR\" \/>\n<meta property=\"og:type\" content=\"article\" \/>\n<meta property=\"og:title\" content=\"Remboursement et annulation\" \/>\n<meta property=\"og:description\" content=\"Politique de remboursement Vous pouvez demander l&rsquo;annulation de votre r\u00e9servation pour un remboursement int\u00e9gral, jusqu&rsquo;\u00e0 48 heures avant la date et l&rsquo;heure de la visite. Les annulations effectu\u00e9es entre 24 et 48 heures avant l&rsquo;excursion donnent lieu \u00e0 un remboursement de 50 %. Les annulations moins de 24 heures avant la visite ne sont pas [&hellip;]\" \/>\n<meta property=\"og:url\" content=\"https:\/\/www.bigreddxb.com\/fr\/remboursement-et-annulation\/\" \/>\n<meta property=\"og:site_name\" content=\"Big Red Adventure Tours\" \/>\n<meta property=\"article:modified_time\" content=\"2023-06-05T06:44:53+00:00\" \/>\n<meta name=\"twitter:card\" content=\"summary_large_image\" \/>\n<meta name=\"twitter:label1\" content=\"Dur\u00e9e de lecture estim\u00e9e\" \/>\n\t<meta name=\"twitter:data1\" content=\"1 minute\" \/>\n<script type=\"application\/ld+json\" class=\"yoast-schema-graph\">{\"@context\":\"https:\\\/\\\/schema.org\",\"@graph\":[{\"@type\":\"WebPage\",\"@id\":\"https:\\\/\\\/www.bigreddxb.com\\\/fr\\\/remboursement-et-annulation\\\/\",\"url\":\"https:\\\/\\\/www.bigreddxb.com\\\/fr\\\/remboursement-et-annulation\\\/\",\"name\":\"Remboursement et annulation &#8211; Big Red Adventure Tours\",\"isPartOf\":{\"@id\":\"https:\\\/\\\/www.bigreddxb.com\\\/fr\\\/#website\"},\"datePublished\":\"2022-08-28T05:29:17+00:00\",\"dateModified\":\"2023-06-05T06:44:53+00:00\",\"breadcrumb\":{\"@id\":\"https:\\\/\\\/www.bigreddxb.com\\\/fr\\\/remboursement-et-annulation\\\/#breadcrumb\"},\"inLanguage\":\"fr-FR\",\"potentialAction\":[{\"@type\":\"ReadAction\",\"target\":[\"https:\\\/\\\/www.bigreddxb.com\\\/fr\\\/remboursement-et-annulation\\\/\"]}]},{\"@type\":\"BreadcrumbList\",\"@id\":\"https:\\\/\\\/www.bigreddxb.com\\\/fr\\\/remboursement-et-annulation\\\/#breadcrumb\",\"itemListElement\":[{\"@type\":\"ListItem\",\"position\":1,\"name\":\"Home\",\"item\":\"https:\\\/\\\/www.bigreddxb.com\\\/fr\\\/\"},{\"@type\":\"ListItem\",\"position\":2,\"name\":\"Remboursement et annulation\"}]},{\"@type\":\"WebSite\",\"@id\":\"https:\\\/\\\/www.bigreddxb.com\\\/fr\\\/#website\",\"url\":\"https:\\\/\\\/www.bigreddxb.com\\\/fr\\\/\",\"name\":\"Big Red Adventure Tours\",\"description\":\"Buggy Tours in Dubai\",\"publisher\":{\"@id\":\"https:\\\/\\\/www.bigreddxb.com\\\/fr\\\/#organization\"},\"potentialAction\":[{\"@type\":\"SearchAction\",\"target\":{\"@type\":\"EntryPoint\",\"urlTemplate\":\"https:\\\/\\\/www.bigreddxb.com\\\/fr\\\/?s={search_term_string}\"},\"query-input\":{\"@type\":\"PropertyValueSpecification\",\"valueRequired\":true,\"valueName\":\"search_term_string\"}}],\"inLanguage\":\"fr-FR\"},{\"@type\":\"Organization\",\"@id\":\"https:\\\/\\\/www.bigreddxb.com\\\/fr\\\/#organization\",\"name\":\"Big Red Adventure Tours\",\"url\":\"https:\\\/\\\/www.bigreddxb.com\\\/fr\\\/\",\"logo\":{\"@type\":\"ImageObject\",\"inLanguage\":\"fr-FR\",\"@id\":\"https:\\\/\\\/www.bigreddxb.com\\\/fr\\\/#\\\/schema\\\/logo\\\/image\\\/\",\"url\":\"https:\\\/\\\/www.bigreddxb.com\\\/wp-content\\\/uploads\\\/2022\\\/09\\\/Can-am-buggy-tours-bigreddxb.jpg\",\"contentUrl\":\"https:\\\/\\\/www.bigreddxb.com\\\/wp-content\\\/uploads\\\/2022\\\/09\\\/Can-am-buggy-tours-bigreddxb.jpg\",\"width\":384,\"height\":256,\"caption\":\"Big Red Adventure Tours\"},\"image\":{\"@id\":\"https:\\\/\\\/www.bigreddxb.com\\\/fr\\\/#\\\/schema\\\/logo\\\/image\\\/\"},\"sameAs\":[\"https:\\\/\\\/www.instagram.com\\\/bigreddxb\\\/\"]}]}<\/script>\n<!-- \/ Yoast SEO Premium plugin. -->","yoast_head_json":{"title":"Remboursement et annulation &#8211; Big Red Adventure Tours","robots":{"index":"index","follow":"follow","max-snippet":"max-snippet:-1","max-image-preview":"max-image-preview:large","max-video-preview":"max-video-preview:-1"},"canonical":"https:\/\/www.bigreddxb.com\/fr\/remboursement-et-annulation\/","og_locale":"fr_FR","og_type":"article","og_title":"Remboursement et annulation","og_description":"Politique de remboursement Vous pouvez demander l&rsquo;annulation de votre r\u00e9servation pour un remboursement int\u00e9gral, jusqu&rsquo;\u00e0 48 heures avant la date et l&rsquo;heure de la visite. Les annulations effectu\u00e9es entre 24 et 48 heures avant l&rsquo;excursion donnent lieu \u00e0 un remboursement de 50 %. Les annulations moins de 24 heures avant la visite ne sont pas [&hellip;]","og_url":"https:\/\/www.bigreddxb.com\/fr\/remboursement-et-annulation\/","og_site_name":"Big Red Adventure Tours","article_modified_time":"2023-06-05T06:44:53+00:00","twitter_card":"summary_large_image","twitter_misc":{"Dur\u00e9e de lecture estim\u00e9e":"1 minute"},"schema":{"@context":"https:\/\/schema.org","@graph":[{"@type":"WebPage","@id":"https:\/\/www.bigreddxb.com\/fr\/remboursement-et-annulation\/","url":"https:\/\/www.bigreddxb.com\/fr\/remboursement-et-annulation\/","name":"Remboursement et annulation &#8211; Big Red Adventure Tours","isPartOf":{"@id":"https:\/\/www.bigreddxb.com\/fr\/#website"},"datePublished":"2022-08-28T05:29:17+00:00","dateModified":"2023-06-05T06:44:53+00:00","breadcrumb":{"@id":"https:\/\/www.bigreddxb.com\/fr\/remboursement-et-annulation\/#breadcrumb"},"inLanguage":"fr-FR","potentialAction":[{"@type":"ReadAction","target":["https:\/\/www.bigreddxb.com\/fr\/remboursement-et-annulation\/"]}]},{"@type":"BreadcrumbList","@id":"https:\/\/www.bigreddxb.com\/fr\/remboursement-et-annulation\/#breadcrumb","itemListElement":[{"@type":"ListItem","position":1,"name":"Home","item":"https:\/\/www.bigreddxb.com\/fr\/"},{"@type":"ListItem","position":2,"name":"Remboursement et annulation"}]},{"@type":"WebSite","@id":"https:\/\/www.bigreddxb.com\/fr\/#website","url":"https:\/\/www.bigreddxb.com\/fr\/","name":"Big Red Adventure Tours","description":"Buggy Tours in Dubai","publisher":{"@id":"https:\/\/www.bigreddxb.com\/fr\/#organization"},"potentialAction":[{"@type":"SearchAction","target":{"@type":"EntryPoint","urlTemplate":"https:\/\/www.bigreddxb.com\/fr\/?s={search_term_string}"},"query-input":{"@type":"PropertyValueSpecification","valueRequired":true,"valueName":"search_term_string"}}],"inLanguage":"fr-FR"},{"@type":"Organization","@id":"https:\/\/www.bigreddxb.com\/fr\/#organization","name":"Big Red Adventure Tours","url":"https:\/\/www.bigreddxb.com\/fr\/","logo":{"@type":"ImageObject","inLanguage":"fr-FR","@id":"https:\/\/www.bigreddxb.com\/fr\/#\/schema\/logo\/image\/","url":"https:\/\/www.bigreddxb.com\/wp-content\/uploads\/2022\/09\/Can-am-buggy-tours-bigreddxb.jpg","contentUrl":"https:\/\/www.bigreddxb.com\/wp-content\/uploads\/2022\/09\/Can-am-buggy-tours-bigreddxb.jpg","width":384,"height":256,"caption":"Big Red Adventure Tours"},"image":{"@id":"https:\/\/www.bigreddxb.com\/fr\/#\/schema\/logo\/image\/"},"sameAs":["https:\/\/www.instagram.com\/bigreddxb\/"]}]}},"_links":{"self":[{"href":"https:\/\/www.bigreddxb.com\/fr\/wp-json\/wp\/v2\/pages\/6532","targetHints":{"allow":["GET"]}}],"collection":[{"href":"https:\/\/www.bigreddxb.com\/fr\/wp-json\/wp\/v2\/pages"}],"about":[{"href":"https:\/\/www.bigreddxb.com\/fr\/wp-json\/wp\/v2\/types\/page"}],"author":[{"embeddable":true,"href":"https:\/\/www.bigreddxb.com\/fr\/wp-json\/wp\/v2\/users\/1"}],"replies":[{"embeddable":true,"href":"https:\/\/www.bigreddxb.com\/fr\/wp-json\/wp\/v2\/comments?post=6532"}],"version-history":[{"count":1,"href":"https:\/\/www.bigreddxb.com\/fr\/wp-json\/wp\/v2\/pages\/6532\/revisions"}],"predecessor-version":[{"id":6533,"href":"https:\/\/www.bigreddxb.com\/fr\/wp-json\/wp\/v2\/pages\/6532\/revisions\/6533"}],"wp:attachment":[{"href":"https:\/\/www.bigreddxb.com\/fr\/wp-json\/wp\/v2\/media?parent=6532"}],"curies":[{"name":"wp","href":"https:\/\/api.w.org\/{rel}","templated":true}]}}