{"id":6535,"date":"2022-08-28T05:28:12","date_gmt":"2022-08-28T05:28:12","guid":{"rendered":"https:\/\/www.bigreddxb.com\/politique-de-confidentialite\/"},"modified":"2022-08-28T05:28:12","modified_gmt":"2022-08-28T05:28:12","slug":"politique-de-confidentialite","status":"publish","type":"page","link":"https:\/\/www.bigreddxb.com\/fr\/politique-de-confidentialite\/","title":{"rendered":"Politique de confidentialit\u00e9"},"content":{"rendered":"<p>Toutes les donn\u00e9es relatives aux cartes de cr\u00e9dit\/d\u00e9bit et les informations personnellement identifiables ne seront PAS stock\u00e9es, vendues, partag\u00e9es, lou\u00e9es ou c\u00e9d\u00e9es \u00e0 des tiers.<\/p>\n<p>Big Red Adventure Tours ne transmettra pas \u00e0 des tiers les donn\u00e9es relatives aux cartes de d\u00e9bit\/cr\u00e9dit.<\/p>\n<p>Big Red Adventure Tours prend des mesures appropri\u00e9es pour assurer la confidentialit\u00e9 et la s\u00e9curit\u00e9 des donn\u00e9es, notamment par le biais de diverses m\u00e9thodologies mat\u00e9rielles et logicielles. Toutefois, (www.bigreddxb.com) ne peut pas garantir la s\u00e9curit\u00e9 des informations divulgu\u00e9es en ligne<\/p>\n<p>Big Red Adventure Tours n&rsquo;est pas responsable des politiques de confidentialit\u00e9 des sites Internet vers lesquels il renvoie. Si vous fournissez des informations \u00e0 ces tiers, des r\u00e8gles diff\u00e9rentes concernant la collecte et l&rsquo;utilisation de vos informations personnelles peuvent s&rsquo;appliquer. Vous devez contacter ces entit\u00e9s directement si vous avez des questions sur l&rsquo;utilisation des informations qu&rsquo;elles recueillent.<\/p>\n<p>Les politiques et les conditions g\u00e9n\u00e9rales du site web peuvent \u00eatre modifi\u00e9es ou mises \u00e0 jour occasionnellement pour r\u00e9pondre aux exigences et aux normes. Par cons\u00e9quent, les clients sont encourag\u00e9s \u00e0 consulter fr\u00e9quemment ces sections pour se tenir au courant des modifications apport\u00e9es au site web. Les modifications entreront en vigueur le jour de leur publication.<\/p>\n<p>Informations recueillies par Big Red Adventure Tours. Ceci est la politique de confidentialit\u00e9 en ligne de Big Red Adventure Tours (\u00ab\u00a0bigreddxb.com\u00a0\u00bb) (\u00ab\u00a0Politique\u00a0\u00bb). Cette politique s&rsquo;applique uniquement aux activit\u00e9s de bigreddxb.com sur son site web et ne s&rsquo;applique pas aux activit\u00e9s de www.bigreddxb.com qui sont \u00ab\u00a0hors ligne\u00a0\u00bb ou non li\u00e9es au site web.<\/p>\n<p>bigreddxb.com recueille certaines donn\u00e9es anonymes concernant l&rsquo;utilisation du site web. Ces informations ne permettent pas d&rsquo;identifier personnellement les utilisateurs, en elles-m\u00eames ou en combinaison avec d&rsquo;autres informations, et sont recueillies pour am\u00e9liorer les performances du site web. Les donn\u00e9es anonymes collect\u00e9es par le site web www.bigreddxb.com peuvent inclure des informations telles que le type de navigateur que vous utilisez et la dur\u00e9e de votre visite sur le site web. Sur le site bigreddxb.com, il peut vous \u00eatre demand\u00e9 de fournir des informations personnelles identifiables, telles que votre nom, votre adresse, votre num\u00e9ro de t\u00e9l\u00e9phone et votre adresse \u00e9lectronique. Ces informations peuvent \u00eatre recueillies lorsque vous envoyez des commentaires ou des courriers \u00e9lectroniques \u00e0 bigreddxb.com, lorsque vous vous inscrivez \u00e0 des services ou lorsque vous effectuez des achats sur le site web. Dans tous ces cas, vous avez la possibilit\u00e9 de nous fournir des informations personnellement identifiables.<\/p>\n<p>Utilisation et divulgation des informations. Sauf indication contraire ci-dessous, nous ne vendons pas, n&rsquo;\u00e9changeons pas et ne louons pas \u00e0 des tiers les informations personnelles identifiables recueillies sur le site. Les informations collect\u00e9es par notre site sont utilis\u00e9es pour traiter les commandes, pour vous tenir inform\u00e9 de l&rsquo;\u00e9tat de votre commande, pour vous informer des produits ou des offres sp\u00e9ciales susceptibles de vous int\u00e9resser, et \u00e0 des fins statistiques pour am\u00e9liorer notre site. Nous divulguerons vos informations de livraison \u00e0 des tiers \u00e0 des fins de suivi des commandes ou de traitement de votre ch\u00e8que ou de votre mandat, selon le cas, afin d&rsquo;ex\u00e9cuter votre commande, d&rsquo;am\u00e9liorer la fonctionnalit\u00e9 de notre site, d&rsquo;effectuer des analyses statistiques et des analyses de donn\u00e9es, de livrer votre commande et de vous envoyer des courriels promotionnels de notre part. Par exemple, nous devons communiquer votre adresse postale au service de livraison pour qu&rsquo;il puisse vous livrer les produits que vous avez command\u00e9s.<\/p>\n<p>Toutes les donn\u00e9es relatives aux cartes de cr\u00e9dit\/d\u00e9bit et les informations personnellement identifiables ne seront PAS stock\u00e9es, vendues, partag\u00e9es, lou\u00e9es ou c\u00e9d\u00e9es \u00e0 des tiers.<\/p>\n<p>Cookies. Les cookies sont de petits morceaux de donn\u00e9es mis en cache dans le navigateur de l&rsquo;utilisateur. bigreddxb.com utilise des cookies pour d\u00e9terminer si vous avez d\u00e9j\u00e0 visit\u00e9 la page d&rsquo;accueil dans le pass\u00e9. Cependant, aucune autre information sur l&rsquo;utilisateur n&rsquo;est recueillie.<\/p>\n<p>bigreddxb.com peut utiliser des \u00ab\u00a0donn\u00e9es agr\u00e9g\u00e9es\u00a0\u00bb non personnelles pour am\u00e9liorer le fonctionnement de notre site Web ou analyser l&rsquo;int\u00e9r\u00eat pour les zones de notre site Web. De plus, si vous fournissez \u00e0 bigreddxb.com du contenu \u00e0 publier ou des commentaires, nous pouvons publier votre nom d&rsquo;utilisateur ou d&rsquo;autres donn\u00e9es d&rsquo;identification avec votre permission.<\/p>\n<p>bigreddxb.com peut \u00e9galement divulguer des informations personnelles identifiables afin de r\u00e9pondre \u00e0 une citation \u00e0 compara\u00eetre, \u00e0 une ordonnance du tribunal ou \u00e0 toute autre demande de ce type. www.bigreddxb.com peut \u00e9galement fournir ces informations personnellement identifiables en r\u00e9ponse \u00e0 une demande des autorit\u00e9s charg\u00e9es de l&rsquo;application de la loi ou si la loi l&rsquo;exige. Vos informations personnelles identifiables peuvent \u00eatre fournies \u00e0 une partie si bigreddxb.com d\u00e9pose le bilan, ou s&rsquo;il y a un transfert des actifs ou de la propri\u00e9t\u00e9 de www.bigreddxb.com dans le cadre de r\u00e9organisations d&rsquo;entreprise propos\u00e9es ou r\u00e9alis\u00e9es, telles que des fusions ou des acquisitions.<\/p>\n<p>La s\u00e9curit\u00e9. www.bigreddxb.com prend des mesures appropri\u00e9es pour garantir la confidentialit\u00e9 et la s\u00e9curit\u00e9 des donn\u00e9es, notamment par le biais de diverses m\u00e9thodologies mat\u00e9rielles et logicielles. Toutefois, www.bigreddxb.com ne peut garantir la s\u00e9curit\u00e9 des informations divulgu\u00e9es en ligne.<\/p>\n<p>Autres sites web. www.bigreddxb.com n&rsquo;est pas responsable des politiques de confidentialit\u00e9 des sites web vers lesquels il renvoie. Si vous fournissez des informations \u00e0 ces tiers, des r\u00e8gles diff\u00e9rentes concernant la collecte et l&rsquo;utilisation de vos informations personnelles peuvent s&rsquo;appliquer. Nous vous conseillons vivement de consulter les politiques de confidentialit\u00e9 de ces tiers avant de leur fournir des donn\u00e9es. Nous ne sommes pas responsables des politiques ou des pratiques des tiers. Veuillez noter que nos sites peuvent contenir des liens vers d&rsquo;autres sites Internet d\u00e9tenus et g\u00e9r\u00e9s par des tiers. Les pratiques en mati\u00e8re d&rsquo;information de ces sites web li\u00e9s \u00e0 notre site ne sont pas couvertes par la pr\u00e9sente politique. Ces autres sites peuvent envoyer leurs propres cookies ou GIF transparents aux utilisateurs, collecter des donn\u00e9es ou solliciter des informations personnellement identifiables. Nous ne pouvons pas contr\u00f4ler cette collecte d&rsquo;informations. Vous devez contacter ces entit\u00e9s directement si vous avez des questions sur l&rsquo;utilisation des informations qu&rsquo;elles recueillent.<\/p>\n<p>Mineurs. www.bigreddxb.com ne recueille pas sciemment d&rsquo;informations personnelles aupr\u00e8s de mineurs de moins de 18 ans. Les mineurs ne sont pas autoris\u00e9s \u00e0 utiliser le site web ou les services de www.bigreddxb.com, et www.bigreddxb.com demande aux mineurs de moins de 18 ans de ne pas soumettre d&rsquo;informations personnelles sur le site web. \u00c9tant donn\u00e9 que les informations concernant les mineurs de moins de 18 ans ne sont pas collect\u00e9es, www.bigreddxb.com ne diffuse pas sciemment d&rsquo;informations personnelles concernant des mineurs de moins de 18 ans.<\/p>\n<p>Corrections et mises \u00e0 jour. Si vous souhaitez modifier ou mettre \u00e0 jour les informations re\u00e7ues par www.bigreddxb.com, veuillez contacter info@bigreddxb.com.<\/p>\n<p>Modifications de la politique de confidentialit\u00e9. www.bigreddxb.com. Les politiques du site web et les conditions g\u00e9n\u00e9rales seront modifi\u00e9es ou mises \u00e0 jour occasionnellement pour r\u00e9pondre aux exigences et aux normes. Les clients sont donc encourag\u00e9s \u00e0 consulter fr\u00e9quemment ces sections afin de se tenir au courant des modifications apport\u00e9es au site web. Les modifications entreront en vigueur le jour de leur publication\u00a0\u00bb.<\/p>\n","protected":false},"excerpt":{"rendered":"<p>Toutes les donn\u00e9es relatives aux cartes de cr\u00e9dit\/d\u00e9bit et les informations personnellement identifiables ne seront PAS stock\u00e9es, vendues, partag\u00e9es, lou\u00e9es ou c\u00e9d\u00e9es \u00e0 des tiers. Big Red Adventure Tours ne transmettra pas \u00e0 des tiers les donn\u00e9es relatives aux cartes de d\u00e9bit\/cr\u00e9dit. Big Red Adventure Tours prend des mesures appropri\u00e9es pour assurer la confidentialit\u00e9 et [&hellip;]<\/p>\n","protected":false},"author":1,"featured_media":0,"parent":0,"menu_order":0,"comment_status":"closed","ping_status":"closed","template":"","meta":{"_acf_changed":false,"_themeisle_gutenberg_block_has_review":false,"footnotes":""},"class_list":["post-6535","page","type-page","status-publish","hentry"],"acf":[],"yoast_head":"<!-- This site is optimized with the Yoast SEO Premium plugin v20.12 (Yoast SEO v27.5) - https:\/\/yoast.com\/product\/yoast-seo-premium-wordpress\/ -->\n<title>Politique de confidentialit\u00e9 &#8211; Big Red Adventure Tours<\/title>\n<meta name=\"robots\" content=\"index, follow, max-snippet:-1, max-image-preview:large, max-video-preview:-1\" \/>\n<link rel=\"canonical\" href=\"https:\/\/www.bigreddxb.com\/fr\/politique-de-confidentialite\/\" \/>\n<meta property=\"og:locale\" content=\"fr_FR\" \/>\n<meta property=\"og:type\" content=\"article\" \/>\n<meta property=\"og:title\" content=\"Politique de confidentialit\u00e9\" \/>\n<meta property=\"og:description\" content=\"Toutes les donn\u00e9es relatives aux cartes de cr\u00e9dit\/d\u00e9bit et les informations personnellement identifiables ne seront PAS stock\u00e9es, vendues, partag\u00e9es, lou\u00e9es ou c\u00e9d\u00e9es \u00e0 des tiers. Big Red Adventure Tours ne transmettra pas \u00e0 des tiers les donn\u00e9es relatives aux cartes de d\u00e9bit\/cr\u00e9dit. Big Red Adventure Tours prend des mesures appropri\u00e9es pour assurer la confidentialit\u00e9 et [&hellip;]\" \/>\n<meta property=\"og:url\" content=\"https:\/\/www.bigreddxb.com\/fr\/politique-de-confidentialite\/\" \/>\n<meta property=\"og:site_name\" content=\"Big Red Adventure Tours\" \/>\n<meta name=\"twitter:card\" content=\"summary_large_image\" \/>\n<meta name=\"twitter:label1\" content=\"Dur\u00e9e de lecture estim\u00e9e\" \/>\n\t<meta name=\"twitter:data1\" content=\"6 minutes\" \/>\n<script type=\"application\/ld+json\" class=\"yoast-schema-graph\">{\"@context\":\"https:\\\/\\\/schema.org\",\"@graph\":[{\"@type\":\"WebPage\",\"@id\":\"https:\\\/\\\/www.bigreddxb.com\\\/fr\\\/politique-de-confidentialite\\\/\",\"url\":\"https:\\\/\\\/www.bigreddxb.com\\\/fr\\\/politique-de-confidentialite\\\/\",\"name\":\"Politique de confidentialit\u00e9 &#8211; Big Red Adventure Tours\",\"isPartOf\":{\"@id\":\"https:\\\/\\\/www.bigreddxb.com\\\/fr\\\/#website\"},\"datePublished\":\"2022-08-28T05:28:12+00:00\",\"breadcrumb\":{\"@id\":\"https:\\\/\\\/www.bigreddxb.com\\\/fr\\\/politique-de-confidentialite\\\/#breadcrumb\"},\"inLanguage\":\"fr-FR\",\"potentialAction\":[{\"@type\":\"ReadAction\",\"target\":[\"https:\\\/\\\/www.bigreddxb.com\\\/fr\\\/politique-de-confidentialite\\\/\"]}]},{\"@type\":\"BreadcrumbList\",\"@id\":\"https:\\\/\\\/www.bigreddxb.com\\\/fr\\\/politique-de-confidentialite\\\/#breadcrumb\",\"itemListElement\":[{\"@type\":\"ListItem\",\"position\":1,\"name\":\"Home\",\"item\":\"https:\\\/\\\/www.bigreddxb.com\\\/fr\\\/\"},{\"@type\":\"ListItem\",\"position\":2,\"name\":\"Politique de confidentialit\u00e9\"}]},{\"@type\":\"WebSite\",\"@id\":\"https:\\\/\\\/www.bigreddxb.com\\\/fr\\\/#website\",\"url\":\"https:\\\/\\\/www.bigreddxb.com\\\/fr\\\/\",\"name\":\"Big Red Adventure Tours\",\"description\":\"Buggy Tours in Dubai\",\"publisher\":{\"@id\":\"https:\\\/\\\/www.bigreddxb.com\\\/fr\\\/#organization\"},\"potentialAction\":[{\"@type\":\"SearchAction\",\"target\":{\"@type\":\"EntryPoint\",\"urlTemplate\":\"https:\\\/\\\/www.bigreddxb.com\\\/fr\\\/?s={search_term_string}\"},\"query-input\":{\"@type\":\"PropertyValueSpecification\",\"valueRequired\":true,\"valueName\":\"search_term_string\"}}],\"inLanguage\":\"fr-FR\"},{\"@type\":\"Organization\",\"@id\":\"https:\\\/\\\/www.bigreddxb.com\\\/fr\\\/#organization\",\"name\":\"Big Red Adventure Tours\",\"url\":\"https:\\\/\\\/www.bigreddxb.com\\\/fr\\\/\",\"logo\":{\"@type\":\"ImageObject\",\"inLanguage\":\"fr-FR\",\"@id\":\"https:\\\/\\\/www.bigreddxb.com\\\/fr\\\/#\\\/schema\\\/logo\\\/image\\\/\",\"url\":\"https:\\\/\\\/www.bigreddxb.com\\\/wp-content\\\/uploads\\\/2022\\\/09\\\/Can-am-buggy-tours-bigreddxb.jpg\",\"contentUrl\":\"https:\\\/\\\/www.bigreddxb.com\\\/wp-content\\\/uploads\\\/2022\\\/09\\\/Can-am-buggy-tours-bigreddxb.jpg\",\"width\":384,\"height\":256,\"caption\":\"Big Red Adventure Tours\"},\"image\":{\"@id\":\"https:\\\/\\\/www.bigreddxb.com\\\/fr\\\/#\\\/schema\\\/logo\\\/image\\\/\"},\"sameAs\":[\"https:\\\/\\\/www.instagram.com\\\/bigreddxb\\\/\"]}]}<\/script>\n<!-- \/ Yoast SEO Premium plugin. -->","yoast_head_json":{"title":"Politique de confidentialit\u00e9 &#8211; Big Red Adventure Tours","robots":{"index":"index","follow":"follow","max-snippet":"max-snippet:-1","max-image-preview":"max-image-preview:large","max-video-preview":"max-video-preview:-1"},"canonical":"https:\/\/www.bigreddxb.com\/fr\/politique-de-confidentialite\/","og_locale":"fr_FR","og_type":"article","og_title":"Politique de confidentialit\u00e9","og_description":"Toutes les donn\u00e9es relatives aux cartes de cr\u00e9dit\/d\u00e9bit et les informations personnellement identifiables ne seront PAS stock\u00e9es, vendues, partag\u00e9es, lou\u00e9es ou c\u00e9d\u00e9es \u00e0 des tiers. Big Red Adventure Tours ne transmettra pas \u00e0 des tiers les donn\u00e9es relatives aux cartes de d\u00e9bit\/cr\u00e9dit. Big Red Adventure Tours prend des mesures appropri\u00e9es pour assurer la confidentialit\u00e9 et [&hellip;]","og_url":"https:\/\/www.bigreddxb.com\/fr\/politique-de-confidentialite\/","og_site_name":"Big Red Adventure Tours","twitter_card":"summary_large_image","twitter_misc":{"Dur\u00e9e de lecture estim\u00e9e":"6 minutes"},"schema":{"@context":"https:\/\/schema.org","@graph":[{"@type":"WebPage","@id":"https:\/\/www.bigreddxb.com\/fr\/politique-de-confidentialite\/","url":"https:\/\/www.bigreddxb.com\/fr\/politique-de-confidentialite\/","name":"Politique de confidentialit\u00e9 &#8211; Big Red Adventure Tours","isPartOf":{"@id":"https:\/\/www.bigreddxb.com\/fr\/#website"},"datePublished":"2022-08-28T05:28:12+00:00","breadcrumb":{"@id":"https:\/\/www.bigreddxb.com\/fr\/politique-de-confidentialite\/#breadcrumb"},"inLanguage":"fr-FR","potentialAction":[{"@type":"ReadAction","target":["https:\/\/www.bigreddxb.com\/fr\/politique-de-confidentialite\/"]}]},{"@type":"BreadcrumbList","@id":"https:\/\/www.bigreddxb.com\/fr\/politique-de-confidentialite\/#breadcrumb","itemListElement":[{"@type":"ListItem","position":1,"name":"Home","item":"https:\/\/www.bigreddxb.com\/fr\/"},{"@type":"ListItem","position":2,"name":"Politique de confidentialit\u00e9"}]},{"@type":"WebSite","@id":"https:\/\/www.bigreddxb.com\/fr\/#website","url":"https:\/\/www.bigreddxb.com\/fr\/","name":"Big Red Adventure Tours","description":"Buggy Tours in Dubai","publisher":{"@id":"https:\/\/www.bigreddxb.com\/fr\/#organization"},"potentialAction":[{"@type":"SearchAction","target":{"@type":"EntryPoint","urlTemplate":"https:\/\/www.bigreddxb.com\/fr\/?s={search_term_string}"},"query-input":{"@type":"PropertyValueSpecification","valueRequired":true,"valueName":"search_term_string"}}],"inLanguage":"fr-FR"},{"@type":"Organization","@id":"https:\/\/www.bigreddxb.com\/fr\/#organization","name":"Big Red Adventure Tours","url":"https:\/\/www.bigreddxb.com\/fr\/","logo":{"@type":"ImageObject","inLanguage":"fr-FR","@id":"https:\/\/www.bigreddxb.com\/fr\/#\/schema\/logo\/image\/","url":"https:\/\/www.bigreddxb.com\/wp-content\/uploads\/2022\/09\/Can-am-buggy-tours-bigreddxb.jpg","contentUrl":"https:\/\/www.bigreddxb.com\/wp-content\/uploads\/2022\/09\/Can-am-buggy-tours-bigreddxb.jpg","width":384,"height":256,"caption":"Big Red Adventure Tours"},"image":{"@id":"https:\/\/www.bigreddxb.com\/fr\/#\/schema\/logo\/image\/"},"sameAs":["https:\/\/www.instagram.com\/bigreddxb\/"]}]}},"_links":{"self":[{"href":"https:\/\/www.bigreddxb.com\/fr\/wp-json\/wp\/v2\/pages\/6535","targetHints":{"allow":["GET"]}}],"collection":[{"href":"https:\/\/www.bigreddxb.com\/fr\/wp-json\/wp\/v2\/pages"}],"about":[{"href":"https:\/\/www.bigreddxb.com\/fr\/wp-json\/wp\/v2\/types\/page"}],"author":[{"embeddable":true,"href":"https:\/\/www.bigreddxb.com\/fr\/wp-json\/wp\/v2\/users\/1"}],"replies":[{"embeddable":true,"href":"https:\/\/www.bigreddxb.com\/fr\/wp-json\/wp\/v2\/comments?post=6535"}],"version-history":[{"count":0,"href":"https:\/\/www.bigreddxb.com\/fr\/wp-json\/wp\/v2\/pages\/6535\/revisions"}],"wp:attachment":[{"href":"https:\/\/www.bigreddxb.com\/fr\/wp-json\/wp\/v2\/media?parent=6535"}],"curies":[{"name":"wp","href":"https:\/\/api.w.org\/{rel}","templated":true}]}}