{"id":6536,"date":"2022-08-28T03:37:11","date_gmt":"2022-08-28T03:37:11","guid":{"rendered":"https:\/\/www.bigreddxb.com\/galerie-des-medias\/"},"modified":"2023-06-05T06:48:00","modified_gmt":"2023-06-05T06:48:00","slug":"galerie-des-medias","status":"publish","type":"page","link":"https:\/\/www.bigreddxb.com\/fr\/galerie-des-medias\/","title":{"rendered":"Galerie des m\u00e9dias"},"content":{"rendered":"","protected":false},"excerpt":{"rendered":"","protected":false},"author":1,"featured_media":0,"parent":0,"menu_order":0,"comment_status":"closed","ping_status":"closed","template":"templates\/template-gallery.php","meta":{"_acf_changed":false,"_themeisle_gutenberg_block_has_review":false,"footnotes":""},"class_list":["post-6536","page","type-page","status-publish","hentry"],"acf":[],"yoast_head":"<!-- This site is optimized with the Yoast SEO Premium plugin v20.12 (Yoast SEO v27.4) - https:\/\/yoast.com\/product\/yoast-seo-premium-wordpress\/ -->\n<title>Galerie des m\u00e9dias - Circuit dans le d\u00e9sert d&#039;Arabie - Big Red Adventure Tours<\/title>\n<meta name=\"description\" content=\"D\u00e9couvrez la magie du d\u00e9sert d&#039;Arabie. Nos circuits offrent un regard unique sur cette magnifique r\u00e9gion du monde. Consultez notre galerie de presse pour voir des photos de nos voyages extraordinaires.\" \/>\n<meta name=\"robots\" content=\"index, follow, max-snippet:-1, max-image-preview:large, max-video-preview:-1\" \/>\n<link rel=\"canonical\" href=\"https:\/\/www.bigreddxb.com\/fr\/galerie-des-medias\/\" \/>\n<meta property=\"og:locale\" content=\"fr_FR\" \/>\n<meta property=\"og:type\" content=\"article\" \/>\n<meta property=\"og:title\" content=\"Galerie des m\u00e9dias\" \/>\n<meta property=\"og:description\" content=\"D\u00e9couvrez la magie du d\u00e9sert d&#039;Arabie. Nos circuits offrent un regard unique sur cette magnifique r\u00e9gion du monde. Consultez notre galerie de presse pour voir des photos de nos voyages extraordinaires.\" \/>\n<meta property=\"og:url\" content=\"https:\/\/www.bigreddxb.com\/fr\/galerie-des-medias\/\" \/>\n<meta property=\"og:site_name\" content=\"Big Red Adventure Tours\" \/>\n<meta property=\"article:modified_time\" content=\"2023-06-05T06:48:00+00:00\" \/>\n<meta name=\"twitter:card\" content=\"summary_large_image\" \/>\n<script type=\"application\/ld+json\" class=\"yoast-schema-graph\">{\"@context\":\"https:\\\/\\\/schema.org\",\"@graph\":[{\"@type\":\"WebPage\",\"@id\":\"https:\\\/\\\/www.bigreddxb.com\\\/fr\\\/galerie-des-medias\\\/\",\"url\":\"https:\\\/\\\/www.bigreddxb.com\\\/fr\\\/galerie-des-medias\\\/\",\"name\":\"Galerie des m\u00e9dias - Circuit dans le d\u00e9sert d'Arabie - Big Red Adventure Tours\",\"isPartOf\":{\"@id\":\"https:\\\/\\\/www.bigreddxb.com\\\/fr\\\/#website\"},\"datePublished\":\"2022-08-28T03:37:11+00:00\",\"dateModified\":\"2023-06-05T06:48:00+00:00\",\"description\":\"D\u00e9couvrez la magie du d\u00e9sert d'Arabie. Nos circuits offrent un regard unique sur cette magnifique r\u00e9gion du monde. Consultez notre galerie de presse pour voir des photos de nos voyages extraordinaires.\",\"breadcrumb\":{\"@id\":\"https:\\\/\\\/www.bigreddxb.com\\\/fr\\\/galerie-des-medias\\\/#breadcrumb\"},\"inLanguage\":\"fr-FR\",\"potentialAction\":[{\"@type\":\"ReadAction\",\"target\":[\"https:\\\/\\\/www.bigreddxb.com\\\/fr\\\/galerie-des-medias\\\/\"]}]},{\"@type\":\"BreadcrumbList\",\"@id\":\"https:\\\/\\\/www.bigreddxb.com\\\/fr\\\/galerie-des-medias\\\/#breadcrumb\",\"itemListElement\":[{\"@type\":\"ListItem\",\"position\":1,\"name\":\"Home\",\"item\":\"https:\\\/\\\/www.bigreddxb.com\\\/fr\\\/\"},{\"@type\":\"ListItem\",\"position\":2,\"name\":\"Galerie des m\u00e9dias\"}]},{\"@type\":\"WebSite\",\"@id\":\"https:\\\/\\\/www.bigreddxb.com\\\/fr\\\/#website\",\"url\":\"https:\\\/\\\/www.bigreddxb.com\\\/fr\\\/\",\"name\":\"Big Red Adventure Tours\",\"description\":\"Buggy Tours in Dubai\",\"publisher\":{\"@id\":\"https:\\\/\\\/www.bigreddxb.com\\\/fr\\\/#organization\"},\"potentialAction\":[{\"@type\":\"SearchAction\",\"target\":{\"@type\":\"EntryPoint\",\"urlTemplate\":\"https:\\\/\\\/www.bigreddxb.com\\\/fr\\\/?s={search_term_string}\"},\"query-input\":{\"@type\":\"PropertyValueSpecification\",\"valueRequired\":true,\"valueName\":\"search_term_string\"}}],\"inLanguage\":\"fr-FR\"},{\"@type\":\"Organization\",\"@id\":\"https:\\\/\\\/www.bigreddxb.com\\\/fr\\\/#organization\",\"name\":\"Big Red Adventure Tours\",\"url\":\"https:\\\/\\\/www.bigreddxb.com\\\/fr\\\/\",\"logo\":{\"@type\":\"ImageObject\",\"inLanguage\":\"fr-FR\",\"@id\":\"https:\\\/\\\/www.bigreddxb.com\\\/fr\\\/#\\\/schema\\\/logo\\\/image\\\/\",\"url\":\"https:\\\/\\\/www.bigreddxb.com\\\/wp-content\\\/uploads\\\/2022\\\/09\\\/Can-am-buggy-tours-bigreddxb.jpg\",\"contentUrl\":\"https:\\\/\\\/www.bigreddxb.com\\\/wp-content\\\/uploads\\\/2022\\\/09\\\/Can-am-buggy-tours-bigreddxb.jpg\",\"width\":384,\"height\":256,\"caption\":\"Big Red Adventure Tours\"},\"image\":{\"@id\":\"https:\\\/\\\/www.bigreddxb.com\\\/fr\\\/#\\\/schema\\\/logo\\\/image\\\/\"},\"sameAs\":[\"https:\\\/\\\/www.instagram.com\\\/bigreddxb\\\/\"]}]}<\/script>\n<!-- \/ Yoast SEO Premium plugin. -->","yoast_head_json":{"title":"Galerie des m\u00e9dias - Circuit dans le d\u00e9sert d'Arabie - Big Red Adventure Tours","description":"D\u00e9couvrez la magie du d\u00e9sert d'Arabie. Nos circuits offrent un regard unique sur cette magnifique r\u00e9gion du monde. Consultez notre galerie de presse pour voir des photos de nos voyages extraordinaires.","robots":{"index":"index","follow":"follow","max-snippet":"max-snippet:-1","max-image-preview":"max-image-preview:large","max-video-preview":"max-video-preview:-1"},"canonical":"https:\/\/www.bigreddxb.com\/fr\/galerie-des-medias\/","og_locale":"fr_FR","og_type":"article","og_title":"Galerie des m\u00e9dias","og_description":"D\u00e9couvrez la magie du d\u00e9sert d'Arabie. Nos circuits offrent un regard unique sur cette magnifique r\u00e9gion du monde. Consultez notre galerie de presse pour voir des photos de nos voyages extraordinaires.","og_url":"https:\/\/www.bigreddxb.com\/fr\/galerie-des-medias\/","og_site_name":"Big Red Adventure Tours","article_modified_time":"2023-06-05T06:48:00+00:00","twitter_card":"summary_large_image","schema":{"@context":"https:\/\/schema.org","@graph":[{"@type":"WebPage","@id":"https:\/\/www.bigreddxb.com\/fr\/galerie-des-medias\/","url":"https:\/\/www.bigreddxb.com\/fr\/galerie-des-medias\/","name":"Galerie des m\u00e9dias - Circuit dans le d\u00e9sert d'Arabie - Big Red Adventure Tours","isPartOf":{"@id":"https:\/\/www.bigreddxb.com\/fr\/#website"},"datePublished":"2022-08-28T03:37:11+00:00","dateModified":"2023-06-05T06:48:00+00:00","description":"D\u00e9couvrez la magie du d\u00e9sert d'Arabie. Nos circuits offrent un regard unique sur cette magnifique r\u00e9gion du monde. Consultez notre galerie de presse pour voir des photos de nos voyages extraordinaires.","breadcrumb":{"@id":"https:\/\/www.bigreddxb.com\/fr\/galerie-des-medias\/#breadcrumb"},"inLanguage":"fr-FR","potentialAction":[{"@type":"ReadAction","target":["https:\/\/www.bigreddxb.com\/fr\/galerie-des-medias\/"]}]},{"@type":"BreadcrumbList","@id":"https:\/\/www.bigreddxb.com\/fr\/galerie-des-medias\/#breadcrumb","itemListElement":[{"@type":"ListItem","position":1,"name":"Home","item":"https:\/\/www.bigreddxb.com\/fr\/"},{"@type":"ListItem","position":2,"name":"Galerie des m\u00e9dias"}]},{"@type":"WebSite","@id":"https:\/\/www.bigreddxb.com\/fr\/#website","url":"https:\/\/www.bigreddxb.com\/fr\/","name":"Big Red Adventure Tours","description":"Buggy Tours in Dubai","publisher":{"@id":"https:\/\/www.bigreddxb.com\/fr\/#organization"},"potentialAction":[{"@type":"SearchAction","target":{"@type":"EntryPoint","urlTemplate":"https:\/\/www.bigreddxb.com\/fr\/?s={search_term_string}"},"query-input":{"@type":"PropertyValueSpecification","valueRequired":true,"valueName":"search_term_string"}}],"inLanguage":"fr-FR"},{"@type":"Organization","@id":"https:\/\/www.bigreddxb.com\/fr\/#organization","name":"Big Red Adventure Tours","url":"https:\/\/www.bigreddxb.com\/fr\/","logo":{"@type":"ImageObject","inLanguage":"fr-FR","@id":"https:\/\/www.bigreddxb.com\/fr\/#\/schema\/logo\/image\/","url":"https:\/\/www.bigreddxb.com\/wp-content\/uploads\/2022\/09\/Can-am-buggy-tours-bigreddxb.jpg","contentUrl":"https:\/\/www.bigreddxb.com\/wp-content\/uploads\/2022\/09\/Can-am-buggy-tours-bigreddxb.jpg","width":384,"height":256,"caption":"Big Red Adventure Tours"},"image":{"@id":"https:\/\/www.bigreddxb.com\/fr\/#\/schema\/logo\/image\/"},"sameAs":["https:\/\/www.instagram.com\/bigreddxb\/"]}]}},"_links":{"self":[{"href":"https:\/\/www.bigreddxb.com\/fr\/wp-json\/wp\/v2\/pages\/6536","targetHints":{"allow":["GET"]}}],"collection":[{"href":"https:\/\/www.bigreddxb.com\/fr\/wp-json\/wp\/v2\/pages"}],"about":[{"href":"https:\/\/www.bigreddxb.com\/fr\/wp-json\/wp\/v2\/types\/page"}],"author":[{"embeddable":true,"href":"https:\/\/www.bigreddxb.com\/fr\/wp-json\/wp\/v2\/users\/1"}],"replies":[{"embeddable":true,"href":"https:\/\/www.bigreddxb.com\/fr\/wp-json\/wp\/v2\/comments?post=6536"}],"version-history":[{"count":1,"href":"https:\/\/www.bigreddxb.com\/fr\/wp-json\/wp\/v2\/pages\/6536\/revisions"}],"predecessor-version":[{"id":6537,"href":"https:\/\/www.bigreddxb.com\/fr\/wp-json\/wp\/v2\/pages\/6536\/revisions\/6537"}],"wp:attachment":[{"href":"https:\/\/www.bigreddxb.com\/fr\/wp-json\/wp\/v2\/media?parent=6536"}],"curies":[{"name":"wp","href":"https:\/\/api.w.org\/{rel}","templated":true}]}}