{"id":8747,"date":"2022-08-28T05:30:02","date_gmt":"2022-08-28T05:30:02","guid":{"rendered":"https:\/\/www.bigreddxb.com\/termini-e-condizioni\/"},"modified":"2022-08-28T05:30:02","modified_gmt":"2022-08-28T05:30:02","slug":"termini-e-condizioni","status":"publish","type":"page","link":"https:\/\/www.bigreddxb.com\/it\/termini-e-condizioni\/","title":{"rendered":"Termini e condizioni"},"content":{"rendered":"<ul>\n<li>&#8220;Gli Emirati Arabi Uniti sono il nostro paese di residenza&#8221; e stabiliscono che la<br \/>\nLa legge applicabile \u00e8 quella locale.<\/li>\n<li>Visa e Master Card) e quali valute saranno accettate per il pagamento.<\/li>\n<li>Non effettueremo scambi commerciali n\u00e9 forniremo servizi ai paesi sanzionati dall&#8217;OFAC.<\/li>\n<li>I clienti che utilizzano il sito web e che sono minorenni o di et\u00e0 inferiore ai 18 anni non devono registrarsi come utenti del sito web e non devono effettuare transazioni o utilizzare il sito web.<\/li>\n<li>Il titolare della carta deve conservare una copia dei registri delle transazioni e delle politiche e regole dell&#8217;esercente.<\/li>\n<li>L&#8217;utente \u00e8 responsabile del mantenimento della riservatezza del proprio account.<\/li>\n<\/ul>\n<p>Big Red Adventure Tours gestisce il sito web www.bigreddxb.com (&#8220;Sito&#8221;). Di seguito sono riportate le condizioni d&#8217;uso che regolano l&#8217;utilizzo del Sito (&#8220;Condizioni d&#8217;uso&#8221;). Utilizzando il Sito l&#8217;utente accetta espressamente di essere vincolato dalle presenti Condizioni d&#8217;uso e dall&#8217;informativa sulla privacy di www.bigreddxb.com e di attenersi alle presenti Condizioni d&#8217;uso e a tutte le leggi e i regolamenti applicabili che disciplinano l&#8217;uso del Sito. Big Red Adventure Tours si riserva il diritto di modificare le presenti Condizioni d&#8217;uso in qualsiasi momento, con effetto immediato al momento della pubblicazione sul Sito. Si prega di controllare periodicamente questa pagina del Sito. Gli aggiornamenti delle Condizioni d&#8217;uso saranno segnalati in calce alle stesse. In caso di violazione delle presenti Condizioni d&#8217;uso, Big Red Adventure Tours potr\u00e0 interrompere l&#8217;utilizzo del Sito da parte dell&#8217;utente, impedirgli di utilizzarlo in futuro e\/o intraprendere le opportune azioni legali nei suoi confronti.<\/p>\n<p>Licenza limitata. All&#8217;utente viene concessa una licenza limitata, non esclusiva, revocabile e non trasferibile per l&#8217;utilizzo e l&#8217;accesso al Sito in base ai requisiti e alle restrizioni delle presenti Condizioni d&#8217;uso. Big Red Adventure Tours pu\u00f2 modificare, sospendere o interrompere qualsiasi aspetto del Sito in qualsiasi momento. Big Red Adventure Tours pu\u00f2 anche, senza preavviso o responsabilit\u00e0, imporre limiti a determinate caratteristiche e servizi o limitare l&#8217;accesso dell&#8217;utente a tutto o a parti del Sito. L&#8217;utente non avr\u00e0 alcun diritto sul software proprietario e sulla relativa documentazione, se del caso, forniti all&#8217;utente per accedere al Sito. Ad eccezione di quanto previsto dalle Condizioni d&#8217;uso, l&#8217;utente non avr\u00e0 alcun diritto di possedere, utilizzare, prestare, vendere, affittare, noleggiare, concedere in licenza, sublicenziare, assegnare, copiare, tradurre, modificare, adattare, migliorare, o creare opere nuove o derivate da, o visualizzare, distribuire, eseguire, o in qualsiasi modo sfruttare il Sito, o qualsiasi suo contenuto (compreso il software) in tutto o in parte.<\/p>\n<ol>\n<li>Funzionamento del sito: Gli Emirati Arabi Uniti sono il nostro Paese di residenza. Big Red Adventure Tours controlla questo Sito dagli Emirati Arabi Uniti. Big Red Adventure Tours non garantisce che questo Sito sia appropriato per l&#8217;uso in altri luoghi. Se si utilizza questo Sito da altre localit\u00e0, l&#8217;utente \u00e8 responsabile della conformit\u00e0 alle leggi locali. L&#8217;utente non pu\u00f2 utilizzare, esportare o riesportare alcun materiale da questo Sito in violazione di qualsiasi legge o regolamento applicabile, comprese, ma non solo, le leggi e i regolamenti sull&#8217;esportazione degli Emirati Arabi Uniti.<\/li>\n<\/ol>\n<p>Legge applicabile. Le leggi degli Emirati Arabi Uniti disciplinano l&#8217;uso del Sito e le Condizioni d&#8217;uso, senza tener conto dei principi di conflitto di leggi. Tutte le controversie che dovessero sorgere in relazione ad esso saranno giudicate solo da un tribunale della giurisdizione competente negli Emirati Arabi Uniti.<\/p>\n<ol>\n<li>Per le transazioni con prezzo in pi\u00f9 valute, il prezzo visualizzato e la valuta selezionata dall&#8217;utente saranno gli stessi addebitati sulla Carta e stampati sulla Ricevuta della transazione.<\/li>\n<\/ol>\n<p>Acquisti. Big Red Adventure Tours accetta pagamenti con carte di debito e di credito Visa o Mastercard in AED per i suoi prodotti e servizi. Tutti gli acquisti online sono inoltre regolati dai termini e dalle condizioni dei rispettivi fornitori di servizi commerciali. Prima di effettuare qualsiasi transazione, si prega di leggere il contratto d&#8217;uso e l&#8217;informativa sulla privacy del rispettivo fornitore di servizi commerciali. Interpretazione. Le presenti Condizioni d&#8217;uso sostituiscono tutte le altre comunicazioni o accordi scritti e orali relativi agli argomenti trattati nelle presenti Condizioni d&#8217;uso. Una rinuncia o modifica delle presenti Condizioni d&#8217;uso sar\u00e0 efficace solo se effettuata per iscritto e firmata da un funzionario autorizzato di Big Red Adventure Tours. Tutti i rimborsi saranno effettuati sulla modalit\u00e0 di pagamento originale.<\/p>\n<ol>\n<li>Ufficio per il controllo dei beni esteri (ofac) paesi sanzionati. Big Red Adventure Tours non effettuer\u00e0 scambi commerciali con o fornir\u00e0 servizi a individui e societ\u00e0 posseduti o controllati da, o che agiscono per o per conto di, paesi oggetto dell&#8217;OFAC E individui, gruppi ed entit\u00e0, come terroristi e trafficanti di stupefacenti, designati nell&#8217;ambito dei programmi dell&#8217;OFAC che non sono specifici per ogni paese.<\/li>\n<li>Dichiarazioni dell&#8217;utente. Visitando il Sito, l&#8217;utente dichiara, garantisce e accetta che (a) avete almeno 18 anni; (b) che tutti i materiali di qualsiasi tipo inviati dall&#8217;utente a Big Red Adventure Tours attraverso il Sito o per l&#8217;inclusione nel Sito non plagino, violino o infrangano i diritti di terzi, compresi i segreti commerciali, i diritti d&#8217;autore, i marchi, l&#8217;abbigliamento commerciale, la privacy, i brevetti o altri diritti personali o proprietari. I clienti che utilizzano il sito web e che sono minorenni o di et\u00e0 inferiore ai 18 anni non devono registrarsi come utenti del sito web e non devono effettuare transazioni o utilizzare il sito web.<\/li>\n<li>Uso consentito. L&#8217;utente accetta di essere autorizzato a visitare, visualizzare e conservare una copia delle pagine di questo Sito solo per uso personale e di non duplicare, scaricare, pubblicare, modificare o distribuire in altro modo il materiale di questo Sito per scopi diversi dall&#8217;uso personale, a meno che non sia specificamente autorizzato da Big Red Adventure Tours a farlo. Accettate inoltre di non effettuare deep-link al sito per alcuno scopo, a meno che non siate specificamente autorizzati da Big Red Adventure Tours a farlo. Il contenuto e il software di questo sito sono di propriet\u00e0 di Big Red Adventure Tours. Il titolare della carta deve conservare una copia dei registri delle transazioni e delle politiche e regole dell&#8217;esercente.<\/li>\n<\/ol>\n<p>Nessun uso commerciale. Il Sito non pu\u00f2 essere utilizzato dall&#8217;utente per scopi commerciali, quali la vendita di merci o servizi di qualsiasi tipo. L&#8217;utente deve ottenere il previo consenso scritto di Big Red Adventure Tours per fare offerte commerciali di qualsiasi tipo sul Sito, sia tramite pubblicit\u00e0, sollecitazioni, link o qualsiasi altra forma di comunicazione. Big Red Adventure Tours indagher\u00e0 e intraprender\u00e0 le opportune azioni legali nei confronti di chiunque violi questa disposizione, tra cui, a titolo esemplificativo e non esaustivo, la rimozione della comunicazione incriminata dal Sito e l&#8217;interdizione all&#8217;uso del Sito da parte di tali trasgressori.<\/p>\n<p>Link e risultati della ricerca. Il Sito pu\u00f2 produrre automaticamente risultati di ricerca che fanno riferimento e\/o rimandano a siti di terzi in tutto il World Wide Web. Big Red Adventure Tours non ha alcun controllo su questi siti o sui contenuti in essi presenti. Big Red Adventure Tours non garantisce, dichiara o assicura che il contenuto dei siti sia accurato, legale e\/o inoffensivo. Big Red Adventure Tours non approva il contenuto dei siti di terzi, n\u00e9 rilascia alcuna dichiarazione o garanzia in merito a tali siti, compresa l&#8217;assenza di virus o di altri effetti sul computer dell&#8217;utente. Utilizzando il Sito per cercare o collegarsi a un altro sito, l&#8217;utente accetta e comprende di non poter avanzare alcuna richiesta di risarcimento nei confronti di Big Red Adventure Tours per eventuali danni o perdite, di qualsiasi tipo, derivanti dall&#8217;utilizzo del Sito per ottenere risultati di ricerca o per collegarsi a un altro sito. In caso di problemi con un link del Sito, l&#8217;utente pu\u00f2 segnalarlo a <u><br \/>\n  <a href=\"mailto:info@BIGREDDXB.COM\">info@bigreddxb.com<\/a><br \/>\n<\/u>.<\/p>\n<p>Politica di copyright. Big Red Adventure Tours pu\u00f2 interrompere i privilegi di qualsiasi utente che utilizzi questo Sito per trasmettere illegalmente materiale protetto da copyright senza una licenza, un consenso esplicito, una difesa valida o un&#8217;esenzione per uso corretto. Se l&#8217;utente invia informazioni a questo Sito, garantisce che tali informazioni non violano i diritti d&#8217;autore o altri diritti di terzi.<\/p>\n<p>Propriet\u00e0 intellettuale. Sebbene Big Red Adventure Tours non sia responsabile del contenuto, della qualit\u00e0 o dell&#8217;accuratezza dei dati forniti dagli utenti, delle compilazioni di tali dati, dei testi, delle informazioni e di altri materiali resi disponibili agli utenti attraverso il sistema di Big Red Adventure Tours. I materiali online sono propriet\u00e0 intellettuale di Big Red Adventure Tours e sono protetti dalle leggi statunitensi e internazionali sulla propriet\u00e0 intellettuale. I materiali online non possono essere copiati o ridistribuiti, in tutto o in parte, senza il previo consenso scritto di Big Red Adventure Tours, salvo quanto espressamente e specificamente consentito dalle presenti Condizioni d&#8217;uso.<\/p>\n<p>I materiali online sono e rimarranno di propriet\u00e0 esclusiva di Big Red Adventure Tours. Tutti i diritti, i titoli e gli interessi relativi al Materiale On-line saranno e rimarranno di propriet\u00e0 esclusiva di Big Red Adventure Tours. In nessun caso l&#8217;utente avr\u00e0 il diritto, direttamente o indirettamente, di possedere, utilizzare, copiare, prestare, vendere, affittare, noleggiare, concedere in licenza, sublicenziare, ridistribuire, assegnare o trasmettere in altro modo il Materiale on line, o qualsiasi suo diritto, salvo quanto espressamente e specificamente previsto nelle Condizioni d&#8217;uso. Nulla di quanto contenuto nelle presenti Condizioni d&#8217;uso trasmette all&#8217;utente alcun diritto, titolo o interesse, se non quello di una licenza con i diritti espliciti e soggetta a tutte le limitazioni qui previste. Nessuna disposizione delle presenti Condizioni d&#8217;uso concede all&#8217;utente il diritto, diretto o indiretto, di utilizzare il Materiale online per creare un prodotto da rivendere o di utilizzare il Materiale online in qualsiasi modo in concorrenza con Big Red Adventure Tours.<\/p>\n<p>L&#8217;utente riconosce e accetta che Big Red Adventure Tours possieda tutti i diritti, i titoli e gli interessi relativi a qualsiasi copia, traduzione, modifica, adattamento, opera derivata o miglioramento del Materiale on line realizzato da o per l&#8217;utente. Su richiesta di Big Red Adventure Tours, dovrete eseguire, o ottenere l&#8217;esecuzione di, qualsiasi strumento che possa essere necessario per assegnare questi diritti, titoli o interessi a Big Red Adventure Tours o perfezionare questi diritti, titoli o interessi a nome di Big Red Adventure Tours. Esclusione della garanzia, limitazione dei danni. Big red adventure tours non fornisce alcuna garanzia o dichiarazione di alcun tipo, esplicita o implicita, comprese, a titolo esemplificativo, le garanzie di titolarit\u00e0 o di non violazione o le garanzie implicite di commerciabilit\u00e0, idoneit\u00e0 per uno scopo particolare, non violazione o altra violazione di diritti in relazione alla disponibilit\u00e0, all&#8217;accuratezza, alla validit\u00e0, all&#8217;affidabilit\u00e0 o al contenuto di queste pagine e\/o del sito. Big red adventure tours non rilascia inoltre alcuna dichiarazione o garanzia in merito all&#8217;accuratezza o all&#8217;affidabilit\u00e0 di qualsiasi consiglio, opinione, dichiarazione o altra informazione presentata, visualizzata o caricata attraverso il sito da qualsiasi utente. Big red adventure tours non sar\u00e0 responsabile per danni diretti, indiretti, incidentali, speciali o consequenziali, per la perdita di profitti o per l&#8217;interruzione dell&#8217;attivit\u00e0 derivante dall&#8217;uso o dall&#8217;impossibilit\u00e0 di usare questo sito, anche se big red adventure tours \u00e8 stata avvisata della possibilit\u00e0 di tali danni. Alcune giurisdizioni non consentono l&#8217;esclusione di determinate garanzie o limitazioni di responsabilit\u00e0, pertanto le limitazioni o le esclusioni di cui sopra potrebbero non essere applicabili. In tal caso, la responsabilit\u00e0 di big red adventure tours sar\u00e0 limitata alla massima misura consentita dalla legge.<\/p>\n<p>Violazione dei termini di utilizzo. L&#8217;utente comprende e accetta che, a sola discrezione di Big Red Adventure Tours, e senza preavviso, Big Red Adventure Tours pu\u00f2 interrompere l&#8217;accesso dell&#8217;utente al Sito, o esercitare qualsiasi altro rimedio disponibile e rimuovere qualsiasi informazione dell&#8217;utente non autorizzato, se Big Red Adventure Tours ritiene che le informazioni fornite dall&#8217;utente abbiano violato o siano in contrasto con le presenti Condizioni d&#8217;uso, o violino i diritti di Big Red Adventure Tours, o di terzi, o violino la legge. L&#8217;utente accetta che i danni monetari potrebbero non fornire un rimedio sufficiente a Big Red Adventure Tours per le violazioni delle presenti Condizioni d&#8217;uso e acconsente a un provvedimento ingiuntivo o ad altri provvedimenti equi per tali violazioni. Big Red Adventure Tours pu\u00f2 rilasciare informazioni sull&#8217;utente se richiesto dalla legge o da una citazione in giudizio.<\/p>\n<p>Indennit\u00e0. L&#8217;utente accetta di indennizzare e tenere Big Red Adventure Tours, le sue filiali, le sue affiliate, i suoi funzionari, i suoi agenti e gli altri partner e dipendenti, da qualsiasi perdita, responsabilit\u00e0, reclamo o richiesta, comprese le ragionevoli spese legali, avanzate da terzi a causa di o derivanti da o relative all&#8217;utilizzo del Sito da parte dell&#8217;utente, compreso anche l&#8217;utilizzo del Sito per fornire un link a un altro sito o per caricare contenuti o altre informazioni sul Sito, o la violazione delle Condizioni d&#8217;uso da parte dell&#8217;utente.<\/p>\n<p>Licenza concessa all&#8217;utente. Fornendo materiale a Big Red Adventure Tours, incluso l&#8217;invio o il caricamento di contenuti o materiali da utilizzare sul Sito, l&#8217;utente dichiara e garantisce che l&#8217;utente stesso o il proprietario di tutti i diritti su tali contenuti o materiali ha espressamente concesso a Big Red Adventure Tours un diritto irrevocabile a livello mondiale in tutte le lingue e in perpetuo di utilizzare e sfruttare tutti o parte dei contenuti e dei materiali forniti dall&#8217;utente. Big Red Adventure Tours pu\u00f2 pubblicare e distribuire qualsiasi contenuto o materiale inviato a sua esclusiva discrezione con qualsiasi metodo ora esistente o sviluppato in seguito. L&#8217;utente accetta di rinunciare a qualsiasi rivendicazione e di non avere alcun ricorso contro Big Red Adventure Tours per qualsiasi presunta o effettiva violazione o appropriazione indebita di qualsiasi diritto di propriet\u00e0 in qualsiasi comunicazione, contenuto o materiale inviato a Big Red Adventure Tours. Qualsiasi comunicazione o materiale inviato a Big Red Adventure Tours sar\u00e0 trattato come non confidenziale e non proprietario e potr\u00e0 essere diffuso o utilizzato da Big Red Adventure Tours per qualsiasi scopo, incluso, ma non solo, lo sviluppo, la creazione, la produzione o la commercializzazione di prodotti o servizi.<\/p>\n<p>Pubblicit\u00e0. Il Sito pu\u00f2 contenere pubblicit\u00e0 e\/o sponsorizzazioni. Gli inserzionisti e\/o gli sponsor che forniscono tali annunci e sponsorizzazioni sono gli unici responsabili dell&#8217;accuratezza dei materiali inviati per l&#8217;inclusione nel Sito e della loro conformit\u00e0 a tutte le leggi vigenti. Big Red Adventure Tours non \u00e8 responsabile per le azioni o le omissioni di qualsiasi inserzionista o sponsor.<\/p>\n<p>Separabilit\u00e0. Se una qualsiasi disposizione delle Condizioni d&#8217;uso \u00e8 ritenuta non valida, nulla o inapplicabile, le restanti disposizioni continueranno comunque ad avere pieno vigore ed effetto.<\/p>\n<p>Le intestazioni e i titoli delle sezioni del presente Contratto sono per comodit\u00e0 e non definiscono, limitano o estendono alcuna disposizione del presente Contratto.<\/p>\n","protected":false},"excerpt":{"rendered":"<p>&#8220;Gli Emirati Arabi Uniti sono il nostro paese di residenza&#8221; e stabiliscono che la La legge applicabile \u00e8 quella locale. Visa e Master Card) e quali valute saranno accettate per il pagamento. Non effettueremo scambi commerciali n\u00e9 forniremo servizi ai paesi sanzionati dall&#8217;OFAC. I clienti che utilizzano il sito web e che sono minorenni o [&hellip;]<\/p>\n","protected":false},"author":1,"featured_media":0,"parent":0,"menu_order":0,"comment_status":"closed","ping_status":"closed","template":"","meta":{"_acf_changed":false,"_themeisle_gutenberg_block_has_review":false,"footnotes":""},"class_list":["post-8747","page","type-page","status-publish","hentry"],"acf":[],"yoast_head":"<!-- This site is optimized with the Yoast SEO Premium plugin v20.12 (Yoast SEO v27.5) - https:\/\/yoast.com\/product\/yoast-seo-premium-wordpress\/ -->\n<title>Termini e condizioni &#8211; Big Red Adventure Tours<\/title>\n<meta name=\"robots\" content=\"index, follow, max-snippet:-1, max-image-preview:large, max-video-preview:-1\" \/>\n<link rel=\"canonical\" href=\"https:\/\/www.bigreddxb.com\/it\/termini-e-condizioni\/\" \/>\n<meta property=\"og:locale\" content=\"it_IT\" \/>\n<meta property=\"og:type\" content=\"article\" \/>\n<meta property=\"og:title\" content=\"Termini e condizioni\" \/>\n<meta property=\"og:description\" content=\"&#8220;Gli Emirati Arabi Uniti sono il nostro paese di residenza&#8221; e stabiliscono che la La legge applicabile \u00e8 quella locale. Visa e Master Card) e quali valute saranno accettate per il pagamento. Non effettueremo scambi commerciali n\u00e9 forniremo servizi ai paesi sanzionati dall&#8217;OFAC. I clienti che utilizzano il sito web e che sono minorenni o [&hellip;]\" \/>\n<meta property=\"og:url\" content=\"https:\/\/www.bigreddxb.com\/it\/termini-e-condizioni\/\" \/>\n<meta property=\"og:site_name\" content=\"Big Red Adventure Tours\" \/>\n<meta name=\"twitter:card\" content=\"summary_large_image\" \/>\n<meta name=\"twitter:label1\" content=\"Tempo di lettura stimato\" \/>\n\t<meta name=\"twitter:data1\" content=\"12 minuti\" \/>\n<script type=\"application\/ld+json\" class=\"yoast-schema-graph\">{\"@context\":\"https:\\\/\\\/schema.org\",\"@graph\":[{\"@type\":\"WebPage\",\"@id\":\"https:\\\/\\\/www.bigreddxb.com\\\/it\\\/termini-e-condizioni\\\/\",\"url\":\"https:\\\/\\\/www.bigreddxb.com\\\/it\\\/termini-e-condizioni\\\/\",\"name\":\"Termini e condizioni &#8211; Big Red Adventure Tours\",\"isPartOf\":{\"@id\":\"https:\\\/\\\/www.bigreddxb.com\\\/it\\\/#website\"},\"datePublished\":\"2022-08-28T05:30:02+00:00\",\"breadcrumb\":{\"@id\":\"https:\\\/\\\/www.bigreddxb.com\\\/it\\\/termini-e-condizioni\\\/#breadcrumb\"},\"inLanguage\":\"it-IT\",\"potentialAction\":[{\"@type\":\"ReadAction\",\"target\":[\"https:\\\/\\\/www.bigreddxb.com\\\/it\\\/termini-e-condizioni\\\/\"]}]},{\"@type\":\"BreadcrumbList\",\"@id\":\"https:\\\/\\\/www.bigreddxb.com\\\/it\\\/termini-e-condizioni\\\/#breadcrumb\",\"itemListElement\":[{\"@type\":\"ListItem\",\"position\":1,\"name\":\"Home\",\"item\":\"https:\\\/\\\/www.bigreddxb.com\\\/it\\\/casa\\\/\"},{\"@type\":\"ListItem\",\"position\":2,\"name\":\"Termini e condizioni\"}]},{\"@type\":\"WebSite\",\"@id\":\"https:\\\/\\\/www.bigreddxb.com\\\/it\\\/#website\",\"url\":\"https:\\\/\\\/www.bigreddxb.com\\\/it\\\/\",\"name\":\"Big Red Adventure Tours\",\"description\":\"Buggy Tours in Dubai\",\"publisher\":{\"@id\":\"https:\\\/\\\/www.bigreddxb.com\\\/it\\\/#organization\"},\"potentialAction\":[{\"@type\":\"SearchAction\",\"target\":{\"@type\":\"EntryPoint\",\"urlTemplate\":\"https:\\\/\\\/www.bigreddxb.com\\\/it\\\/?s={search_term_string}\"},\"query-input\":{\"@type\":\"PropertyValueSpecification\",\"valueRequired\":true,\"valueName\":\"search_term_string\"}}],\"inLanguage\":\"it-IT\"},{\"@type\":\"Organization\",\"@id\":\"https:\\\/\\\/www.bigreddxb.com\\\/it\\\/#organization\",\"name\":\"Big Red Adventure Tours\",\"url\":\"https:\\\/\\\/www.bigreddxb.com\\\/it\\\/\",\"logo\":{\"@type\":\"ImageObject\",\"inLanguage\":\"it-IT\",\"@id\":\"https:\\\/\\\/www.bigreddxb.com\\\/it\\\/#\\\/schema\\\/logo\\\/image\\\/\",\"url\":\"https:\\\/\\\/www.bigreddxb.com\\\/wp-content\\\/uploads\\\/2022\\\/09\\\/Can-am-buggy-tours-bigreddxb.jpg\",\"contentUrl\":\"https:\\\/\\\/www.bigreddxb.com\\\/wp-content\\\/uploads\\\/2022\\\/09\\\/Can-am-buggy-tours-bigreddxb.jpg\",\"width\":384,\"height\":256,\"caption\":\"Big Red Adventure Tours\"},\"image\":{\"@id\":\"https:\\\/\\\/www.bigreddxb.com\\\/it\\\/#\\\/schema\\\/logo\\\/image\\\/\"},\"sameAs\":[\"https:\\\/\\\/www.instagram.com\\\/bigreddxb\\\/\"]}]}<\/script>\n<!-- \/ Yoast SEO Premium plugin. -->","yoast_head_json":{"title":"Termini e condizioni &#8211; Big Red Adventure Tours","robots":{"index":"index","follow":"follow","max-snippet":"max-snippet:-1","max-image-preview":"max-image-preview:large","max-video-preview":"max-video-preview:-1"},"canonical":"https:\/\/www.bigreddxb.com\/it\/termini-e-condizioni\/","og_locale":"it_IT","og_type":"article","og_title":"Termini e condizioni","og_description":"&#8220;Gli Emirati Arabi Uniti sono il nostro paese di residenza&#8221; e stabiliscono che la La legge applicabile \u00e8 quella locale. Visa e Master Card) e quali valute saranno accettate per il pagamento. Non effettueremo scambi commerciali n\u00e9 forniremo servizi ai paesi sanzionati dall&#8217;OFAC. I clienti che utilizzano il sito web e che sono minorenni o [&hellip;]","og_url":"https:\/\/www.bigreddxb.com\/it\/termini-e-condizioni\/","og_site_name":"Big Red Adventure Tours","twitter_card":"summary_large_image","twitter_misc":{"Tempo di lettura stimato":"12 minuti"},"schema":{"@context":"https:\/\/schema.org","@graph":[{"@type":"WebPage","@id":"https:\/\/www.bigreddxb.com\/it\/termini-e-condizioni\/","url":"https:\/\/www.bigreddxb.com\/it\/termini-e-condizioni\/","name":"Termini e condizioni &#8211; Big Red Adventure Tours","isPartOf":{"@id":"https:\/\/www.bigreddxb.com\/it\/#website"},"datePublished":"2022-08-28T05:30:02+00:00","breadcrumb":{"@id":"https:\/\/www.bigreddxb.com\/it\/termini-e-condizioni\/#breadcrumb"},"inLanguage":"it-IT","potentialAction":[{"@type":"ReadAction","target":["https:\/\/www.bigreddxb.com\/it\/termini-e-condizioni\/"]}]},{"@type":"BreadcrumbList","@id":"https:\/\/www.bigreddxb.com\/it\/termini-e-condizioni\/#breadcrumb","itemListElement":[{"@type":"ListItem","position":1,"name":"Home","item":"https:\/\/www.bigreddxb.com\/it\/casa\/"},{"@type":"ListItem","position":2,"name":"Termini e condizioni"}]},{"@type":"WebSite","@id":"https:\/\/www.bigreddxb.com\/it\/#website","url":"https:\/\/www.bigreddxb.com\/it\/","name":"Big Red Adventure Tours","description":"Buggy Tours in Dubai","publisher":{"@id":"https:\/\/www.bigreddxb.com\/it\/#organization"},"potentialAction":[{"@type":"SearchAction","target":{"@type":"EntryPoint","urlTemplate":"https:\/\/www.bigreddxb.com\/it\/?s={search_term_string}"},"query-input":{"@type":"PropertyValueSpecification","valueRequired":true,"valueName":"search_term_string"}}],"inLanguage":"it-IT"},{"@type":"Organization","@id":"https:\/\/www.bigreddxb.com\/it\/#organization","name":"Big Red Adventure Tours","url":"https:\/\/www.bigreddxb.com\/it\/","logo":{"@type":"ImageObject","inLanguage":"it-IT","@id":"https:\/\/www.bigreddxb.com\/it\/#\/schema\/logo\/image\/","url":"https:\/\/www.bigreddxb.com\/wp-content\/uploads\/2022\/09\/Can-am-buggy-tours-bigreddxb.jpg","contentUrl":"https:\/\/www.bigreddxb.com\/wp-content\/uploads\/2022\/09\/Can-am-buggy-tours-bigreddxb.jpg","width":384,"height":256,"caption":"Big Red Adventure Tours"},"image":{"@id":"https:\/\/www.bigreddxb.com\/it\/#\/schema\/logo\/image\/"},"sameAs":["https:\/\/www.instagram.com\/bigreddxb\/"]}]}},"_links":{"self":[{"href":"https:\/\/www.bigreddxb.com\/it\/wp-json\/wp\/v2\/pages\/8747","targetHints":{"allow":["GET"]}}],"collection":[{"href":"https:\/\/www.bigreddxb.com\/it\/wp-json\/wp\/v2\/pages"}],"about":[{"href":"https:\/\/www.bigreddxb.com\/it\/wp-json\/wp\/v2\/types\/page"}],"author":[{"embeddable":true,"href":"https:\/\/www.bigreddxb.com\/it\/wp-json\/wp\/v2\/users\/1"}],"replies":[{"embeddable":true,"href":"https:\/\/www.bigreddxb.com\/it\/wp-json\/wp\/v2\/comments?post=8747"}],"version-history":[{"count":0,"href":"https:\/\/www.bigreddxb.com\/it\/wp-json\/wp\/v2\/pages\/8747\/revisions"}],"wp:attachment":[{"href":"https:\/\/www.bigreddxb.com\/it\/wp-json\/wp\/v2\/media?parent=8747"}],"curies":[{"name":"wp","href":"https:\/\/api.w.org\/{rel}","templated":true}]}}