{"id":10294,"date":"2022-08-28T05:30:02","date_gmt":"2022-08-28T05:30:02","guid":{"rendered":"https:\/\/www.bigreddxb.com\/termos-e-condicoes\/"},"modified":"2022-08-28T05:30:02","modified_gmt":"2022-08-28T05:30:02","slug":"termos-e-condicoes","status":"publish","type":"page","link":"https:\/\/www.bigreddxb.com\/pt-pt\/termos-e-condicoes\/","title":{"rendered":"Termos e condi\u00e7\u00f5es"},"content":{"rendered":"<ul>\n<li>&#8220;Os Emirados \u00c1rabes Unidos s\u00e3o o nosso pa\u00eds de domic\u00edlio&#8221; e estipulam que a<br \/>\nA lei aplic\u00e1vel \u00e9 a lei local.<\/li>\n<li>Visa e Master Card) e quais as moedas que ser\u00e3o aceites para pagamento<\/li>\n<li>N\u00e3o efectuamos trocas comerciais nem prestamos quaisquer servi\u00e7os a pa\u00edses sancionados pelo OFAC.<\/li>\n<li>Os clientes que utilizem o s\u00edtio Web e que sejam menores de 18 anos n\u00e3o se devem registar como utilizadores do s\u00edtio Web e n\u00e3o devem efectuar transac\u00e7\u00f5es nem utilizar o s\u00edtio Web.<\/li>\n<li>O titular do cart\u00e3o deve conservar uma c\u00f3pia dos registos das transac\u00e7\u00f5es e das pol\u00edticas e regras do comerciante.<\/li>\n<li>O utilizador \u00e9 respons\u00e1vel por manter a confidencialidade da sua conta.<\/li>\n<\/ul>\n<p>A Big Red Adventure Tours mant\u00e9m o site www.bigreddxb.com (&#8220;Site&#8221;). Seguem-se os termos de utiliza\u00e7\u00e3o que regem a utiliza\u00e7\u00e3o do S\u00edtio (&#8220;Termos de Utiliza\u00e7\u00e3o&#8221;). Ao utilizar o S\u00edtio, o utilizador concorda expressamente em ficar vinculado aos presentes Termos de Utiliza\u00e7\u00e3o e \u00e0 pol\u00edtica de privacidade do www.bigreddxb.com e em cumprir os presentes Termos de Utiliza\u00e7\u00e3o e todas as leis e regulamentos aplic\u00e1veis que regem a utiliza\u00e7\u00e3o do S\u00edtio. A Big Red Adventure Tours reserva-se o direito de alterar estes Termos de Utiliza\u00e7\u00e3o em qualquer altura, com efeito imediato ap\u00f3s a sua publica\u00e7\u00e3o no Site. Consulte periodicamente esta p\u00e1gina do s\u00edtio. Indicaremos as actualiza\u00e7\u00f5es das Condi\u00e7\u00f5es de Utiliza\u00e7\u00e3o na parte inferior das mesmas. Se violar estes Termos de Utiliza\u00e7\u00e3o, a Big Red Adventure Tours pode terminar a sua utiliza\u00e7\u00e3o do Site, proibi-lo de utilizar o Site no futuro, e\/ou tomar as medidas legais adequadas contra si.<\/p>\n<p>Licen\u00e7a limitada. \u00c9-lhe concedida uma licen\u00e7a limitada, n\u00e3o exclusiva, revog\u00e1vel e intransmiss\u00edvel para utilizar e aceder ao S\u00edtio de acordo com os requisitos e restri\u00e7\u00f5es das presentes Condi\u00e7\u00f5es de Utiliza\u00e7\u00e3o. A Big Red Adventure Tours pode alterar, suspender ou descontinuar qualquer aspecto do Site em qualquer altura. A Big Red Adventure Tours pode tamb\u00e9m, sem aviso pr\u00e9vio ou responsabilidade, impor limites a certas caracter\u00edsticas e servi\u00e7os ou restringir o seu acesso a todo ou parte do Site. O utilizador n\u00e3o ter\u00e1 quaisquer direitos sobre o software propriet\u00e1rio e a documenta\u00e7\u00e3o relacionada, caso exista, que lhe \u00e9 fornecida para aceder ao S\u00edtio. Excepto nos casos previstos nos Termos de Utiliza\u00e7\u00e3o, o utilizador n\u00e3o ter\u00e1 o direito de, directa ou indirectamente, possuir, utilizar, emprestar, vender, alugar, arrendar, licenciar, sublicenciar, ceder, copiar, traduzir, modificar, adaptar, melhorar ou criar quaisquer trabalhos novos ou derivados, ou apresentar, distribuir, executar ou, de qualquer forma, explorar o Site ou qualquer um dos seus conte\u00fados (incluindo software) no todo ou em parte.<\/p>\n<ol>\n<li>Funcionamento do s\u00edtio: Os Emirados \u00c1rabes Unidos s\u00e3o o nosso Pa\u00eds de Domic\u00edlio. A Big Red Adventure Tours controla este site a partir da U.A.E. A Big Red Adventure Tours n\u00e3o faz qualquer representa\u00e7\u00e3o de que este site \u00e9 apropriado para uso noutros locais. Se o utilizador utilizar este S\u00edtio a partir de outros locais, \u00e9 respons\u00e1vel por garantir a conformidade com a legisla\u00e7\u00e3o local. O utilizador n\u00e3o pode utilizar, exportar ou reexportar quaisquer materiais deste S\u00edtio em viola\u00e7\u00e3o de quaisquer leis ou regulamentos aplic\u00e1veis, incluindo, mas n\u00e3o se limitando a quaisquer leis e regulamentos de exporta\u00e7\u00e3o dos E.U.A.<\/li>\n<\/ol>\n<p>Direito aplic\u00e1vel. As leis dos Emirados \u00c1rabes Unidos reger\u00e3o a utiliza\u00e7\u00e3o do S\u00edtio e as Condi\u00e7\u00f5es de Utiliza\u00e7\u00e3o, sem ter em conta os princ\u00edpios de conflito de leis. Todos os lit\u00edgios que surjam neste contexto ser\u00e3o apreciados apenas por um tribunal de jurisdi\u00e7\u00e3o competente na U.A.E.<\/p>\n<ol>\n<li>Numa transac\u00e7\u00e3o com pre\u00e7o em v\u00e1rias moedas, o pre\u00e7o apresentado e a moeda seleccionada pelo cliente ser\u00e3o o mesmo pre\u00e7o e moeda cobrados no Cart\u00e3o e impressos no Recibo de Transac\u00e7\u00e3o.<\/li>\n<\/ol>\n<p>Compras. A Big Red Adventure Tours aceita pagamentos com cart\u00f5es de d\u00e9bito e cr\u00e9dito Visa ou Mastercard em AED para os seus produtos e servi\u00e7os. Todas as compras em linha s\u00e3o igualmente regidas pelos termos e condi\u00e7\u00f5es dos respectivos fornecedores de servi\u00e7os comerciais. Leia o contrato de utilizador e a pol\u00edtica de privacidade do respectivo fornecedor de servi\u00e7os comerciais antes de efectuar qualquer transac\u00e7\u00e3o. Interpreta\u00e7\u00e3o. Os presentes Termos de Utiliza\u00e7\u00e3o substituem todas as outras comunica\u00e7\u00f5es ou acordos escritos e orais relativos aos assuntos abordados nos presentes Termos de Utiliza\u00e7\u00e3o. Uma ren\u00fancia ou modifica\u00e7\u00e3o destes Termos de Utiliza\u00e7\u00e3o s\u00f3 ser\u00e1 efectiva se for feita por escrito e assinada por um funcion\u00e1rio autorizado da Big Red Adventure Tours. Todos os reembolsos ser\u00e3o efectuados atrav\u00e9s do modo de pagamento original.<\/p>\n<ol>\n<li>Pa\u00edses sancionados pelo Servi\u00e7o de Controlo de Activos Estrangeiros (OFAC). A Big Red Adventure Tours n\u00e3o comercializar\u00e1 nem fornecer\u00e1 quaisquer servi\u00e7os a indiv\u00edduos e empresas detidas ou controladas por, ou agindo em nome ou por conta de, pa\u00edses alvo da OFAC E indiv\u00edduos, grupos e entidades, tais como terroristas e traficantes de narc\u00f3ticos designados ao abrigo dos programas OFAC que n\u00e3o s\u00e3o espec\u00edficos de um pa\u00eds<\/li>\n<li>Declara\u00e7\u00f5es do utilizador. Ao visitar o S\u00edtio, o utilizador declara, garante e compromete-se a (a) ter pelo menos 18 anos de idade; (b) que todos os materiais de qualquer tipo submetidos por si \u00e0 Big Red Adventure Tours atrav\u00e9s do Site ou para inclus\u00e3o no Site n\u00e3o ir\u00e3o plagiar, violar ou infringir os direitos de terceiros, incluindo segredos comerciais, direitos de autor, marcas registadas, imagem comercial, privacidade, patentes ou outros direitos pessoais ou de propriedade. Os clientes que utilizem o s\u00edtio Web e que sejam menores de 18 anos n\u00e3o devem registar-se como utilizadores do s\u00edtio Web e n\u00e3o devem efectuar transac\u00e7\u00f5es nem utilizar o s\u00edtio Web.<\/li>\n<li>Utiliza\u00e7\u00e3o permitida. O utilizador concorda que s\u00f3 est\u00e1 autorizado a visitar, ver e reter uma c\u00f3pia das p\u00e1ginas deste site para seu uso pessoal, que n\u00e3o deve duplicar, descarregar, publicar, modificar ou distribuir o material deste site para qualquer outra finalidade que n\u00e3o seja para uso pessoal, a menos que seja especificamente autorizado pela Big Red Adventure Tours a faz\u00ea-lo. Tamb\u00e9m concorda em n\u00e3o fazer deep-link para o site para qualquer finalidade, a menos que especificamente autorizado pela Big Red Adventure Tours para o fazer. O conte\u00fado e o software deste site s\u00e3o propriedade da Big Red Adventure Tours. O titular do cart\u00e3o deve conservar uma c\u00f3pia dos registos das transac\u00e7\u00f5es e das pol\u00edticas e regras do comerciante.<\/li>\n<\/ol>\n<p>Sem utiliza\u00e7\u00e3o comercial. Este S\u00edtio n\u00e3o pode ser utilizado pelo utilizador para quaisquer fins comerciais, tais como a venda de mercadorias ou servi\u00e7os de qualquer tipo. O utilizador deve obter o consentimento pr\u00e9vio por escrito da Big Red Adventure Tours para fazer ofertas comerciais de qualquer tipo no site, seja por publicidade, solicita\u00e7\u00f5es, links ou qualquer outra forma de comunica\u00e7\u00e3o. A Big Red Adventure Tours investigar\u00e1 e tomar\u00e1 as medidas legais adequadas contra qualquer pessoa que viole esta disposi\u00e7\u00e3o, incluindo, sem limita\u00e7\u00e3o, a remo\u00e7\u00e3o da comunica\u00e7\u00e3o ofensiva do Site e a proibi\u00e7\u00e3o de utiliza\u00e7\u00e3o do Site por parte dos infractores.<\/p>\n<p>Liga\u00e7\u00f5es e resultados de pesquisa. O S\u00edtio pode produzir automaticamente resultados de pesquisa que referenciam e\/ou ligam a s\u00edtios de terceiros em toda a World Wide Web. A Big Red Adventure Tours n\u00e3o tem qualquer controlo sobre estes sites ou sobre o conte\u00fado dos mesmos. A Big Red Adventure Tours n\u00e3o garante, representa ou assegura que o conte\u00fado contido nos sites seja exacto, legal e\/ou inofensivo. A Big Red Adventure Tours n\u00e3o endossa o conte\u00fado de qualquer site de terceiros, nem faz qualquer representa\u00e7\u00e3o ou garantia sobre esses sites, incluindo a de que n\u00e3o conter\u00e3o v\u00edrus ou afectar\u00e3o de outra forma o seu computador. Ao utilizar o Site para procurar ou ligar a outro site, o utilizador concorda e compreende que n\u00e3o pode fazer qualquer reclama\u00e7\u00e3o contra a Big Red Adventure Tours por quaisquer danos ou perdas, sejam eles quais forem, resultantes da sua utiliza\u00e7\u00e3o do Site para obter resultados de pesquisa ou para ligar a outro site. Se o utilizador tiver algum problema com uma hiperliga\u00e7\u00e3o do S\u00edtio, pode notificar-nos atrav\u00e9s de <u><br \/>\n  <a href=\"mailto:info@BIGREDDXB.COM\">info@bigreddxb.com<\/a><br \/>\n<\/u>.<\/p>\n<p>Pol\u00edtica de direitos de autor. A Big Red Adventure Tours pode terminar os privil\u00e9gios de qualquer utilizador que use este site para transmitir ilegalmente material protegido por direitos de autor sem uma licen\u00e7a, consentimento expresso, defesa v\u00e1lida ou isen\u00e7\u00e3o de uso justo para o fazer. Se o utilizador enviar informa\u00e7\u00f5es para este S\u00edtio, garante que essas informa\u00e7\u00f5es n\u00e3o infringem os direitos de autor ou outros direitos de terceiros.<\/p>\n<p>Propriedade intelectual. Embora a Big Red Adventure Tours n\u00e3o seja respons\u00e1vel pelo conte\u00fado, qualidade ou precis\u00e3o dos dados fornecidos pelos utilizadores, compila\u00e7\u00f5es de tais dados, textos, informa\u00e7\u00f5es e outros materiais disponibilizados aos utilizadores atrav\u00e9s do sistema da Big Red Adventure Tours. Os Materiais On-line s\u00e3o propriedade intelectual da Big Red Adventure Tours e est\u00e3o protegidos pelas leis de propriedade intelectual dos Estados Unidos e internacionais. Os Materiais On-line n\u00e3o podem ser copiados ou redistribu\u00eddos, no todo ou em parte, sem o consentimento pr\u00e9vio por escrito da Big Red Adventure Tours, excepto quando expressa e especificamente permitido por estes Termos de Utiliza\u00e7\u00e3o.<\/p>\n<p>Os Materiais On-line s\u00e3o e continuar\u00e3o a ser propriedade exclusiva da Big Red Adventure Tours. Todos os direitos, t\u00edtulos e interesses nos e para os Materiais On-line ser\u00e3o e permanecer\u00e3o investidos exclusivamente na Big Red Adventure Tours. Em nenhuma circunst\u00e2ncia ter\u00e1 qualquer direito, directa ou indirectamente, de possuir, utilizar, copiar, emprestar, vender, alugar, arrendar, licenciar, sublicenciar, redistribuir, ceder ou transmitir de qualquer outra forma os Materiais On-line, ou quaisquer direitos sobre os mesmos, excepto conforme expressa e especificamente previsto nos Termos de Utiliza\u00e7\u00e3o. Nada nestes Termos de Utiliza\u00e7\u00e3o lhe transmitir\u00e1 qualquer direito, t\u00edtulo ou interesse, excepto o de uma licen\u00e7a com os direitos expressos e sujeito a todas as limita\u00e7\u00f5es aqui contidas. Nada nestes Termos de Utiliza\u00e7\u00e3o lhe concede o direito, directa ou indirectamente, de usar os Materiais On-line para criar um produto para revenda ou para usar os Materiais On-line de qualquer forma que concorra com a Big Red Adventure Tours.<\/p>\n<p>O utilizador reconhece e concorda que a Big Red Adventure Tours ser\u00e1 propriet\u00e1ria de todos os direitos, t\u00edtulos e interesses em e para qualquer c\u00f3pia, tradu\u00e7\u00e3o, modifica\u00e7\u00e3o, adapta\u00e7\u00e3o, trabalho derivado ou melhoria dos Materiais On-line feitos por ou para o utilizador. A pedido da Big Red Adventure Tours, deve executar, ou obter a execu\u00e7\u00e3o de, qualquer instrumento que possa ser necess\u00e1rio para atribuir estes direitos, t\u00edtulos ou interesses \u00e0 Big Red Adventure Tours ou aperfei\u00e7oar estes direitos, t\u00edtulos ou interesses em nome da Big Red Adventure Tours. Exclus\u00e3o de garantia, limita\u00e7\u00e3o de danos. A Big red adventure tours n\u00e3o d\u00e1 qualquer garantia ou representa\u00e7\u00e3o de qualquer tipo, expressa ou impl\u00edcita, incluindo, mas n\u00e3o se limitando a, garantia de t\u00edtulo ou n\u00e3o-infrac\u00e7\u00e3o ou garantia impl\u00edcita de comercializa\u00e7\u00e3o, adequa\u00e7\u00e3o a um determinado fim, n\u00e3o-infrac\u00e7\u00e3o ou outra viola\u00e7\u00e3o de direitos em rela\u00e7\u00e3o \u00e0 disponibilidade, precis\u00e3o, validade, fiabilidade ou conte\u00fado destas p\u00e1ginas e\/ou do s\u00edtio. A Big red adventure tours tamb\u00e9m n\u00e3o faz qualquer representa\u00e7\u00e3o ou garantia relativamente \u00e0 precis\u00e3o ou fiabilidade de qualquer conselho, opini\u00e3o, declara\u00e7\u00e3o ou outra informa\u00e7\u00e3o que seja submetida, exibida ou carregada atrav\u00e9s do site por qualquer utilizador. A Big Red Adventure Tours n\u00e3o ser\u00e1 respons\u00e1vel por quaisquer danos directos, indirectos, acidentais, especiais ou consequentes, perda de lucros ou interrup\u00e7\u00e3o de neg\u00f3cios decorrentes do uso ou incapacidade de usar este site, mesmo que a Big Red Adventure Tours tenha sido avisada da possibilidade de tais danos. Algumas jurisdi\u00e7\u00f5es n\u00e3o permitem a exclus\u00e3o de determinadas garantias ou limita\u00e7\u00f5es de responsabilidade, pelo que as limita\u00e7\u00f5es ou exclus\u00f5es acima referidas poder\u00e3o n\u00e3o se aplicar ao utilizador. A responsabilidade da big red adventure tours ser\u00e1, nesse caso, limitada \u00e0 maior extens\u00e3o de responsabilidade permitida por lei.<\/p>\n<p>Viola\u00e7\u00e3o das condi\u00e7\u00f5es de utiliza\u00e7\u00e3o. Compreende e concorda que a Big Red Adventure Tours pode terminar o seu acesso ao Site, ou exercer qualquer outro recurso dispon\u00edvel e remover qualquer informa\u00e7\u00e3o de utilizador n\u00e3o autorizado, se a Big Red Adventure Tours acreditar que a informa\u00e7\u00e3o que forneceu violou ou \u00e9 inconsistente com estes Termos de Utiliza\u00e7\u00e3o, ou viola os direitos da Big Red Adventure Tours, ou de terceiros, ou viola a lei. O utilizador concorda que os danos monet\u00e1rios podem n\u00e3o ser uma solu\u00e7\u00e3o suficiente para a Big Red Adventure Tours por viola\u00e7\u00f5es destes Termos de Utiliza\u00e7\u00e3o e consente em injun\u00e7\u00f5es ou outras medidas equitativas para tais viola\u00e7\u00f5es. A Big Red Adventure Tours pode divulgar informa\u00e7\u00f5es sobre o utilizador se tal for exigido por lei ou por intima\u00e7\u00e3o.<\/p>\n<p>Indemniza\u00e7\u00e3o. O utilizador concorda em indemnizar e isentar a Big Red Adventure Tours, as suas subsidi\u00e1rias, afiliadas, oficiais, agentes e outros parceiros e funcion\u00e1rios, de qualquer perda, responsabilidade, reclama\u00e7\u00e3o ou exig\u00eancia, incluindo honor\u00e1rios razo\u00e1veis de advogados, feita por qualquer terceiro devido a ou decorrente de ou relacionada com a sua utiliza\u00e7\u00e3o do Site, incluindo tamb\u00e9m a sua utiliza\u00e7\u00e3o do Site para fornecer um link para outro site ou para carregar conte\u00fado ou outras informa\u00e7\u00f5es para o Site, ou a sua viola\u00e7\u00e3o dos Termos de Utiliza\u00e7\u00e3o.<\/p>\n<p>Licen\u00e7a concedida ao utilizador. Ao fornecer materiais \u00e0 Big Red Adventure Tours, incluindo a submiss\u00e3o ou upload de conte\u00fado ou materiais para uso no Site, representa e garante que voc\u00ea ou o propriet\u00e1rio de todos os direitos de tal conte\u00fado ou materiais concedeu expressamente \u00e0 Big Red Adventure Tours um direito irrevog\u00e1vel em todo o mundo, em todas as l\u00ednguas e em perpetuidade, para usar e explorar todo ou qualquer parte do conte\u00fado e materiais fornecidos por si. A Big Red Adventure Tours pode publicar e distribuir qualquer conte\u00fado ou material submetido \u00e0 sua discri\u00e7\u00e3o atrav\u00e9s de qualquer m\u00e9todo actualmente existente ou posteriormente desenvolvido. Concorda que renunciar\u00e1 a todas as reclama\u00e7\u00f5es e n\u00e3o ter\u00e1 qualquer recurso contra a Big Red Adventure Tours por qualquer infrac\u00e7\u00e3o alegada ou real ou apropria\u00e7\u00e3o indevida de quaisquer direitos de propriedade em qualquer comunica\u00e7\u00e3o, conte\u00fado ou material submetido \u00e0 Big Red Adventure Tours. Qualquer comunica\u00e7\u00e3o ou material que envie para a Big Red Adventure Tours ser\u00e1 tratado como n\u00e3o confidencial e n\u00e3o propriet\u00e1rio e pode ser disseminado ou usado pela Big Red Adventure Tours para qualquer fim, incluindo, mas n\u00e3o limitado a, desenvolver, criar, fabricar ou comercializar produtos ou servi\u00e7os.<\/p>\n<p>Publicidade. O S\u00edtio pode conter an\u00fancios e\/ou patroc\u00ednios. Os anunciantes e\/ou patrocinadores que fornecem estes an\u00fancios e patroc\u00ednios s\u00e3o os \u00fanicos respons\u00e1veis por garantir que os materiais enviados para inclus\u00e3o no S\u00edtio s\u00e3o exactos e cumprem todas as leis aplic\u00e1veis. A Big Red Adventure Tours n\u00e3o \u00e9 respons\u00e1vel pelos actos ou omiss\u00f5es de qualquer anunciante ou patrocinador.<\/p>\n<p>Divisibilidade. Se qualquer disposi\u00e7\u00e3o das Condi\u00e7\u00f5es de Utiliza\u00e7\u00e3o for considerada inv\u00e1lida, nula ou inaplic\u00e1vel, as restantes disposi\u00e7\u00f5es continuar\u00e3o, no entanto, em pleno vigor e efeito.<\/p>\n<p>Os t\u00edtulos dos cabe\u00e7alhos e das sec\u00e7\u00f5es do presente Acordo s\u00e3o para conveni\u00eancia e n\u00e3o definem, limitam ou alargam qualquer disposi\u00e7\u00e3o do presente Acordo.<\/p>\n","protected":false},"excerpt":{"rendered":"<p>&#8220;Os Emirados \u00c1rabes Unidos s\u00e3o o nosso pa\u00eds de domic\u00edlio&#8221; e estipulam que a A lei aplic\u00e1vel \u00e9 a lei local. Visa e Master Card) e quais as moedas que ser\u00e3o aceites para pagamento N\u00e3o efectuamos trocas comerciais nem prestamos quaisquer servi\u00e7os a pa\u00edses sancionados pelo OFAC. Os clientes que utilizem o s\u00edtio Web e [&hellip;]<\/p>\n","protected":false},"author":1,"featured_media":0,"parent":0,"menu_order":0,"comment_status":"closed","ping_status":"closed","template":"","meta":{"_acf_changed":false,"_themeisle_gutenberg_block_has_review":false,"footnotes":""},"class_list":["post-10294","page","type-page","status-publish","hentry"],"acf":[],"yoast_head":"<!-- This site is optimized with the Yoast SEO Premium plugin v20.12 (Yoast SEO v27.4) - https:\/\/yoast.com\/product\/yoast-seo-premium-wordpress\/ -->\n<title>Termos e condi\u00e7\u00f5es &#8211; Big Red Adventure Tours<\/title>\n<meta name=\"robots\" content=\"index, follow, max-snippet:-1, max-image-preview:large, max-video-preview:-1\" \/>\n<link rel=\"canonical\" href=\"https:\/\/www.bigreddxb.com\/pt-pt\/termos-e-condicoes\/\" \/>\n<meta property=\"og:locale\" content=\"pt_PT\" \/>\n<meta property=\"og:type\" content=\"article\" \/>\n<meta property=\"og:title\" content=\"Termos e condi\u00e7\u00f5es\" \/>\n<meta property=\"og:description\" content=\"&#8220;Os Emirados \u00c1rabes Unidos s\u00e3o o nosso pa\u00eds de domic\u00edlio&#8221; e estipulam que a A lei aplic\u00e1vel \u00e9 a lei local. Visa e Master Card) e quais as moedas que ser\u00e3o aceites para pagamento N\u00e3o efectuamos trocas comerciais nem prestamos quaisquer servi\u00e7os a pa\u00edses sancionados pelo OFAC. Os clientes que utilizem o s\u00edtio Web e [&hellip;]\" \/>\n<meta property=\"og:url\" content=\"https:\/\/www.bigreddxb.com\/pt-pt\/termos-e-condicoes\/\" \/>\n<meta property=\"og:site_name\" content=\"Big Red Adventure Tours\" \/>\n<meta name=\"twitter:card\" content=\"summary_large_image\" \/>\n<meta name=\"twitter:label1\" content=\"Tempo estimado de leitura\" \/>\n\t<meta name=\"twitter:data1\" content=\"14 minutos\" \/>\n<script type=\"application\/ld+json\" class=\"yoast-schema-graph\">{\"@context\":\"https:\\\/\\\/schema.org\",\"@graph\":[{\"@type\":\"WebPage\",\"@id\":\"https:\\\/\\\/www.bigreddxb.com\\\/pt-pt\\\/termos-e-condicoes\\\/\",\"url\":\"https:\\\/\\\/www.bigreddxb.com\\\/pt-pt\\\/termos-e-condicoes\\\/\",\"name\":\"Termos e condi\u00e7\u00f5es &#8211; Big Red Adventure Tours\",\"isPartOf\":{\"@id\":\"https:\\\/\\\/www.bigreddxb.com\\\/pt-pt\\\/#website\"},\"datePublished\":\"2022-08-28T05:30:02+00:00\",\"breadcrumb\":{\"@id\":\"https:\\\/\\\/www.bigreddxb.com\\\/pt-pt\\\/termos-e-condicoes\\\/#breadcrumb\"},\"inLanguage\":\"pt-PT\",\"potentialAction\":[{\"@type\":\"ReadAction\",\"target\":[\"https:\\\/\\\/www.bigreddxb.com\\\/pt-pt\\\/termos-e-condicoes\\\/\"]}]},{\"@type\":\"BreadcrumbList\",\"@id\":\"https:\\\/\\\/www.bigreddxb.com\\\/pt-pt\\\/termos-e-condicoes\\\/#breadcrumb\",\"itemListElement\":[{\"@type\":\"ListItem\",\"position\":1,\"name\":\"Home\",\"item\":\"https:\\\/\\\/www.bigreddxb.com\\\/pt-pt\\\/inicio\\\/\"},{\"@type\":\"ListItem\",\"position\":2,\"name\":\"Termos e condi\u00e7\u00f5es\"}]},{\"@type\":\"WebSite\",\"@id\":\"https:\\\/\\\/www.bigreddxb.com\\\/pt-pt\\\/#website\",\"url\":\"https:\\\/\\\/www.bigreddxb.com\\\/pt-pt\\\/\",\"name\":\"Big Red Adventure Tours\",\"description\":\"Buggy Tours in Dubai\",\"publisher\":{\"@id\":\"https:\\\/\\\/www.bigreddxb.com\\\/pt-pt\\\/#organization\"},\"potentialAction\":[{\"@type\":\"SearchAction\",\"target\":{\"@type\":\"EntryPoint\",\"urlTemplate\":\"https:\\\/\\\/www.bigreddxb.com\\\/pt-pt\\\/?s={search_term_string}\"},\"query-input\":{\"@type\":\"PropertyValueSpecification\",\"valueRequired\":true,\"valueName\":\"search_term_string\"}}],\"inLanguage\":\"pt-PT\"},{\"@type\":\"Organization\",\"@id\":\"https:\\\/\\\/www.bigreddxb.com\\\/pt-pt\\\/#organization\",\"name\":\"Big Red Adventure Tours\",\"url\":\"https:\\\/\\\/www.bigreddxb.com\\\/pt-pt\\\/\",\"logo\":{\"@type\":\"ImageObject\",\"inLanguage\":\"pt-PT\",\"@id\":\"https:\\\/\\\/www.bigreddxb.com\\\/pt-pt\\\/#\\\/schema\\\/logo\\\/image\\\/\",\"url\":\"https:\\\/\\\/www.bigreddxb.com\\\/wp-content\\\/uploads\\\/2022\\\/09\\\/Can-am-buggy-tours-bigreddxb.jpg\",\"contentUrl\":\"https:\\\/\\\/www.bigreddxb.com\\\/wp-content\\\/uploads\\\/2022\\\/09\\\/Can-am-buggy-tours-bigreddxb.jpg\",\"width\":384,\"height\":256,\"caption\":\"Big Red Adventure Tours\"},\"image\":{\"@id\":\"https:\\\/\\\/www.bigreddxb.com\\\/pt-pt\\\/#\\\/schema\\\/logo\\\/image\\\/\"},\"sameAs\":[\"https:\\\/\\\/www.instagram.com\\\/bigreddxb\\\/\"]}]}<\/script>\n<!-- \/ Yoast SEO Premium plugin. -->","yoast_head_json":{"title":"Termos e condi\u00e7\u00f5es &#8211; Big Red Adventure Tours","robots":{"index":"index","follow":"follow","max-snippet":"max-snippet:-1","max-image-preview":"max-image-preview:large","max-video-preview":"max-video-preview:-1"},"canonical":"https:\/\/www.bigreddxb.com\/pt-pt\/termos-e-condicoes\/","og_locale":"pt_PT","og_type":"article","og_title":"Termos e condi\u00e7\u00f5es","og_description":"&#8220;Os Emirados \u00c1rabes Unidos s\u00e3o o nosso pa\u00eds de domic\u00edlio&#8221; e estipulam que a A lei aplic\u00e1vel \u00e9 a lei local. Visa e Master Card) e quais as moedas que ser\u00e3o aceites para pagamento N\u00e3o efectuamos trocas comerciais nem prestamos quaisquer servi\u00e7os a pa\u00edses sancionados pelo OFAC. Os clientes que utilizem o s\u00edtio Web e [&hellip;]","og_url":"https:\/\/www.bigreddxb.com\/pt-pt\/termos-e-condicoes\/","og_site_name":"Big Red Adventure Tours","twitter_card":"summary_large_image","twitter_misc":{"Tempo estimado de leitura":"14 minutos"},"schema":{"@context":"https:\/\/schema.org","@graph":[{"@type":"WebPage","@id":"https:\/\/www.bigreddxb.com\/pt-pt\/termos-e-condicoes\/","url":"https:\/\/www.bigreddxb.com\/pt-pt\/termos-e-condicoes\/","name":"Termos e condi\u00e7\u00f5es &#8211; Big Red Adventure Tours","isPartOf":{"@id":"https:\/\/www.bigreddxb.com\/pt-pt\/#website"},"datePublished":"2022-08-28T05:30:02+00:00","breadcrumb":{"@id":"https:\/\/www.bigreddxb.com\/pt-pt\/termos-e-condicoes\/#breadcrumb"},"inLanguage":"pt-PT","potentialAction":[{"@type":"ReadAction","target":["https:\/\/www.bigreddxb.com\/pt-pt\/termos-e-condicoes\/"]}]},{"@type":"BreadcrumbList","@id":"https:\/\/www.bigreddxb.com\/pt-pt\/termos-e-condicoes\/#breadcrumb","itemListElement":[{"@type":"ListItem","position":1,"name":"Home","item":"https:\/\/www.bigreddxb.com\/pt-pt\/inicio\/"},{"@type":"ListItem","position":2,"name":"Termos e condi\u00e7\u00f5es"}]},{"@type":"WebSite","@id":"https:\/\/www.bigreddxb.com\/pt-pt\/#website","url":"https:\/\/www.bigreddxb.com\/pt-pt\/","name":"Big Red Adventure Tours","description":"Buggy Tours in Dubai","publisher":{"@id":"https:\/\/www.bigreddxb.com\/pt-pt\/#organization"},"potentialAction":[{"@type":"SearchAction","target":{"@type":"EntryPoint","urlTemplate":"https:\/\/www.bigreddxb.com\/pt-pt\/?s={search_term_string}"},"query-input":{"@type":"PropertyValueSpecification","valueRequired":true,"valueName":"search_term_string"}}],"inLanguage":"pt-PT"},{"@type":"Organization","@id":"https:\/\/www.bigreddxb.com\/pt-pt\/#organization","name":"Big Red Adventure Tours","url":"https:\/\/www.bigreddxb.com\/pt-pt\/","logo":{"@type":"ImageObject","inLanguage":"pt-PT","@id":"https:\/\/www.bigreddxb.com\/pt-pt\/#\/schema\/logo\/image\/","url":"https:\/\/www.bigreddxb.com\/wp-content\/uploads\/2022\/09\/Can-am-buggy-tours-bigreddxb.jpg","contentUrl":"https:\/\/www.bigreddxb.com\/wp-content\/uploads\/2022\/09\/Can-am-buggy-tours-bigreddxb.jpg","width":384,"height":256,"caption":"Big Red Adventure Tours"},"image":{"@id":"https:\/\/www.bigreddxb.com\/pt-pt\/#\/schema\/logo\/image\/"},"sameAs":["https:\/\/www.instagram.com\/bigreddxb\/"]}]}},"_links":{"self":[{"href":"https:\/\/www.bigreddxb.com\/pt-pt\/wp-json\/wp\/v2\/pages\/10294","targetHints":{"allow":["GET"]}}],"collection":[{"href":"https:\/\/www.bigreddxb.com\/pt-pt\/wp-json\/wp\/v2\/pages"}],"about":[{"href":"https:\/\/www.bigreddxb.com\/pt-pt\/wp-json\/wp\/v2\/types\/page"}],"author":[{"embeddable":true,"href":"https:\/\/www.bigreddxb.com\/pt-pt\/wp-json\/wp\/v2\/users\/1"}],"replies":[{"embeddable":true,"href":"https:\/\/www.bigreddxb.com\/pt-pt\/wp-json\/wp\/v2\/comments?post=10294"}],"version-history":[{"count":0,"href":"https:\/\/www.bigreddxb.com\/pt-pt\/wp-json\/wp\/v2\/pages\/10294\/revisions"}],"wp:attachment":[{"href":"https:\/\/www.bigreddxb.com\/pt-pt\/wp-json\/wp\/v2\/media?parent=10294"}],"curies":[{"name":"wp","href":"https:\/\/api.w.org\/{rel}","templated":true}]}}