{"id":10296,"date":"2022-08-28T05:28:12","date_gmt":"2022-08-28T05:28:12","guid":{"rendered":"https:\/\/www.bigreddxb.com\/politica-de-privacidade\/"},"modified":"2022-08-28T05:28:12","modified_gmt":"2022-08-28T05:28:12","slug":"politica-de-privacidade","status":"publish","type":"page","link":"https:\/\/www.bigreddxb.com\/pt-pt\/politica-de-privacidade\/","title":{"rendered":"Pol\u00edtica de Privacidade"},"content":{"rendered":"<p>Os dados dos cart\u00f5es de cr\u00e9dito\/d\u00e9bito e as informa\u00e7\u00f5es de identifica\u00e7\u00e3o pessoal N\u00c3O ser\u00e3o armazenados, vendidos, partilhados, alugados ou cedidos a terceiros<\/p>\n<p>A Big Red Adventure Tours n\u00e3o transmitir\u00e1 a terceiros quaisquer dados relativos a cart\u00f5es de d\u00e9bito\/cr\u00e9dito<\/p>\n<p>A Big Red Adventure Tours toma as medidas adequadas para garantir a privacidade e seguran\u00e7a dos dados, incluindo atrav\u00e9s de v\u00e1rias metodologias de hardware e software. No entanto, (www.bigreddxb.com) n\u00e3o pode garantir a seguran\u00e7a de quaisquer informa\u00e7\u00f5es divulgadas em linha<\/p>\n<p>A Big Red Adventure Tours n\u00e3o \u00e9 respons\u00e1vel pelas pol\u00edticas de privacidade dos s\u00edtios para os quais estabelece liga\u00e7\u00f5es. Se o utilizador fornecer informa\u00e7\u00f5es a esses terceiros, poder\u00e3o aplicar-se regras diferentes no que respeita \u00e0 recolha e utiliza\u00e7\u00e3o das suas informa\u00e7\u00f5es pessoais. O utilizador deve contactar directamente estas entidades se tiver d\u00favidas sobre a utiliza\u00e7\u00e3o que fazem das informa\u00e7\u00f5es que recolhem.<\/p>\n<p>As pol\u00edticas e os termos e condi\u00e7\u00f5es do s\u00edtio Web podem ser alterados ou actualizados ocasionalmente para satisfazer os requisitos e as normas. Por conseguinte, os Clientes s\u00e3o encorajados a visitar frequentemente estas sec\u00e7\u00f5es para se manterem actualizados sobre as altera\u00e7\u00f5es no s\u00edtio Web. As altera\u00e7\u00f5es entrar\u00e3o em vigor no dia em que forem publicadas.<\/p>\n<p>Informa\u00e7\u00f5es recolhidas pela Big Red Adventure Tours. Esta \u00e9 a pol\u00edtica de privacidade online da Big Red Adventure Tours (&#8220;bigreddxb.com&#8221;) (&#8220;Pol\u00edtica&#8221;). Esta pol\u00edtica aplica-se apenas a actividades em que bigreddxb.com participa no seu s\u00edtio web e n\u00e3o se aplica a actividades de www.bigreddxb.com que estejam &#8220;offline&#8221; ou n\u00e3o relacionadas com o s\u00edtio web.<\/p>\n<p>bigreddxb.com recolhe determinados dados an\u00f3nimos relativos \u00e0 utiliza\u00e7\u00e3o do s\u00edtio Web. Estas informa\u00e7\u00f5es n\u00e3o identificam pessoalmente os utilizadores, por si s\u00f3 ou em combina\u00e7\u00e3o com outras informa\u00e7\u00f5es, e s\u00e3o recolhidas para melhorar o desempenho do s\u00edtio Web. Os dados an\u00f3nimos recolhidos pelo s\u00edtio Web www.bigreddxb.com podem incluir informa\u00e7\u00f5es como o tipo de navegador que est\u00e1 a utilizar e a dura\u00e7\u00e3o da visita ao s\u00edtio Web. Pode tamb\u00e9m ser-lhe pedido que forne\u00e7a informa\u00e7\u00f5es de identifica\u00e7\u00e3o pessoal no s\u00edtio Web bigreddxb.com, que podem incluir o seu nome, endere\u00e7o, n\u00famero de telefone e endere\u00e7o de correio electr\u00f3nico. Estas informa\u00e7\u00f5es podem ser recolhidas quando s\u00e3o enviados coment\u00e1rios ou mensagens de correio electr\u00f3nico para bigreddxb.com, quando o utilizador se regista para servi\u00e7os ou faz compras atrav\u00e9s do s\u00edtio Web. Em todos esses casos, o utilizador tem a op\u00e7\u00e3o de nos fornecer informa\u00e7\u00f5es de identifica\u00e7\u00e3o pessoal.<\/p>\n<p>Utiliza\u00e7\u00e3o e divulga\u00e7\u00e3o de informa\u00e7\u00f5es. Salvo indica\u00e7\u00e3o em contr\u00e1rio abaixo, n\u00e3o vendemos, trocamos ou alugamos a terceiros as suas informa\u00e7\u00f5es de identifica\u00e7\u00e3o pessoal recolhidas no s\u00edtio. As informa\u00e7\u00f5es recolhidas pelo nosso s\u00edtio s\u00e3o utilizadas para processar encomendas, para o manter informado sobre o estado da sua encomenda, para o notificar sobre produtos ou ofertas especiais que possam ser do seu interesse e para fins estat\u00edsticos com vista a melhorar o nosso s\u00edtio. Divulgaremos as suas informa\u00e7\u00f5es de entrega a terceiros para fins de acompanhamento da encomenda ou para processar o seu cheque ou ordem de pagamento, conforme apropriado, para preencher a sua encomenda, melhorar a funcionalidade do nosso s\u00edtio Web, efectuar an\u00e1lises estat\u00edsticas e de dados, entregar a sua encomenda e enviar-lhe e-mails promocionais da nossa parte. Por exemplo, temos de divulgar as suas informa\u00e7\u00f5es de endere\u00e7o postal ao servi\u00e7o de entregas para entregar os produtos que encomendou.<\/p>\n<p>Os dados dos cart\u00f5es de cr\u00e9dito\/d\u00e9bito e as informa\u00e7\u00f5es de identifica\u00e7\u00e3o pessoal N\u00c3O ser\u00e3o armazenados, vendidos, partilhados, alugados ou cedidos a terceiros<\/p>\n<p>Cookies. Os cookies s\u00e3o pequenos fragmentos de dados armazenados no browser de um utilizador. bigreddxb.com utiliza cookies para determinar se o utilizador visitou ou n\u00e3o a p\u00e1gina inicial no passado. No entanto, n\u00e3o s\u00e3o recolhidas quaisquer outras informa\u00e7\u00f5es sobre o utilizador.<\/p>\n<p>bigreddxb.com pode utilizar &#8220;dados agregados&#8221; n\u00e3o pessoais para melhorar o funcionamento do nosso s\u00edtio Web ou analisar o interesse nas \u00e1reas do nosso s\u00edtio Web. Al\u00e9m disso, se fornecer \u00e0 bigreddxb.com conte\u00fados para publica\u00e7\u00e3o ou coment\u00e1rios, poderemos publicar o seu nome de utilizador ou outros dados de identifica\u00e7\u00e3o com a sua autoriza\u00e7\u00e3o.<\/p>\n<p>bigreddxb.com pode tamb\u00e9m revelar informa\u00e7\u00e3o pessoal identific\u00e1vel para responder a uma intima\u00e7\u00e3o, ordem judicial ou outro pedido semelhante. O www.bigreddxb.com tamb\u00e9m pode fornecer essas informa\u00e7\u00f5es de identifica\u00e7\u00e3o pessoal em resposta a um pedido de uma ag\u00eancia de aplica\u00e7\u00e3o da lei ou conforme exigido por lei. As suas informa\u00e7\u00f5es pessoais identific\u00e1veis podem ser fornecidas a uma parte se o bigreddxb.com declarar fal\u00eancia ou se houver uma transfer\u00eancia dos activos ou da propriedade de www.bigreddxb.com em liga\u00e7\u00e3o com reorganiza\u00e7\u00f5es empresariais propostas ou consumadas, tais como fus\u00f5es ou aquisi\u00e7\u00f5es.<\/p>\n<p>Seguran\u00e7a. O s\u00edtio www.bigreddxb.com toma medidas adequadas para garantir a privacidade e a seguran\u00e7a dos dados, nomeadamente atrav\u00e9s de v\u00e1rias metodologias de hardware e software. No entanto, o www.bigreddxb.com n\u00e3o pode garantir a seguran\u00e7a de quaisquer informa\u00e7\u00f5es divulgadas em linha.<\/p>\n<p>Outros s\u00edtios Web. O www.bigreddxb.com n\u00e3o \u00e9 respons\u00e1vel pelas pol\u00edticas de privacidade dos s\u00edtios para os quais estabelece liga\u00e7\u00f5es. Se o utilizador fornecer informa\u00e7\u00f5es a esses terceiros, poder\u00e3o ser aplicadas regras diferentes no que respeita \u00e0 recolha e utiliza\u00e7\u00e3o das suas informa\u00e7\u00f5es pessoais. Sugerimos vivamente que reveja as pol\u00edticas de privacidade desses terceiros antes de lhes fornecer quaisquer dados. N\u00e3o somos respons\u00e1veis pelas pol\u00edticas ou pr\u00e1ticas de terceiros. Tenha em aten\u00e7\u00e3o que os nossos s\u00edtios podem conter liga\u00e7\u00f5es a outros s\u00edtios na Internet que s\u00e3o propriedade de terceiros e por eles geridos. As pr\u00e1ticas de informa\u00e7\u00e3o desses s\u00edtios Web ligados ao nosso s\u00edtio n\u00e3o s\u00e3o abrangidas pela presente pol\u00edtica. Estes outros s\u00edtios podem enviar os seus pr\u00f3prios cookies ou GIFs transparentes aos utilizadores, recolher dados ou solicitar informa\u00e7\u00f5es de identifica\u00e7\u00e3o pessoal. N\u00e3o podemos controlar esta recolha de informa\u00e7\u00f5es. O utilizador deve contactar directamente estas entidades se tiver d\u00favidas sobre a utiliza\u00e7\u00e3o que fazem das informa\u00e7\u00f5es que recolhem.<\/p>\n<p>Menores. O www.bigreddxb.com n\u00e3o recolhe intencionalmente informa\u00e7\u00f5es pessoais de menores com idade inferior a 18 anos. Os menores n\u00e3o est\u00e3o autorizados a utilizar o s\u00edtio Web ou os servi\u00e7os de www.bigreddxb.com e www.bigreddxb.com solicita que os menores de 18 anos n\u00e3o enviem quaisquer informa\u00e7\u00f5es pessoais para o s\u00edtio Web. Uma vez que n\u00e3o s\u00e3o recolhidas informa\u00e7\u00f5es relativas a menores de 18 anos, o www.bigreddxb.com n\u00e3o distribui intencionalmente informa\u00e7\u00f5es pessoais relativas a menores de 18 anos.<\/p>\n<p>Correc\u00e7\u00f5es e actualiza\u00e7\u00f5es. Se desejar modificar ou actualizar qualquer informa\u00e7\u00e3o que www.bigreddxb.com tenha recebido, contacte info@bigreddxb.com<\/p>\n<p>Altera\u00e7\u00f5es \u00e0 pol\u00edtica de privacidade. www.bigreddxb.com. As pol\u00edticas do s\u00edtio Web e os termos e condi\u00e7\u00f5es ser\u00e3o alterados ou actualizados ocasionalmente para satisfazer os requisitos e as normas. Por conseguinte, os clientes s\u00e3o encorajados a visitar frequentemente estas sec\u00e7\u00f5es para se manterem actualizados sobre as altera\u00e7\u00f5es no s\u00edtio Web. As altera\u00e7\u00f5es entrar\u00e3o em vigor no dia em que forem publicadas&#8221;.<\/p>\n","protected":false},"excerpt":{"rendered":"<p>Os dados dos cart\u00f5es de cr\u00e9dito\/d\u00e9bito e as informa\u00e7\u00f5es de identifica\u00e7\u00e3o pessoal N\u00c3O ser\u00e3o armazenados, vendidos, partilhados, alugados ou cedidos a terceiros A Big Red Adventure Tours n\u00e3o transmitir\u00e1 a terceiros quaisquer dados relativos a cart\u00f5es de d\u00e9bito\/cr\u00e9dito A Big Red Adventure Tours toma as medidas adequadas para garantir a privacidade e seguran\u00e7a dos dados, [&hellip;]<\/p>\n","protected":false},"author":1,"featured_media":0,"parent":0,"menu_order":0,"comment_status":"closed","ping_status":"closed","template":"","meta":{"_acf_changed":false,"_themeisle_gutenberg_block_has_review":false,"footnotes":""},"class_list":["post-10296","page","type-page","status-publish","hentry"],"acf":[],"yoast_head":"<!-- This site is optimized with the Yoast SEO Premium plugin v20.12 (Yoast SEO v27.5) - https:\/\/yoast.com\/product\/yoast-seo-premium-wordpress\/ -->\n<title>Pol\u00edtica de Privacidade &#8211; Big Red Adventure Tours<\/title>\n<meta name=\"robots\" content=\"index, follow, max-snippet:-1, max-image-preview:large, max-video-preview:-1\" \/>\n<link rel=\"canonical\" href=\"https:\/\/www.bigreddxb.com\/pt-pt\/politica-de-privacidade\/\" \/>\n<meta property=\"og:locale\" content=\"pt_PT\" \/>\n<meta property=\"og:type\" content=\"article\" \/>\n<meta property=\"og:title\" content=\"Pol\u00edtica de Privacidade\" \/>\n<meta property=\"og:description\" content=\"Os dados dos cart\u00f5es de cr\u00e9dito\/d\u00e9bito e as informa\u00e7\u00f5es de identifica\u00e7\u00e3o pessoal N\u00c3O ser\u00e3o armazenados, vendidos, partilhados, alugados ou cedidos a terceiros A Big Red Adventure Tours n\u00e3o transmitir\u00e1 a terceiros quaisquer dados relativos a cart\u00f5es de d\u00e9bito\/cr\u00e9dito A Big Red Adventure Tours toma as medidas adequadas para garantir a privacidade e seguran\u00e7a dos dados, [&hellip;]\" \/>\n<meta property=\"og:url\" content=\"https:\/\/www.bigreddxb.com\/pt-pt\/politica-de-privacidade\/\" \/>\n<meta property=\"og:site_name\" content=\"Big Red Adventure Tours\" \/>\n<meta name=\"twitter:card\" content=\"summary_large_image\" \/>\n<meta name=\"twitter:label1\" content=\"Tempo estimado de leitura\" \/>\n\t<meta name=\"twitter:data1\" content=\"7 minutos\" \/>\n<script type=\"application\/ld+json\" class=\"yoast-schema-graph\">{\"@context\":\"https:\\\/\\\/schema.org\",\"@graph\":[{\"@type\":\"WebPage\",\"@id\":\"https:\\\/\\\/www.bigreddxb.com\\\/pt-pt\\\/politica-de-privacidade\\\/\",\"url\":\"https:\\\/\\\/www.bigreddxb.com\\\/pt-pt\\\/politica-de-privacidade\\\/\",\"name\":\"Pol\u00edtica de Privacidade &#8211; Big Red Adventure Tours\",\"isPartOf\":{\"@id\":\"https:\\\/\\\/www.bigreddxb.com\\\/pt-pt\\\/#website\"},\"datePublished\":\"2022-08-28T05:28:12+00:00\",\"breadcrumb\":{\"@id\":\"https:\\\/\\\/www.bigreddxb.com\\\/pt-pt\\\/politica-de-privacidade\\\/#breadcrumb\"},\"inLanguage\":\"pt-PT\",\"potentialAction\":[{\"@type\":\"ReadAction\",\"target\":[\"https:\\\/\\\/www.bigreddxb.com\\\/pt-pt\\\/politica-de-privacidade\\\/\"]}]},{\"@type\":\"BreadcrumbList\",\"@id\":\"https:\\\/\\\/www.bigreddxb.com\\\/pt-pt\\\/politica-de-privacidade\\\/#breadcrumb\",\"itemListElement\":[{\"@type\":\"ListItem\",\"position\":1,\"name\":\"Home\",\"item\":\"https:\\\/\\\/www.bigreddxb.com\\\/pt-pt\\\/inicio\\\/\"},{\"@type\":\"ListItem\",\"position\":2,\"name\":\"Pol\u00edtica de Privacidade\"}]},{\"@type\":\"WebSite\",\"@id\":\"https:\\\/\\\/www.bigreddxb.com\\\/pt-pt\\\/#website\",\"url\":\"https:\\\/\\\/www.bigreddxb.com\\\/pt-pt\\\/\",\"name\":\"Big Red Adventure Tours\",\"description\":\"Buggy Tours in Dubai\",\"publisher\":{\"@id\":\"https:\\\/\\\/www.bigreddxb.com\\\/pt-pt\\\/#organization\"},\"potentialAction\":[{\"@type\":\"SearchAction\",\"target\":{\"@type\":\"EntryPoint\",\"urlTemplate\":\"https:\\\/\\\/www.bigreddxb.com\\\/pt-pt\\\/?s={search_term_string}\"},\"query-input\":{\"@type\":\"PropertyValueSpecification\",\"valueRequired\":true,\"valueName\":\"search_term_string\"}}],\"inLanguage\":\"pt-PT\"},{\"@type\":\"Organization\",\"@id\":\"https:\\\/\\\/www.bigreddxb.com\\\/pt-pt\\\/#organization\",\"name\":\"Big Red Adventure Tours\",\"url\":\"https:\\\/\\\/www.bigreddxb.com\\\/pt-pt\\\/\",\"logo\":{\"@type\":\"ImageObject\",\"inLanguage\":\"pt-PT\",\"@id\":\"https:\\\/\\\/www.bigreddxb.com\\\/pt-pt\\\/#\\\/schema\\\/logo\\\/image\\\/\",\"url\":\"https:\\\/\\\/www.bigreddxb.com\\\/wp-content\\\/uploads\\\/2022\\\/09\\\/Can-am-buggy-tours-bigreddxb.jpg\",\"contentUrl\":\"https:\\\/\\\/www.bigreddxb.com\\\/wp-content\\\/uploads\\\/2022\\\/09\\\/Can-am-buggy-tours-bigreddxb.jpg\",\"width\":384,\"height\":256,\"caption\":\"Big Red Adventure Tours\"},\"image\":{\"@id\":\"https:\\\/\\\/www.bigreddxb.com\\\/pt-pt\\\/#\\\/schema\\\/logo\\\/image\\\/\"},\"sameAs\":[\"https:\\\/\\\/www.instagram.com\\\/bigreddxb\\\/\"]}]}<\/script>\n<!-- \/ Yoast SEO Premium plugin. -->","yoast_head_json":{"title":"Pol\u00edtica de Privacidade &#8211; Big Red Adventure Tours","robots":{"index":"index","follow":"follow","max-snippet":"max-snippet:-1","max-image-preview":"max-image-preview:large","max-video-preview":"max-video-preview:-1"},"canonical":"https:\/\/www.bigreddxb.com\/pt-pt\/politica-de-privacidade\/","og_locale":"pt_PT","og_type":"article","og_title":"Pol\u00edtica de Privacidade","og_description":"Os dados dos cart\u00f5es de cr\u00e9dito\/d\u00e9bito e as informa\u00e7\u00f5es de identifica\u00e7\u00e3o pessoal N\u00c3O ser\u00e3o armazenados, vendidos, partilhados, alugados ou cedidos a terceiros A Big Red Adventure Tours n\u00e3o transmitir\u00e1 a terceiros quaisquer dados relativos a cart\u00f5es de d\u00e9bito\/cr\u00e9dito A Big Red Adventure Tours toma as medidas adequadas para garantir a privacidade e seguran\u00e7a dos dados, [&hellip;]","og_url":"https:\/\/www.bigreddxb.com\/pt-pt\/politica-de-privacidade\/","og_site_name":"Big Red Adventure Tours","twitter_card":"summary_large_image","twitter_misc":{"Tempo estimado de leitura":"7 minutos"},"schema":{"@context":"https:\/\/schema.org","@graph":[{"@type":"WebPage","@id":"https:\/\/www.bigreddxb.com\/pt-pt\/politica-de-privacidade\/","url":"https:\/\/www.bigreddxb.com\/pt-pt\/politica-de-privacidade\/","name":"Pol\u00edtica de Privacidade &#8211; Big Red Adventure Tours","isPartOf":{"@id":"https:\/\/www.bigreddxb.com\/pt-pt\/#website"},"datePublished":"2022-08-28T05:28:12+00:00","breadcrumb":{"@id":"https:\/\/www.bigreddxb.com\/pt-pt\/politica-de-privacidade\/#breadcrumb"},"inLanguage":"pt-PT","potentialAction":[{"@type":"ReadAction","target":["https:\/\/www.bigreddxb.com\/pt-pt\/politica-de-privacidade\/"]}]},{"@type":"BreadcrumbList","@id":"https:\/\/www.bigreddxb.com\/pt-pt\/politica-de-privacidade\/#breadcrumb","itemListElement":[{"@type":"ListItem","position":1,"name":"Home","item":"https:\/\/www.bigreddxb.com\/pt-pt\/inicio\/"},{"@type":"ListItem","position":2,"name":"Pol\u00edtica de Privacidade"}]},{"@type":"WebSite","@id":"https:\/\/www.bigreddxb.com\/pt-pt\/#website","url":"https:\/\/www.bigreddxb.com\/pt-pt\/","name":"Big Red Adventure Tours","description":"Buggy Tours in Dubai","publisher":{"@id":"https:\/\/www.bigreddxb.com\/pt-pt\/#organization"},"potentialAction":[{"@type":"SearchAction","target":{"@type":"EntryPoint","urlTemplate":"https:\/\/www.bigreddxb.com\/pt-pt\/?s={search_term_string}"},"query-input":{"@type":"PropertyValueSpecification","valueRequired":true,"valueName":"search_term_string"}}],"inLanguage":"pt-PT"},{"@type":"Organization","@id":"https:\/\/www.bigreddxb.com\/pt-pt\/#organization","name":"Big Red Adventure Tours","url":"https:\/\/www.bigreddxb.com\/pt-pt\/","logo":{"@type":"ImageObject","inLanguage":"pt-PT","@id":"https:\/\/www.bigreddxb.com\/pt-pt\/#\/schema\/logo\/image\/","url":"https:\/\/www.bigreddxb.com\/wp-content\/uploads\/2022\/09\/Can-am-buggy-tours-bigreddxb.jpg","contentUrl":"https:\/\/www.bigreddxb.com\/wp-content\/uploads\/2022\/09\/Can-am-buggy-tours-bigreddxb.jpg","width":384,"height":256,"caption":"Big Red Adventure Tours"},"image":{"@id":"https:\/\/www.bigreddxb.com\/pt-pt\/#\/schema\/logo\/image\/"},"sameAs":["https:\/\/www.instagram.com\/bigreddxb\/"]}]}},"_links":{"self":[{"href":"https:\/\/www.bigreddxb.com\/pt-pt\/wp-json\/wp\/v2\/pages\/10296","targetHints":{"allow":["GET"]}}],"collection":[{"href":"https:\/\/www.bigreddxb.com\/pt-pt\/wp-json\/wp\/v2\/pages"}],"about":[{"href":"https:\/\/www.bigreddxb.com\/pt-pt\/wp-json\/wp\/v2\/types\/page"}],"author":[{"embeddable":true,"href":"https:\/\/www.bigreddxb.com\/pt-pt\/wp-json\/wp\/v2\/users\/1"}],"replies":[{"embeddable":true,"href":"https:\/\/www.bigreddxb.com\/pt-pt\/wp-json\/wp\/v2\/comments?post=10296"}],"version-history":[{"count":0,"href":"https:\/\/www.bigreddxb.com\/pt-pt\/wp-json\/wp\/v2\/pages\/10296\/revisions"}],"wp:attachment":[{"href":"https:\/\/www.bigreddxb.com\/pt-pt\/wp-json\/wp\/v2\/media?parent=10296"}],"curies":[{"name":"wp","href":"https:\/\/api.w.org\/{rel}","templated":true}]}}