{"id":11358,"date":"2022-08-28T05:15:12","date_gmt":"2022-08-28T05:15:12","guid":{"rendered":"https:\/\/www.bigreddxb.com\/grup-ve-etkinlikler\/"},"modified":"2023-07-05T06:17:33","modified_gmt":"2023-07-05T06:17:33","slug":"grup-ve-etkinlikler","status":"publish","type":"page","link":"https:\/\/www.bigreddxb.com\/tr\/grup-ve-etkinlikler\/","title":{"rendered":"Grup ve etkinlikler"},"content":{"rendered":"","protected":false},"excerpt":{"rendered":"","protected":false},"author":1,"featured_media":0,"parent":0,"menu_order":0,"comment_status":"closed","ping_status":"closed","template":"templates\/template-longread.php","meta":{"_acf_changed":false,"_themeisle_gutenberg_block_has_review":false,"footnotes":""},"class_list":["post-11358","page","type-page","status-publish","hentry"],"acf":[],"yoast_head":"<!-- This site is optimized with the Yoast SEO Premium plugin v20.12 (Yoast SEO v27.4) - https:\/\/yoast.com\/product\/yoast-seo-premium-wordpress\/ -->\n<title>Grup ve Etkinlikler | Dubai \u00c7\u00f6l Turu - Big Red Adventure Tours<\/title>\n<meta name=\"description\" content=\"Dubai&#039;de grup ve etkinlik \u00e7\u00f6l turlar\u0131 sunuyoruz. Deneyimli rehberlerimiz sizi Arap \u00c7\u00f6l\u00fc&#039;nde bir yolculu\u011fa \u00e7\u0131karacak. \u015eimdi rezervasyon yapt\u0131r\u0131n!\" \/>\n<meta name=\"robots\" content=\"index, follow, max-snippet:-1, max-image-preview:large, max-video-preview:-1\" \/>\n<link rel=\"canonical\" href=\"https:\/\/www.bigreddxb.com\/tr\/grup-ve-etkinlikler\/\" \/>\n<meta property=\"og:locale\" content=\"tr_TR\" \/>\n<meta property=\"og:type\" content=\"article\" \/>\n<meta property=\"og:title\" content=\"Grup ve etkinlikler\" \/>\n<meta property=\"og:description\" content=\"Dubai&#039;de grup ve etkinlik \u00e7\u00f6l turlar\u0131 sunuyoruz. Deneyimli rehberlerimiz sizi Arap \u00c7\u00f6l\u00fc&#039;nde bir yolculu\u011fa \u00e7\u0131karacak. \u015eimdi rezervasyon yapt\u0131r\u0131n!\" \/>\n<meta property=\"og:url\" content=\"https:\/\/www.bigreddxb.com\/tr\/grup-ve-etkinlikler\/\" \/>\n<meta property=\"og:site_name\" content=\"Big Red Adventure Tours\" \/>\n<meta property=\"article:modified_time\" content=\"2023-07-05T06:17:33+00:00\" \/>\n<meta name=\"twitter:card\" content=\"summary_large_image\" \/>\n<script type=\"application\/ld+json\" class=\"yoast-schema-graph\">{\"@context\":\"https:\\\/\\\/schema.org\",\"@graph\":[{\"@type\":\"WebPage\",\"@id\":\"https:\\\/\\\/www.bigreddxb.com\\\/tr\\\/grup-ve-etkinlikler\\\/\",\"url\":\"https:\\\/\\\/www.bigreddxb.com\\\/tr\\\/grup-ve-etkinlikler\\\/\",\"name\":\"Grup ve Etkinlikler | Dubai \u00c7\u00f6l Turu - Big Red Adventure Tours\",\"isPartOf\":{\"@id\":\"https:\\\/\\\/www.bigreddxb.com\\\/tr\\\/#website\"},\"datePublished\":\"2022-08-28T05:15:12+00:00\",\"dateModified\":\"2023-07-05T06:17:33+00:00\",\"description\":\"Dubai'de grup ve etkinlik \u00e7\u00f6l turlar\u0131 sunuyoruz. Deneyimli rehberlerimiz sizi Arap \u00c7\u00f6l\u00fc'nde bir yolculu\u011fa \u00e7\u0131karacak. \u015eimdi rezervasyon yapt\u0131r\u0131n!\",\"breadcrumb\":{\"@id\":\"https:\\\/\\\/www.bigreddxb.com\\\/tr\\\/grup-ve-etkinlikler\\\/#breadcrumb\"},\"inLanguage\":\"tr\",\"potentialAction\":[{\"@type\":\"ReadAction\",\"target\":[\"https:\\\/\\\/www.bigreddxb.com\\\/tr\\\/grup-ve-etkinlikler\\\/\"]}]},{\"@type\":\"BreadcrumbList\",\"@id\":\"https:\\\/\\\/www.bigreddxb.com\\\/tr\\\/grup-ve-etkinlikler\\\/#breadcrumb\",\"itemListElement\":[{\"@type\":\"ListItem\",\"position\":1,\"name\":\"Home\",\"item\":\"https:\\\/\\\/www.bigreddxb.com\\\/tr\\\/ev\\\/\"},{\"@type\":\"ListItem\",\"position\":2,\"name\":\"Grup ve etkinlikler\"}]},{\"@type\":\"WebSite\",\"@id\":\"https:\\\/\\\/www.bigreddxb.com\\\/tr\\\/#website\",\"url\":\"https:\\\/\\\/www.bigreddxb.com\\\/tr\\\/\",\"name\":\"Big Red Adventure Tours\",\"description\":\"Buggy Tours in Dubai\",\"publisher\":{\"@id\":\"https:\\\/\\\/www.bigreddxb.com\\\/tr\\\/#organization\"},\"potentialAction\":[{\"@type\":\"SearchAction\",\"target\":{\"@type\":\"EntryPoint\",\"urlTemplate\":\"https:\\\/\\\/www.bigreddxb.com\\\/tr\\\/?s={search_term_string}\"},\"query-input\":{\"@type\":\"PropertyValueSpecification\",\"valueRequired\":true,\"valueName\":\"search_term_string\"}}],\"inLanguage\":\"tr\"},{\"@type\":\"Organization\",\"@id\":\"https:\\\/\\\/www.bigreddxb.com\\\/tr\\\/#organization\",\"name\":\"Big Red Adventure Tours\",\"url\":\"https:\\\/\\\/www.bigreddxb.com\\\/tr\\\/\",\"logo\":{\"@type\":\"ImageObject\",\"inLanguage\":\"tr\",\"@id\":\"https:\\\/\\\/www.bigreddxb.com\\\/tr\\\/#\\\/schema\\\/logo\\\/image\\\/\",\"url\":\"https:\\\/\\\/www.bigreddxb.com\\\/wp-content\\\/uploads\\\/2022\\\/09\\\/Can-am-buggy-tours-bigreddxb.jpg\",\"contentUrl\":\"https:\\\/\\\/www.bigreddxb.com\\\/wp-content\\\/uploads\\\/2022\\\/09\\\/Can-am-buggy-tours-bigreddxb.jpg\",\"width\":384,\"height\":256,\"caption\":\"Big Red Adventure Tours\"},\"image\":{\"@id\":\"https:\\\/\\\/www.bigreddxb.com\\\/tr\\\/#\\\/schema\\\/logo\\\/image\\\/\"},\"sameAs\":[\"https:\\\/\\\/www.instagram.com\\\/bigreddxb\\\/\"]}]}<\/script>\n<!-- \/ Yoast SEO Premium plugin. -->","yoast_head_json":{"title":"Grup ve Etkinlikler | Dubai \u00c7\u00f6l Turu - Big Red Adventure Tours","description":"Dubai'de grup ve etkinlik \u00e7\u00f6l turlar\u0131 sunuyoruz. Deneyimli rehberlerimiz sizi Arap \u00c7\u00f6l\u00fc'nde bir yolculu\u011fa \u00e7\u0131karacak. \u015eimdi rezervasyon yapt\u0131r\u0131n!","robots":{"index":"index","follow":"follow","max-snippet":"max-snippet:-1","max-image-preview":"max-image-preview:large","max-video-preview":"max-video-preview:-1"},"canonical":"https:\/\/www.bigreddxb.com\/tr\/grup-ve-etkinlikler\/","og_locale":"tr_TR","og_type":"article","og_title":"Grup ve etkinlikler","og_description":"Dubai'de grup ve etkinlik \u00e7\u00f6l turlar\u0131 sunuyoruz. Deneyimli rehberlerimiz sizi Arap \u00c7\u00f6l\u00fc'nde bir yolculu\u011fa \u00e7\u0131karacak. \u015eimdi rezervasyon yapt\u0131r\u0131n!","og_url":"https:\/\/www.bigreddxb.com\/tr\/grup-ve-etkinlikler\/","og_site_name":"Big Red Adventure Tours","article_modified_time":"2023-07-05T06:17:33+00:00","twitter_card":"summary_large_image","schema":{"@context":"https:\/\/schema.org","@graph":[{"@type":"WebPage","@id":"https:\/\/www.bigreddxb.com\/tr\/grup-ve-etkinlikler\/","url":"https:\/\/www.bigreddxb.com\/tr\/grup-ve-etkinlikler\/","name":"Grup ve Etkinlikler | Dubai \u00c7\u00f6l Turu - Big Red Adventure Tours","isPartOf":{"@id":"https:\/\/www.bigreddxb.com\/tr\/#website"},"datePublished":"2022-08-28T05:15:12+00:00","dateModified":"2023-07-05T06:17:33+00:00","description":"Dubai'de grup ve etkinlik \u00e7\u00f6l turlar\u0131 sunuyoruz. Deneyimli rehberlerimiz sizi Arap \u00c7\u00f6l\u00fc'nde bir yolculu\u011fa \u00e7\u0131karacak. \u015eimdi rezervasyon yapt\u0131r\u0131n!","breadcrumb":{"@id":"https:\/\/www.bigreddxb.com\/tr\/grup-ve-etkinlikler\/#breadcrumb"},"inLanguage":"tr","potentialAction":[{"@type":"ReadAction","target":["https:\/\/www.bigreddxb.com\/tr\/grup-ve-etkinlikler\/"]}]},{"@type":"BreadcrumbList","@id":"https:\/\/www.bigreddxb.com\/tr\/grup-ve-etkinlikler\/#breadcrumb","itemListElement":[{"@type":"ListItem","position":1,"name":"Home","item":"https:\/\/www.bigreddxb.com\/tr\/ev\/"},{"@type":"ListItem","position":2,"name":"Grup ve etkinlikler"}]},{"@type":"WebSite","@id":"https:\/\/www.bigreddxb.com\/tr\/#website","url":"https:\/\/www.bigreddxb.com\/tr\/","name":"Big Red Adventure Tours","description":"Buggy Tours in Dubai","publisher":{"@id":"https:\/\/www.bigreddxb.com\/tr\/#organization"},"potentialAction":[{"@type":"SearchAction","target":{"@type":"EntryPoint","urlTemplate":"https:\/\/www.bigreddxb.com\/tr\/?s={search_term_string}"},"query-input":{"@type":"PropertyValueSpecification","valueRequired":true,"valueName":"search_term_string"}}],"inLanguage":"tr"},{"@type":"Organization","@id":"https:\/\/www.bigreddxb.com\/tr\/#organization","name":"Big Red Adventure Tours","url":"https:\/\/www.bigreddxb.com\/tr\/","logo":{"@type":"ImageObject","inLanguage":"tr","@id":"https:\/\/www.bigreddxb.com\/tr\/#\/schema\/logo\/image\/","url":"https:\/\/www.bigreddxb.com\/wp-content\/uploads\/2022\/09\/Can-am-buggy-tours-bigreddxb.jpg","contentUrl":"https:\/\/www.bigreddxb.com\/wp-content\/uploads\/2022\/09\/Can-am-buggy-tours-bigreddxb.jpg","width":384,"height":256,"caption":"Big Red Adventure Tours"},"image":{"@id":"https:\/\/www.bigreddxb.com\/tr\/#\/schema\/logo\/image\/"},"sameAs":["https:\/\/www.instagram.com\/bigreddxb\/"]}]}},"_links":{"self":[{"href":"https:\/\/www.bigreddxb.com\/tr\/wp-json\/wp\/v2\/pages\/11358","targetHints":{"allow":["GET"]}}],"collection":[{"href":"https:\/\/www.bigreddxb.com\/tr\/wp-json\/wp\/v2\/pages"}],"about":[{"href":"https:\/\/www.bigreddxb.com\/tr\/wp-json\/wp\/v2\/types\/page"}],"author":[{"embeddable":true,"href":"https:\/\/www.bigreddxb.com\/tr\/wp-json\/wp\/v2\/users\/1"}],"replies":[{"embeddable":true,"href":"https:\/\/www.bigreddxb.com\/tr\/wp-json\/wp\/v2\/comments?post=11358"}],"version-history":[{"count":1,"href":"https:\/\/www.bigreddxb.com\/tr\/wp-json\/wp\/v2\/pages\/11358\/revisions"}],"predecessor-version":[{"id":11359,"href":"https:\/\/www.bigreddxb.com\/tr\/wp-json\/wp\/v2\/pages\/11358\/revisions\/11359"}],"wp:attachment":[{"href":"https:\/\/www.bigreddxb.com\/tr\/wp-json\/wp\/v2\/media?parent=11358"}],"curies":[{"name":"wp","href":"https:\/\/api.w.org\/{rel}","templated":true}]}}