{"id":11363,"date":"2022-08-28T05:28:12","date_gmt":"2022-08-28T05:28:12","guid":{"rendered":"https:\/\/www.bigreddxb.com\/gizlilik-politikasi\/"},"modified":"2022-08-28T05:28:12","modified_gmt":"2022-08-28T05:28:12","slug":"gizlilik-politikasi","status":"publish","type":"page","link":"https:\/\/www.bigreddxb.com\/tr\/gizlilik-politikasi\/","title":{"rendered":"Gizlilik Politikas\u0131"},"content":{"rendered":"<p>T\u00fcm kredi\/banka kart\u0131 bilgileri ve ki\u015fisel olarak tan\u0131mlanabilir bilgiler saklanmayacak, sat\u0131lmayacak, payla\u015f\u0131lmayacak, kiralanmayacak veya herhangi bir \u00fc\u00e7\u00fcnc\u00fc tarafa kiralanmayacakt\u0131r<\/p>\n<p>Big Red Adventure Tours, herhangi bir banka \/ kredi kart\u0131 bilgisini \u00fc\u00e7\u00fcnc\u00fc \u015fah\u0131slara aktarmayacakt\u0131r<\/p>\n<p>Big Red Adventure Tours, \u00e7e\u015fitli donan\u0131m ve yaz\u0131l\u0131m metodolojileri de dahil olmak \u00fczere veri gizlili\u011fini ve g\u00fcvenli\u011fini sa\u011flamak i\u00e7in uygun ad\u0131mlar\u0131 atar. Ancak, (www.bigreddxb.com) \u00e7evrimi\u00e7i olarak if\u015fa edilen herhangi bir bilginin g\u00fcvenli\u011fini garanti edemez<\/p>\n<p>Big Red Adventure Tours, ba\u011flant\u0131 verdi\u011fi web sitelerinin gizlilik politikalar\u0131ndan sorumlu de\u011fildir. Bu t\u00fcr \u00fc\u00e7\u00fcnc\u00fc taraflara herhangi bir bilgi vermeniz halinde, ki\u015fisel bilgilerinizin toplanmas\u0131 ve kullan\u0131lmas\u0131na ili\u015fkin farkl\u0131 kurallar ge\u00e7erli olabilir. Toplad\u0131klar\u0131 bilgileri kullanmalar\u0131 hakk\u0131nda herhangi bir sorunuz varsa do\u011frudan bu kurulu\u015flarla ileti\u015fime ge\u00e7melisiniz.<\/p>\n<p>Web Sitesi Politikalar\u0131 ve H\u00fck\u00fcm ve Ko\u015fullar\u0131, gereksinimleri ve standartlar\u0131 kar\u015f\u0131lamak i\u00e7in zaman zaman de\u011fi\u015ftirilebilir veya g\u00fcncellenebilir. Bu nedenle, M\u00fc\u015fterilerin web sitesindeki de\u011fi\u015fikliklerden haberdar olmak i\u00e7in bu b\u00f6l\u00fcmleri s\u0131k s\u0131k ziyaret etmeleri \u00f6nerilir. De\u011fi\u015fiklikler yay\u0131nland\u0131klar\u0131 g\u00fcn y\u00fcr\u00fcrl\u00fc\u011fe girecektir.<\/p>\n<p>Big Red Adventure Tours taraf\u0131ndan toplanan bilgiler. Bu, Big Red Adventure Tours (&#8220;bigreddxb.com&#8221;) \u00e7evrimi\u00e7i gizlilik politikas\u0131d\u0131r (&#8220;Politika&#8221;). Bu politika yaln\u0131zca bigreddxb.com&#8217;un web sitesinde ger\u00e7ekle\u015ftirdi\u011fi faaliyetler i\u00e7in ge\u00e7erlidir ve &#8220;\u00e7evrimd\u0131\u015f\u0131&#8221; veya web sitesiyle ilgisi olmayan www.bigreddxb.com faaliyetleri i\u00e7in ge\u00e7erli de\u011fildir.<\/p>\n<p>bigreddxb.com, web sitesinin kullan\u0131m\u0131na ili\u015fkin baz\u0131 anonim veriler toplar. Bu bilgiler, tek ba\u015f\u0131na veya di\u011fer bilgilerle birlikte kullan\u0131c\u0131lar\u0131 ki\u015fisel olarak tan\u0131mlamaz ve web sitesinin performans\u0131n\u0131 iyile\u015ftirmek i\u00e7in toplan\u0131r. www.bigreddxb.com web sitesi taraf\u0131ndan toplanan anonim veriler, kulland\u0131\u011f\u0131n\u0131z taray\u0131c\u0131 t\u00fcr\u00fc ve web sitesini ziyaretinizin uzunlu\u011fu gibi bilgileri i\u00e7erebilir. Ayr\u0131ca bigreddxb.com web sitesinde ad\u0131n\u0131z\u0131, adresinizi, telefon numaran\u0131z\u0131 ve e-posta adresinizi i\u00e7erebilecek ki\u015fisel olarak tan\u0131mlanabilir bilgiler sa\u011flaman\u0131z istenebilir. Bu bilgiler, bigreddxb.com&#8217;a geri bildirim veya e-posta g\u00f6nderildi\u011finde, hizmetlere kaydoldu\u011funuzda veya web sitesi \u00fczerinden al\u0131\u015fveri\u015f yapt\u0131\u011f\u0131n\u0131zda toplanabilir. T\u00fcm bu durumlarda bize ki\u015fisel olarak tan\u0131mlanabilir bilgiler sa\u011flama se\u00e7ene\u011finiz vard\u0131r.<\/p>\n<p>Bilgilerin kullan\u0131m\u0131 ve if\u015fas\u0131. A\u015fa\u011f\u0131da aksi belirtilmedik\u00e7e, sitede toplanan ki\u015fisel olarak tan\u0131mlanabilir bilgilerinizi ba\u015fkalar\u0131na satm\u0131yor, takas etmiyor veya kiralam\u0131yoruz. Sitemiz taraf\u0131ndan toplanan bilgiler, sipari\u015fleri i\u015fleme koymak, sipari\u015f durumunuz hakk\u0131nda sizi bilgilendirmek, ilginizi \u00e7ekebilecek \u00fcr\u00fcnler veya \u00f6zel teklifler hakk\u0131nda sizi bilgilendirmek ve sitemizi geli\u015ftirmek i\u00e7in istatistiksel ama\u00e7larla kullan\u0131l\u0131r. Teslimat bilgilerinizi sipari\u015f takibi amac\u0131yla \u00fc\u00e7\u00fcnc\u00fc taraflara if\u015fa edece\u011fiz veya uygun oldu\u011fu \u015fekilde \u00e7ekinizi veya havalenizi i\u015fleme koyaca\u011f\u0131z, sipari\u015finizi dolduraca\u011f\u0131z, sitemizin i\u015flevselli\u011fini geli\u015ftirece\u011fiz, sipari\u015finizi iletmek i\u00e7in istatistiksel ve veri analizleri ger\u00e7ekle\u015ftirece\u011fiz ve bizden size promosyon e-postalar\u0131 g\u00f6nderece\u011fiz. \u00d6rne\u011fin, sipari\u015f etti\u011finiz \u00fcr\u00fcnleri teslim etmek i\u00e7in posta adresi bilgilerinizi teslimat hizmetine vermemiz gerekir.<\/p>\n<p>T\u00fcm kredi\/banka kart\u0131 bilgileri ve ki\u015fisel olarak tan\u0131mlanabilir bilgiler saklanmayacak, sat\u0131lmayacak, payla\u015f\u0131lmayacak, kiralanmayacak veya herhangi bir \u00fc\u00e7\u00fcnc\u00fc tarafa kiralanmayacakt\u0131r<\/p>\n<p>\u00c7erezler. \u00c7erezler, bir kullan\u0131c\u0131n\u0131n taray\u0131c\u0131s\u0131nda \u00f6nbelle\u011fe al\u0131nan k\u00fc\u00e7\u00fck veri par\u00e7alar\u0131d\u0131r. bigreddxb.com, ana sayfay\u0131 ge\u00e7mi\u015fte ziyaret edip etmedi\u011finizi belirlemek i\u00e7in \u00e7erezlerden yararlan\u0131r. Ancak, ba\u015fka hi\u00e7bir kullan\u0131c\u0131 bilgisi toplanmaz.<\/p>\n<p>bigreddxb.com, web sitemizin i\u015fleyi\u015fini geli\u015ftirmek veya web sitemizin alanlar\u0131na olan ilgiyi analiz etmek i\u00e7in ki\u015fisel olmayan &#8220;toplu verileri&#8221; kullanabilir. Ayr\u0131ca, bigreddxb.com&#8217;a yay\u0131nlanmas\u0131 veya geri bildirimde bulunulmas\u0131 i\u00e7in i\u00e7erik sa\u011flarsan\u0131z, kullan\u0131c\u0131 ad\u0131n\u0131z\u0131 veya di\u011fer tan\u0131mlay\u0131c\u0131 verilerinizi izninizle yay\u0131nlayabiliriz.<\/p>\n<p>bigreddxb.com ayr\u0131ca bir mahkeme celbine, mahkeme emrine veya bu t\u00fcr ba\u015fka bir talebe yan\u0131t vermek i\u00e7in ki\u015fisel olarak tan\u0131mlanabilir bilgileri if\u015fa edebilir. www.bigreddxb.com ayr\u0131ca bu t\u00fcr ki\u015fisel olarak tan\u0131mlanabilir bilgileri bir kolluk kuvveti talebine yan\u0131t olarak veya yasalar\u0131n gerektirdi\u011fi \u015fekilde sa\u011flayabilir. Ki\u015fisel olarak tan\u0131mlanabilir bilgileriniz, bigreddxb.com iflas ba\u015fvurusunda bulunursa veya birle\u015fme veya devralma gibi \u00f6nerilen veya tamamlanan kurumsal yeniden yap\u0131lanmalarla ba\u011flant\u0131l\u0131 olarak www.bigreddxb.com&#8217;un varl\u0131klar\u0131n\u0131n veya m\u00fclkiyetinin devredilmesi durumunda bir tarafa sa\u011flanabilir.<\/p>\n<p>G\u00fcvenlik. www.bigreddxb.com \u00e7e\u015fitli donan\u0131m ve yaz\u0131l\u0131m metodolojileri de dahil olmak \u00fczere veri gizlili\u011fi ve g\u00fcvenli\u011fini sa\u011flamak i\u00e7in uygun ad\u0131mlar\u0131 atar. Ancak, www.bigreddxb.com \u00e7evrimi\u00e7i olarak if\u015fa edilen herhangi bir bilginin g\u00fcvenli\u011fini garanti edemez.<\/p>\n<p>Di\u011fer web siteleri. www.bigreddxb.com, ba\u011flant\u0131 verdi\u011fi web sitelerinin gizlilik politikalar\u0131ndan sorumlu de\u011fildir. Bu t\u00fcr \u00fc\u00e7\u00fcnc\u00fc taraflara herhangi bir bilgi vermeniz halinde, ki\u015fisel bilgilerinizin toplanmas\u0131 ve kullan\u0131lmas\u0131na ili\u015fkin farkl\u0131 kurallar ge\u00e7erli olabilir. Bu \u00fc\u00e7\u00fcnc\u00fc taraflara herhangi bir veri sa\u011flamadan \u00f6nce s\u00f6z konusu \u00fc\u00e7\u00fcnc\u00fc taraflar\u0131n gizlilik politikalar\u0131n\u0131 incelemenizi \u00f6nemle tavsiye ederiz. \u00dc\u00e7\u00fcnc\u00fc taraflar\u0131n politikalar\u0131ndan veya uygulamalar\u0131ndan sorumlu de\u011filiz. Sitelerimizin internette \u00fc\u00e7\u00fcnc\u00fc taraflara ait olan ve onlar taraf\u0131ndan i\u015fletilen di\u011fer sitelere ba\u011flant\u0131lar i\u00e7erebilece\u011fini l\u00fctfen unutmay\u0131n. Sitemizle ba\u011flant\u0131l\u0131 olan Web sitelerinin bilgi uygulamalar\u0131 bu Politika kapsam\u0131nda de\u011fildir. Bu di\u011fer siteler kullan\u0131c\u0131lara kendi \u00e7erezlerini veya a\u00e7\u0131k GIF&#8217;lerini g\u00f6nderebilir, veri toplayabilir veya ki\u015fisel olarak tan\u0131mlanabilir bilgiler talep edebilir. Bu bilgi toplama i\u015flemini kontrol edemiyoruz. Toplad\u0131klar\u0131 bilgileri kullanmalar\u0131 hakk\u0131nda herhangi bir sorunuz varsa do\u011frudan bu kurulu\u015flarla ileti\u015fime ge\u00e7melisiniz.<\/p>\n<p>K\u00fc\u00e7\u00fckler. www.bigreddxb.com 18 ya\u015f\u0131ndan k\u00fc\u00e7\u00fcklerden bilerek ki\u015fisel bilgi toplamaz. Re\u015fit olmayanlar\u0131n www.bigreddxb.com web sitesini veya hizmetlerini kullanmas\u0131na izin verilmez ve www.bigreddxb.com 18 ya\u015f\u0131ndan k\u00fc\u00e7\u00fcklerin web sitesine herhangi bir ki\u015fisel bilgi g\u00f6ndermemesini talep eder. Re\u015fit olmayan 18 ya\u015f\u0131ndan k\u00fc\u00e7\u00fcklere ili\u015fkin bilgiler toplanmad\u0131\u011f\u0131ndan, www.bigreddxb.com 18 ya\u015f\u0131ndan k\u00fc\u00e7\u00fcklere ili\u015fkin ki\u015fisel bilgileri bilerek da\u011f\u0131tmamaktad\u0131r.<\/p>\n<p>D\u00fczeltmeler ve g\u00fcncellemeler. www.bigreddxb.com&#8217;un ald\u0131\u011f\u0131 herhangi bir bilgiyi de\u011fi\u015ftirmek veya g\u00fcncellemek isterseniz, l\u00fctfen info@bigreddxb.com ile ileti\u015fime ge\u00e7in.<\/p>\n<p>Gizlilik politikas\u0131 de\u011fi\u015fiklikleri. www.bigreddxb.com. Web Sitesi Politikalar\u0131 ve H\u00fck\u00fcm ve Ko\u015fullar\u0131, gereksinimleri ve standartlar\u0131 kar\u015f\u0131lamak i\u00e7in zaman zaman de\u011fi\u015ftirilecek veya g\u00fcncellenecektir. Bu nedenle, M\u00fc\u015fterilerin web sitesindeki de\u011fi\u015fikliklerden haberdar olmak i\u00e7in bu b\u00f6l\u00fcmleri s\u0131k s\u0131k ziyaret etmeleri tavsiye edilir. De\u011fi\u015fiklikler yay\u0131nland\u0131klar\u0131 g\u00fcn y\u00fcr\u00fcrl\u00fc\u011fe girecektir&#8221;.<\/p>\n","protected":false},"excerpt":{"rendered":"<p>T\u00fcm kredi\/banka kart\u0131 bilgileri ve ki\u015fisel olarak tan\u0131mlanabilir bilgiler saklanmayacak, sat\u0131lmayacak, payla\u015f\u0131lmayacak, kiralanmayacak veya herhangi bir \u00fc\u00e7\u00fcnc\u00fc tarafa kiralanmayacakt\u0131r Big Red Adventure Tours, herhangi bir banka \/ kredi kart\u0131 bilgisini \u00fc\u00e7\u00fcnc\u00fc \u015fah\u0131slara aktarmayacakt\u0131r Big Red Adventure Tours, \u00e7e\u015fitli donan\u0131m ve yaz\u0131l\u0131m metodolojileri de dahil olmak \u00fczere veri gizlili\u011fini ve g\u00fcvenli\u011fini sa\u011flamak i\u00e7in uygun ad\u0131mlar\u0131 atar. [&hellip;]<\/p>\n","protected":false},"author":1,"featured_media":0,"parent":0,"menu_order":0,"comment_status":"closed","ping_status":"closed","template":"","meta":{"_acf_changed":false,"_themeisle_gutenberg_block_has_review":false,"footnotes":""},"class_list":["post-11363","page","type-page","status-publish","hentry"],"acf":[],"yoast_head":"<!-- This site is optimized with the Yoast SEO Premium plugin v20.12 (Yoast SEO v27.5) - https:\/\/yoast.com\/product\/yoast-seo-premium-wordpress\/ -->\n<title>Gizlilik Politikas\u0131 &#8211; Big Red Adventure Tours<\/title>\n<meta name=\"robots\" content=\"index, follow, max-snippet:-1, max-image-preview:large, max-video-preview:-1\" \/>\n<link rel=\"canonical\" href=\"https:\/\/www.bigreddxb.com\/tr\/gizlilik-politikasi\/\" \/>\n<meta property=\"og:locale\" content=\"tr_TR\" \/>\n<meta property=\"og:type\" content=\"article\" \/>\n<meta property=\"og:title\" content=\"Gizlilik Politikas\u0131\" \/>\n<meta property=\"og:description\" content=\"T\u00fcm kredi\/banka kart\u0131 bilgileri ve ki\u015fisel olarak tan\u0131mlanabilir bilgiler saklanmayacak, sat\u0131lmayacak, payla\u015f\u0131lmayacak, kiralanmayacak veya herhangi bir \u00fc\u00e7\u00fcnc\u00fc tarafa kiralanmayacakt\u0131r Big Red Adventure Tours, herhangi bir banka \/ kredi kart\u0131 bilgisini \u00fc\u00e7\u00fcnc\u00fc \u015fah\u0131slara aktarmayacakt\u0131r Big Red Adventure Tours, \u00e7e\u015fitli donan\u0131m ve yaz\u0131l\u0131m metodolojileri de dahil olmak \u00fczere veri gizlili\u011fini ve g\u00fcvenli\u011fini sa\u011flamak i\u00e7in uygun ad\u0131mlar\u0131 atar. [&hellip;]\" \/>\n<meta property=\"og:url\" content=\"https:\/\/www.bigreddxb.com\/tr\/gizlilik-politikasi\/\" \/>\n<meta property=\"og:site_name\" content=\"Big Red Adventure Tours\" \/>\n<meta name=\"twitter:card\" content=\"summary_large_image\" \/>\n<meta name=\"twitter:label1\" content=\"Tahmini okuma s\u00fcresi\" \/>\n\t<meta name=\"twitter:data1\" content=\"6 dakika\" \/>\n<script type=\"application\/ld+json\" class=\"yoast-schema-graph\">{\"@context\":\"https:\\\/\\\/schema.org\",\"@graph\":[{\"@type\":\"WebPage\",\"@id\":\"https:\\\/\\\/www.bigreddxb.com\\\/tr\\\/gizlilik-politikasi\\\/\",\"url\":\"https:\\\/\\\/www.bigreddxb.com\\\/tr\\\/gizlilik-politikasi\\\/\",\"name\":\"Gizlilik Politikas\u0131 &#8211; Big Red Adventure Tours\",\"isPartOf\":{\"@id\":\"https:\\\/\\\/www.bigreddxb.com\\\/tr\\\/#website\"},\"datePublished\":\"2022-08-28T05:28:12+00:00\",\"breadcrumb\":{\"@id\":\"https:\\\/\\\/www.bigreddxb.com\\\/tr\\\/gizlilik-politikasi\\\/#breadcrumb\"},\"inLanguage\":\"tr\",\"potentialAction\":[{\"@type\":\"ReadAction\",\"target\":[\"https:\\\/\\\/www.bigreddxb.com\\\/tr\\\/gizlilik-politikasi\\\/\"]}]},{\"@type\":\"BreadcrumbList\",\"@id\":\"https:\\\/\\\/www.bigreddxb.com\\\/tr\\\/gizlilik-politikasi\\\/#breadcrumb\",\"itemListElement\":[{\"@type\":\"ListItem\",\"position\":1,\"name\":\"Home\",\"item\":\"https:\\\/\\\/www.bigreddxb.com\\\/tr\\\/ev\\\/\"},{\"@type\":\"ListItem\",\"position\":2,\"name\":\"Gizlilik Politikas\u0131\"}]},{\"@type\":\"WebSite\",\"@id\":\"https:\\\/\\\/www.bigreddxb.com\\\/tr\\\/#website\",\"url\":\"https:\\\/\\\/www.bigreddxb.com\\\/tr\\\/\",\"name\":\"Big Red Adventure Tours\",\"description\":\"Buggy Tours in Dubai\",\"publisher\":{\"@id\":\"https:\\\/\\\/www.bigreddxb.com\\\/tr\\\/#organization\"},\"potentialAction\":[{\"@type\":\"SearchAction\",\"target\":{\"@type\":\"EntryPoint\",\"urlTemplate\":\"https:\\\/\\\/www.bigreddxb.com\\\/tr\\\/?s={search_term_string}\"},\"query-input\":{\"@type\":\"PropertyValueSpecification\",\"valueRequired\":true,\"valueName\":\"search_term_string\"}}],\"inLanguage\":\"tr\"},{\"@type\":\"Organization\",\"@id\":\"https:\\\/\\\/www.bigreddxb.com\\\/tr\\\/#organization\",\"name\":\"Big Red Adventure Tours\",\"url\":\"https:\\\/\\\/www.bigreddxb.com\\\/tr\\\/\",\"logo\":{\"@type\":\"ImageObject\",\"inLanguage\":\"tr\",\"@id\":\"https:\\\/\\\/www.bigreddxb.com\\\/tr\\\/#\\\/schema\\\/logo\\\/image\\\/\",\"url\":\"https:\\\/\\\/www.bigreddxb.com\\\/wp-content\\\/uploads\\\/2022\\\/09\\\/Can-am-buggy-tours-bigreddxb.jpg\",\"contentUrl\":\"https:\\\/\\\/www.bigreddxb.com\\\/wp-content\\\/uploads\\\/2022\\\/09\\\/Can-am-buggy-tours-bigreddxb.jpg\",\"width\":384,\"height\":256,\"caption\":\"Big Red Adventure Tours\"},\"image\":{\"@id\":\"https:\\\/\\\/www.bigreddxb.com\\\/tr\\\/#\\\/schema\\\/logo\\\/image\\\/\"},\"sameAs\":[\"https:\\\/\\\/www.instagram.com\\\/bigreddxb\\\/\"]}]}<\/script>\n<!-- \/ Yoast SEO Premium plugin. -->","yoast_head_json":{"title":"Gizlilik Politikas\u0131 &#8211; Big Red Adventure Tours","robots":{"index":"index","follow":"follow","max-snippet":"max-snippet:-1","max-image-preview":"max-image-preview:large","max-video-preview":"max-video-preview:-1"},"canonical":"https:\/\/www.bigreddxb.com\/tr\/gizlilik-politikasi\/","og_locale":"tr_TR","og_type":"article","og_title":"Gizlilik Politikas\u0131","og_description":"T\u00fcm kredi\/banka kart\u0131 bilgileri ve ki\u015fisel olarak tan\u0131mlanabilir bilgiler saklanmayacak, sat\u0131lmayacak, payla\u015f\u0131lmayacak, kiralanmayacak veya herhangi bir \u00fc\u00e7\u00fcnc\u00fc tarafa kiralanmayacakt\u0131r Big Red Adventure Tours, herhangi bir banka \/ kredi kart\u0131 bilgisini \u00fc\u00e7\u00fcnc\u00fc \u015fah\u0131slara aktarmayacakt\u0131r Big Red Adventure Tours, \u00e7e\u015fitli donan\u0131m ve yaz\u0131l\u0131m metodolojileri de dahil olmak \u00fczere veri gizlili\u011fini ve g\u00fcvenli\u011fini sa\u011flamak i\u00e7in uygun ad\u0131mlar\u0131 atar. [&hellip;]","og_url":"https:\/\/www.bigreddxb.com\/tr\/gizlilik-politikasi\/","og_site_name":"Big Red Adventure Tours","twitter_card":"summary_large_image","twitter_misc":{"Tahmini okuma s\u00fcresi":"6 dakika"},"schema":{"@context":"https:\/\/schema.org","@graph":[{"@type":"WebPage","@id":"https:\/\/www.bigreddxb.com\/tr\/gizlilik-politikasi\/","url":"https:\/\/www.bigreddxb.com\/tr\/gizlilik-politikasi\/","name":"Gizlilik Politikas\u0131 &#8211; Big Red Adventure Tours","isPartOf":{"@id":"https:\/\/www.bigreddxb.com\/tr\/#website"},"datePublished":"2022-08-28T05:28:12+00:00","breadcrumb":{"@id":"https:\/\/www.bigreddxb.com\/tr\/gizlilik-politikasi\/#breadcrumb"},"inLanguage":"tr","potentialAction":[{"@type":"ReadAction","target":["https:\/\/www.bigreddxb.com\/tr\/gizlilik-politikasi\/"]}]},{"@type":"BreadcrumbList","@id":"https:\/\/www.bigreddxb.com\/tr\/gizlilik-politikasi\/#breadcrumb","itemListElement":[{"@type":"ListItem","position":1,"name":"Home","item":"https:\/\/www.bigreddxb.com\/tr\/ev\/"},{"@type":"ListItem","position":2,"name":"Gizlilik Politikas\u0131"}]},{"@type":"WebSite","@id":"https:\/\/www.bigreddxb.com\/tr\/#website","url":"https:\/\/www.bigreddxb.com\/tr\/","name":"Big Red Adventure Tours","description":"Buggy Tours in Dubai","publisher":{"@id":"https:\/\/www.bigreddxb.com\/tr\/#organization"},"potentialAction":[{"@type":"SearchAction","target":{"@type":"EntryPoint","urlTemplate":"https:\/\/www.bigreddxb.com\/tr\/?s={search_term_string}"},"query-input":{"@type":"PropertyValueSpecification","valueRequired":true,"valueName":"search_term_string"}}],"inLanguage":"tr"},{"@type":"Organization","@id":"https:\/\/www.bigreddxb.com\/tr\/#organization","name":"Big Red Adventure Tours","url":"https:\/\/www.bigreddxb.com\/tr\/","logo":{"@type":"ImageObject","inLanguage":"tr","@id":"https:\/\/www.bigreddxb.com\/tr\/#\/schema\/logo\/image\/","url":"https:\/\/www.bigreddxb.com\/wp-content\/uploads\/2022\/09\/Can-am-buggy-tours-bigreddxb.jpg","contentUrl":"https:\/\/www.bigreddxb.com\/wp-content\/uploads\/2022\/09\/Can-am-buggy-tours-bigreddxb.jpg","width":384,"height":256,"caption":"Big Red Adventure Tours"},"image":{"@id":"https:\/\/www.bigreddxb.com\/tr\/#\/schema\/logo\/image\/"},"sameAs":["https:\/\/www.instagram.com\/bigreddxb\/"]}]}},"_links":{"self":[{"href":"https:\/\/www.bigreddxb.com\/tr\/wp-json\/wp\/v2\/pages\/11363","targetHints":{"allow":["GET"]}}],"collection":[{"href":"https:\/\/www.bigreddxb.com\/tr\/wp-json\/wp\/v2\/pages"}],"about":[{"href":"https:\/\/www.bigreddxb.com\/tr\/wp-json\/wp\/v2\/types\/page"}],"author":[{"embeddable":true,"href":"https:\/\/www.bigreddxb.com\/tr\/wp-json\/wp\/v2\/users\/1"}],"replies":[{"embeddable":true,"href":"https:\/\/www.bigreddxb.com\/tr\/wp-json\/wp\/v2\/comments?post=11363"}],"version-history":[{"count":0,"href":"https:\/\/www.bigreddxb.com\/tr\/wp-json\/wp\/v2\/pages\/11363\/revisions"}],"wp:attachment":[{"href":"https:\/\/www.bigreddxb.com\/tr\/wp-json\/wp\/v2\/media?parent=11363"}],"curies":[{"name":"wp","href":"https:\/\/api.w.org\/{rel}","templated":true}]}}