{"id":11364,"date":"2022-08-28T05:29:17","date_gmt":"2022-08-28T05:29:17","guid":{"rendered":"https:\/\/www.bigreddxb.com\/para-iadesi-ve-iptal\/"},"modified":"2022-08-28T05:29:17","modified_gmt":"2022-08-28T05:29:17","slug":"para-iadesi-ve-iptal","status":"publish","type":"page","link":"https:\/\/www.bigreddxb.com\/tr\/para-iadesi-ve-iptal\/","title":{"rendered":"Para iadesi ve iptal"},"content":{"rendered":"<p>Geri \u00d6deme Politikas\u0131 Tur tarih ve saatinden 48 saat \u00f6ncesine kadar rezervasyonunuzu tam geri \u00f6deme i\u00e7in iptal etme talebinde bulunabilirsiniz.<\/p>\n<p>Turdan 24-48 saat \u00f6nce yap\u0131lan iptallerde %50 geri \u00f6deme yap\u0131l\u0131r.<\/p>\n<p>Tura 24 saatten az kala yap\u0131lan iptallerde iade yap\u0131lmaz.<br \/>\nBir tur i\u00e7in kay\u0131t yapt\u0131rd\u0131\u011f\u0131n\u0131zda, bu H\u00fck\u00fcm ve Ko\u015fullar\u0131 kabul etmi\u015f olursunuz.<\/p>\n<p>T\u00fcm iptaller do\u011frudan Big Red Adventure Tours ile yap\u0131lmal\u0131d\u0131r.<\/p>\n<p>Bir Rezervasyon ancak Misafir info@bigreddxb.com adresinden iptal onay\u0131n\u0131 ald\u0131ktan sonra resmi olarak iptal edilir.<\/p>\n<p>Para iadeleri, kredi kart\u0131n\u0131\/banka kart\u0131n\u0131 veren bankaya ba\u011fl\u0131 olarak 7 ila 10 g\u00fcn i\u00e7inde i\u015fleme al\u0131nacakt\u0131r.<\/p>\n","protected":false},"excerpt":{"rendered":"<p>Geri \u00d6deme Politikas\u0131 Tur tarih ve saatinden 48 saat \u00f6ncesine kadar rezervasyonunuzu tam geri \u00f6deme i\u00e7in iptal etme talebinde bulunabilirsiniz. Turdan 24-48 saat \u00f6nce yap\u0131lan iptallerde %50 geri \u00f6deme yap\u0131l\u0131r. Tura 24 saatten az kala yap\u0131lan iptallerde iade yap\u0131lmaz. Bir tur i\u00e7in kay\u0131t yapt\u0131rd\u0131\u011f\u0131n\u0131zda, bu H\u00fck\u00fcm ve Ko\u015fullar\u0131 kabul etmi\u015f olursunuz. T\u00fcm iptaller do\u011frudan Big [&hellip;]<\/p>\n","protected":false},"author":1,"featured_media":0,"parent":0,"menu_order":0,"comment_status":"closed","ping_status":"closed","template":"","meta":{"_acf_changed":false,"_themeisle_gutenberg_block_has_review":false,"footnotes":""},"class_list":["post-11364","page","type-page","status-publish","hentry"],"acf":[],"yoast_head":"<!-- This site is optimized with the Yoast SEO Premium plugin v20.12 (Yoast SEO v27.4) - https:\/\/yoast.com\/product\/yoast-seo-premium-wordpress\/ -->\n<title>Para iadesi ve iptal &#8211; Big Red Adventure Tours<\/title>\n<meta name=\"robots\" content=\"index, follow, max-snippet:-1, max-image-preview:large, max-video-preview:-1\" \/>\n<link rel=\"canonical\" href=\"https:\/\/www.bigreddxb.com\/tr\/para-iadesi-ve-iptal\/\" \/>\n<meta property=\"og:locale\" content=\"tr_TR\" \/>\n<meta property=\"og:type\" content=\"article\" \/>\n<meta property=\"og:title\" content=\"Para iadesi ve iptal\" \/>\n<meta property=\"og:description\" content=\"Geri \u00d6deme Politikas\u0131 Tur tarih ve saatinden 48 saat \u00f6ncesine kadar rezervasyonunuzu tam geri \u00f6deme i\u00e7in iptal etme talebinde bulunabilirsiniz. Turdan 24-48 saat \u00f6nce yap\u0131lan iptallerde %50 geri \u00f6deme yap\u0131l\u0131r. Tura 24 saatten az kala yap\u0131lan iptallerde iade yap\u0131lmaz. Bir tur i\u00e7in kay\u0131t yapt\u0131rd\u0131\u011f\u0131n\u0131zda, bu H\u00fck\u00fcm ve Ko\u015fullar\u0131 kabul etmi\u015f olursunuz. T\u00fcm iptaller do\u011frudan Big [&hellip;]\" \/>\n<meta property=\"og:url\" content=\"https:\/\/www.bigreddxb.com\/tr\/para-iadesi-ve-iptal\/\" \/>\n<meta property=\"og:site_name\" content=\"Big Red Adventure Tours\" \/>\n<meta name=\"twitter:card\" content=\"summary_large_image\" \/>\n<meta name=\"twitter:label1\" content=\"Tahmini okuma s\u00fcresi\" \/>\n\t<meta name=\"twitter:data1\" content=\"1 dakika\" \/>\n<script type=\"application\/ld+json\" class=\"yoast-schema-graph\">{\"@context\":\"https:\\\/\\\/schema.org\",\"@graph\":[{\"@type\":\"WebPage\",\"@id\":\"https:\\\/\\\/www.bigreddxb.com\\\/tr\\\/para-iadesi-ve-iptal\\\/\",\"url\":\"https:\\\/\\\/www.bigreddxb.com\\\/tr\\\/para-iadesi-ve-iptal\\\/\",\"name\":\"Para iadesi ve iptal &#8211; Big Red Adventure Tours\",\"isPartOf\":{\"@id\":\"https:\\\/\\\/www.bigreddxb.com\\\/tr\\\/#website\"},\"datePublished\":\"2022-08-28T05:29:17+00:00\",\"breadcrumb\":{\"@id\":\"https:\\\/\\\/www.bigreddxb.com\\\/tr\\\/para-iadesi-ve-iptal\\\/#breadcrumb\"},\"inLanguage\":\"tr\",\"potentialAction\":[{\"@type\":\"ReadAction\",\"target\":[\"https:\\\/\\\/www.bigreddxb.com\\\/tr\\\/para-iadesi-ve-iptal\\\/\"]}]},{\"@type\":\"BreadcrumbList\",\"@id\":\"https:\\\/\\\/www.bigreddxb.com\\\/tr\\\/para-iadesi-ve-iptal\\\/#breadcrumb\",\"itemListElement\":[{\"@type\":\"ListItem\",\"position\":1,\"name\":\"Home\",\"item\":\"https:\\\/\\\/www.bigreddxb.com\\\/tr\\\/ev\\\/\"},{\"@type\":\"ListItem\",\"position\":2,\"name\":\"Para iadesi ve iptal\"}]},{\"@type\":\"WebSite\",\"@id\":\"https:\\\/\\\/www.bigreddxb.com\\\/tr\\\/#website\",\"url\":\"https:\\\/\\\/www.bigreddxb.com\\\/tr\\\/\",\"name\":\"Big Red Adventure Tours\",\"description\":\"Buggy Tours in Dubai\",\"publisher\":{\"@id\":\"https:\\\/\\\/www.bigreddxb.com\\\/tr\\\/#organization\"},\"potentialAction\":[{\"@type\":\"SearchAction\",\"target\":{\"@type\":\"EntryPoint\",\"urlTemplate\":\"https:\\\/\\\/www.bigreddxb.com\\\/tr\\\/?s={search_term_string}\"},\"query-input\":{\"@type\":\"PropertyValueSpecification\",\"valueRequired\":true,\"valueName\":\"search_term_string\"}}],\"inLanguage\":\"tr\"},{\"@type\":\"Organization\",\"@id\":\"https:\\\/\\\/www.bigreddxb.com\\\/tr\\\/#organization\",\"name\":\"Big Red Adventure Tours\",\"url\":\"https:\\\/\\\/www.bigreddxb.com\\\/tr\\\/\",\"logo\":{\"@type\":\"ImageObject\",\"inLanguage\":\"tr\",\"@id\":\"https:\\\/\\\/www.bigreddxb.com\\\/tr\\\/#\\\/schema\\\/logo\\\/image\\\/\",\"url\":\"https:\\\/\\\/www.bigreddxb.com\\\/wp-content\\\/uploads\\\/2022\\\/09\\\/Can-am-buggy-tours-bigreddxb.jpg\",\"contentUrl\":\"https:\\\/\\\/www.bigreddxb.com\\\/wp-content\\\/uploads\\\/2022\\\/09\\\/Can-am-buggy-tours-bigreddxb.jpg\",\"width\":384,\"height\":256,\"caption\":\"Big Red Adventure Tours\"},\"image\":{\"@id\":\"https:\\\/\\\/www.bigreddxb.com\\\/tr\\\/#\\\/schema\\\/logo\\\/image\\\/\"},\"sameAs\":[\"https:\\\/\\\/www.instagram.com\\\/bigreddxb\\\/\"]}]}<\/script>\n<!-- \/ Yoast SEO Premium plugin. -->","yoast_head_json":{"title":"Para iadesi ve iptal &#8211; Big Red Adventure Tours","robots":{"index":"index","follow":"follow","max-snippet":"max-snippet:-1","max-image-preview":"max-image-preview:large","max-video-preview":"max-video-preview:-1"},"canonical":"https:\/\/www.bigreddxb.com\/tr\/para-iadesi-ve-iptal\/","og_locale":"tr_TR","og_type":"article","og_title":"Para iadesi ve iptal","og_description":"Geri \u00d6deme Politikas\u0131 Tur tarih ve saatinden 48 saat \u00f6ncesine kadar rezervasyonunuzu tam geri \u00f6deme i\u00e7in iptal etme talebinde bulunabilirsiniz. Turdan 24-48 saat \u00f6nce yap\u0131lan iptallerde %50 geri \u00f6deme yap\u0131l\u0131r. Tura 24 saatten az kala yap\u0131lan iptallerde iade yap\u0131lmaz. Bir tur i\u00e7in kay\u0131t yapt\u0131rd\u0131\u011f\u0131n\u0131zda, bu H\u00fck\u00fcm ve Ko\u015fullar\u0131 kabul etmi\u015f olursunuz. T\u00fcm iptaller do\u011frudan Big [&hellip;]","og_url":"https:\/\/www.bigreddxb.com\/tr\/para-iadesi-ve-iptal\/","og_site_name":"Big Red Adventure Tours","twitter_card":"summary_large_image","twitter_misc":{"Tahmini okuma s\u00fcresi":"1 dakika"},"schema":{"@context":"https:\/\/schema.org","@graph":[{"@type":"WebPage","@id":"https:\/\/www.bigreddxb.com\/tr\/para-iadesi-ve-iptal\/","url":"https:\/\/www.bigreddxb.com\/tr\/para-iadesi-ve-iptal\/","name":"Para iadesi ve iptal &#8211; Big Red Adventure Tours","isPartOf":{"@id":"https:\/\/www.bigreddxb.com\/tr\/#website"},"datePublished":"2022-08-28T05:29:17+00:00","breadcrumb":{"@id":"https:\/\/www.bigreddxb.com\/tr\/para-iadesi-ve-iptal\/#breadcrumb"},"inLanguage":"tr","potentialAction":[{"@type":"ReadAction","target":["https:\/\/www.bigreddxb.com\/tr\/para-iadesi-ve-iptal\/"]}]},{"@type":"BreadcrumbList","@id":"https:\/\/www.bigreddxb.com\/tr\/para-iadesi-ve-iptal\/#breadcrumb","itemListElement":[{"@type":"ListItem","position":1,"name":"Home","item":"https:\/\/www.bigreddxb.com\/tr\/ev\/"},{"@type":"ListItem","position":2,"name":"Para iadesi ve iptal"}]},{"@type":"WebSite","@id":"https:\/\/www.bigreddxb.com\/tr\/#website","url":"https:\/\/www.bigreddxb.com\/tr\/","name":"Big Red Adventure Tours","description":"Buggy Tours in Dubai","publisher":{"@id":"https:\/\/www.bigreddxb.com\/tr\/#organization"},"potentialAction":[{"@type":"SearchAction","target":{"@type":"EntryPoint","urlTemplate":"https:\/\/www.bigreddxb.com\/tr\/?s={search_term_string}"},"query-input":{"@type":"PropertyValueSpecification","valueRequired":true,"valueName":"search_term_string"}}],"inLanguage":"tr"},{"@type":"Organization","@id":"https:\/\/www.bigreddxb.com\/tr\/#organization","name":"Big Red Adventure Tours","url":"https:\/\/www.bigreddxb.com\/tr\/","logo":{"@type":"ImageObject","inLanguage":"tr","@id":"https:\/\/www.bigreddxb.com\/tr\/#\/schema\/logo\/image\/","url":"https:\/\/www.bigreddxb.com\/wp-content\/uploads\/2022\/09\/Can-am-buggy-tours-bigreddxb.jpg","contentUrl":"https:\/\/www.bigreddxb.com\/wp-content\/uploads\/2022\/09\/Can-am-buggy-tours-bigreddxb.jpg","width":384,"height":256,"caption":"Big Red Adventure Tours"},"image":{"@id":"https:\/\/www.bigreddxb.com\/tr\/#\/schema\/logo\/image\/"},"sameAs":["https:\/\/www.instagram.com\/bigreddxb\/"]}]}},"_links":{"self":[{"href":"https:\/\/www.bigreddxb.com\/tr\/wp-json\/wp\/v2\/pages\/11364","targetHints":{"allow":["GET"]}}],"collection":[{"href":"https:\/\/www.bigreddxb.com\/tr\/wp-json\/wp\/v2\/pages"}],"about":[{"href":"https:\/\/www.bigreddxb.com\/tr\/wp-json\/wp\/v2\/types\/page"}],"author":[{"embeddable":true,"href":"https:\/\/www.bigreddxb.com\/tr\/wp-json\/wp\/v2\/users\/1"}],"replies":[{"embeddable":true,"href":"https:\/\/www.bigreddxb.com\/tr\/wp-json\/wp\/v2\/comments?post=11364"}],"version-history":[{"count":0,"href":"https:\/\/www.bigreddxb.com\/tr\/wp-json\/wp\/v2\/pages\/11364\/revisions"}],"wp:attachment":[{"href":"https:\/\/www.bigreddxb.com\/tr\/wp-json\/wp\/v2\/media?parent=11364"}],"curies":[{"name":"wp","href":"https:\/\/api.w.org\/{rel}","templated":true}]}}